{"id":5611,"date":"2018-07-21T06:57:53","date_gmt":"2018-07-21T03:57:53","guid":{"rendered":"https:\/\/www.nizampide.com\/yemeklerimiz\/kategorilenmemis\/meyveli-sutlac\/"},"modified":"2024-01-13T12:02:40","modified_gmt":"2024-01-13T09:02:40","slug":"fruity-rice-pudding","status":"publish","type":"product","link":"https:\/\/www.nizampide.com\/en\/yemeklerimiz\/rice-puddings\/fruity-rice-pudding\/","title":{"rendered":"Fruity Rice Pudding"},"content":{"rendered":"<h3><strong>Fruity Rice Pudding<\/strong><\/h3>\n<p>When Nizam merges with the famous Fruity and Rice Pudding, a wonderful Fruity Rice Pudding emerges. We provide milk from the local producers on a daily basis to our dairy farmers. As we continuously follow our supply chain, all the materials to be used in our products are supplied as first class. Thus, our customers have been able to find the same rice pudding taste in Nizam Pide branches for 40 years. The fresh milk supplied for the pills of Nizam Pide is boiled and contains only rice and sugar. The fruit puddles where no other additives are found are filled with natural pots made of earth after a certain degree of skillful ingenuity has been achieved. Then, a special stone oven heated with wood fire is driven. Fruity Rice Pudding is prepared so you will never forget the smell and taste.<\/p>\n<p>For our customers who prefer to eat rice pudding with a little more fresh fruit instead of plain, we were able to reveal the product of fruity rice pudding. Fruits are usually made using banana, strawberry, kiwi or the freshest fruits of that season and the nutritious value of the dessert is increased by filling the famous hazelnuts. For 40 years, Nizam Pide has been offering all its products to our customers with plenty of ingredients, and our very delicious puddings are at the same time satisfying.<\/p>\n<p>Our branches are open every day of the week, including Istiklal Street, Galatasaray and Harbiye. We look forward to welcoming you with our smile-faced staff and delicious tastes. All of our branches are spacious.<\/p>\n<p>Apart from these, valuable customers who want to order package service can use our internet site. You can easily make your payment with our credit card in the next step by adding Fruity Rice Pudding or other desired products. Customers who do not want to use a credit card can use the payment option at the home. Our package service network covers only Beyo\u011flu, Taksim, Dolmabah\u00e7e, Karakoy, Kabata\u015f, \u015ei\u015fhane, Kas\u0131mpa\u015fa, Kurtulu\u015f, Ni\u015fanta\u015f\u0131, Be\u015fikta\u015f regions.<\/p>\n<p><span style=\"font-size: xx-small; color: #b2292e;\"><strong>All Rights Reserved. Copyright\u00a0\u00a9 Nizam Pide &#038; S\u00fctla\u00e7<\/strong><\/span><br \/>\n<span style=\"font-size: xx-small;\">Using, copying, reproduction and publication of the  photographs of productions other than the information of Nizam Pide &#038; S\u00fctlac are prohibited. To whom do unauthorized copying or duplication. Legal action will be taken in line with the rights recognized in the Turkish Republic Constitution.<\/span><\/p>\n","protected":false},"excerpt":{"rendered":"<p>We add Black Sea hazelnuts, bananas, strawberries, kiwi and other seasonal fruits on the Rice Pudding in a wood oven, and a wonderful rice pudding comes out. The fruity rice pudding that emerges as a fresh flavor will provide you with a great meal.<br \/>\n<img loading=\"lazy\" decoding=\"async\" class=\"alignnone size-full wp-image-4858\" src=\"https:\/\/www.nizampide.com\/wp-content\/uploads\/2018\/08\/nizam-pide-s\u00fctla\u00e7-turkish-meals-simge.png\" alt=\"Turkish Meals - Madonna Lily Hygiene Certificate\" width=\"255\" height=\"170\" \/><\/p>\n","protected":false},"featured_media":5234,"comment_status":"open","ping_status":"closed","template":"","meta":[],"product_cat":[125],"product_tag":[122,126,124,127,128,123,129],"yoast_head":"<!-- This site is optimized with the Yoast SEO plugin v22.0 - https:\/\/yoast.com\/wordpress\/plugins\/seo\/ -->\n<title>Fruity Rice Pudding - Nizam Pide &amp; S\u00fctla\u00e7 | Turkish Meals<\/title>\n<meta name=\"description\" content=\"When Nizam merges with the famous Fruity and Rice Pudding, a wonderful fruity rice pudding emerges. Nizam Pita &amp; Rice Pudding - Turkish Meals\" \/>\n<meta name=\"robots\" content=\"index, follow, max-snippet:-1, max-image-preview:large, max-video-preview:-1\" \/>\n<link rel=\"canonical\" href=\"https:\/\/www.nizampide.com\/yemeklerimiz\/sutlac\/meyveli-sutlac\/\" \/>\n<meta property=\"og:locale\" content=\"en_US\" \/>\n<meta property=\"og:type\" content=\"article\" \/>\n<meta property=\"og:title\" content=\"Fruity Rice Pudding - Nizam Pide &amp; S\u00fctla\u00e7 | Turkish Meals\" \/>\n<meta property=\"og:description\" content=\"When Nizam merges with the famous Fruity and Rice Pudding, a wonderful fruity rice pudding emerges. Nizam Pita &amp; Rice Pudding - Turkish Meals\" \/>\n<meta property=\"og:url\" content=\"https:\/\/www.nizampide.com\/yemeklerimiz\/sutlac\/meyveli-sutlac\/\" \/>\n<meta property=\"og:site_name\" content=\"Nizam Pide &amp; S\u00fctla\u00e7\" \/>\n<meta property=\"article:modified_time\" content=\"2024-01-13T09:02:40+00:00\" \/>\n<meta property=\"og:image\" content=\"https:\/\/www.nizampide.com\/wp-content\/uploads\/2018\/07\/meyveli-f\u0131r\u0131n-s\u00fctla\u00e7-nizam-pide-beyo\u011flu-harbiye-istiklal-caddesi-hamsik\u00f6y-s\u00fctlac\u0131.jpg\" \/>\n\t<meta property=\"og:image:width\" content=\"600\" \/>\n\t<meta property=\"og:image:height\" content=\"600\" \/>\n\t<meta property=\"og:image:type\" content=\"image\/jpeg\" \/>\n<meta name=\"twitter:card\" content=\"summary_large_image\" \/>\n<meta name=\"twitter:label1\" content=\"Est. reading time\" \/>\n\t<meta name=\"twitter:data1\" content=\"2 minutes\" \/>\n<script type=\"application\/ld+json\" class=\"yoast-schema-graph\">{\"@context\":\"https:\/\/schema.org\",\"@graph\":[{\"@type\":\"WebPage\",\"@id\":\"https:\/\/www.nizampide.com\/yemeklerimiz\/sutlac\/meyveli-sutlac\/\",\"url\":\"https:\/\/www.nizampide.com\/yemeklerimiz\/sutlac\/meyveli-sutlac\/\",\"name\":\"Fruity Rice Pudding - Nizam Pide &amp; S\u00fctla\u00e7 | Turkish Meals\",\"isPartOf\":{\"@id\":\"https:\/\/www.nizampide.com\/#website\"},\"datePublished\":\"2018-07-21T03:57:53+00:00\",\"dateModified\":\"2024-01-13T09:02:40+00:00\",\"description\":\"When Nizam merges with the famous Fruity and Rice Pudding, a wonderful fruity rice pudding emerges. Nizam Pita & Rice Pudding - Turkish Meals\",\"breadcrumb\":{\"@id\":\"https:\/\/www.nizampide.com\/yemeklerimiz\/sutlac\/meyveli-sutlac\/#breadcrumb\"},\"inLanguage\":\"en-US\",\"potentialAction\":[{\"@type\":\"ReadAction\",\"target\":[\"https:\/\/www.nizampide.com\/yemeklerimiz\/sutlac\/meyveli-sutlac\/\"]}]},{\"@type\":\"BreadcrumbList\",\"@id\":\"https:\/\/www.nizampide.com\/yemeklerimiz\/sutlac\/meyveli-sutlac\/#breadcrumb\",\"itemListElement\":[{\"@type\":\"ListItem\",\"position\":1,\"name\":\"Ana sayfa\",\"item\":\"https:\/\/www.nizampide.com\/\"},{\"@type\":\"ListItem\",\"position\":2,\"name\":\"Yemeklerimiz\",\"item\":\"https:\/\/www.nizampide.com\/yemeklerimiz\/\"},{\"@type\":\"ListItem\",\"position\":3,\"name\":\"Fruity Rice Pudding\"}]},{\"@type\":\"WebSite\",\"@id\":\"https:\/\/www.nizampide.com\/#website\",\"url\":\"https:\/\/www.nizampide.com\/\",\"name\":\"Nizam Pide &amp; S\u00fctla\u00e7\",\"description\":\"T\u00fcrkiye&#039;nin \u0130lk Tescilli Pidecisi\",\"potentialAction\":[{\"@type\":\"SearchAction\",\"target\":{\"@type\":\"EntryPoint\",\"urlTemplate\":\"https:\/\/www.nizampide.com\/?s={search_term_string}\"},\"query-input\":\"required name=search_term_string\"}],\"inLanguage\":\"en-US\"}]}<\/script>\n<!-- \/ Yoast SEO plugin. -->","yoast_head_json":{"title":"Fruity Rice Pudding - Nizam Pide &amp; S\u00fctla\u00e7 | Turkish Meals","description":"When Nizam merges with the famous Fruity and Rice Pudding, a wonderful fruity rice pudding emerges. Nizam Pita & Rice Pudding - Turkish Meals","robots":{"index":"index","follow":"follow","max-snippet":"max-snippet:-1","max-image-preview":"max-image-preview:large","max-video-preview":"max-video-preview:-1"},"canonical":"https:\/\/www.nizampide.com\/yemeklerimiz\/sutlac\/meyveli-sutlac\/","og_locale":"en_US","og_type":"article","og_title":"Fruity Rice Pudding - Nizam Pide &amp; S\u00fctla\u00e7 | Turkish Meals","og_description":"When Nizam merges with the famous Fruity and Rice Pudding, a wonderful fruity rice pudding emerges. Nizam Pita & Rice Pudding - Turkish Meals","og_url":"https:\/\/www.nizampide.com\/yemeklerimiz\/sutlac\/meyveli-sutlac\/","og_site_name":"Nizam Pide &amp; S\u00fctla\u00e7","article_modified_time":"2024-01-13T09:02:40+00:00","og_image":[{"width":600,"height":600,"url":"https:\/\/www.nizampide.com\/wp-content\/uploads\/2018\/07\/meyveli-f\u0131r\u0131n-s\u00fctla\u00e7-nizam-pide-beyo\u011flu-harbiye-istiklal-caddesi-hamsik\u00f6y-s\u00fctlac\u0131.jpg","type":"image\/jpeg"}],"twitter_card":"summary_large_image","twitter_misc":{"Est. reading time":"2 minutes"},"schema":{"@context":"https:\/\/schema.org","@graph":[{"@type":"WebPage","@id":"https:\/\/www.nizampide.com\/yemeklerimiz\/sutlac\/meyveli-sutlac\/","url":"https:\/\/www.nizampide.com\/yemeklerimiz\/sutlac\/meyveli-sutlac\/","name":"Fruity Rice Pudding - Nizam Pide &amp; S\u00fctla\u00e7 | Turkish Meals","isPartOf":{"@id":"https:\/\/www.nizampide.com\/#website"},"datePublished":"2018-07-21T03:57:53+00:00","dateModified":"2024-01-13T09:02:40+00:00","description":"When Nizam merges with the famous Fruity and Rice Pudding, a wonderful fruity rice pudding emerges. Nizam Pita & Rice Pudding - Turkish Meals","breadcrumb":{"@id":"https:\/\/www.nizampide.com\/yemeklerimiz\/sutlac\/meyveli-sutlac\/#breadcrumb"},"inLanguage":"en-US","potentialAction":[{"@type":"ReadAction","target":["https:\/\/www.nizampide.com\/yemeklerimiz\/sutlac\/meyveli-sutlac\/"]}]},{"@type":"BreadcrumbList","@id":"https:\/\/www.nizampide.com\/yemeklerimiz\/sutlac\/meyveli-sutlac\/#breadcrumb","itemListElement":[{"@type":"ListItem","position":1,"name":"Ana sayfa","item":"https:\/\/www.nizampide.com\/"},{"@type":"ListItem","position":2,"name":"Yemeklerimiz","item":"https:\/\/www.nizampide.com\/yemeklerimiz\/"},{"@type":"ListItem","position":3,"name":"Fruity Rice Pudding"}]},{"@type":"WebSite","@id":"https:\/\/www.nizampide.com\/#website","url":"https:\/\/www.nizampide.com\/","name":"Nizam Pide &amp; S\u00fctla\u00e7","description":"T\u00fcrkiye&#039;nin \u0130lk Tescilli Pidecisi","potentialAction":[{"@type":"SearchAction","target":{"@type":"EntryPoint","urlTemplate":"https:\/\/www.nizampide.com\/?s={search_term_string}"},"query-input":"required name=search_term_string"}],"inLanguage":"en-US"}]}},"_links":{"self":[{"href":"https:\/\/www.nizampide.com\/en\/wp-json\/wp\/v2\/product\/5611"}],"collection":[{"href":"https:\/\/www.nizampide.com\/en\/wp-json\/wp\/v2\/product"}],"about":[{"href":"https:\/\/www.nizampide.com\/en\/wp-json\/wp\/v2\/types\/product"}],"replies":[{"embeddable":true,"href":"https:\/\/www.nizampide.com\/en\/wp-json\/wp\/v2\/comments?post=5611"}],"wp:featuredmedia":[{"embeddable":true,"href":"https:\/\/www.nizampide.com\/en\/wp-json\/wp\/v2\/media\/5234"}],"wp:attachment":[{"href":"https:\/\/www.nizampide.com\/en\/wp-json\/wp\/v2\/media?parent=5611"}],"wp:term":[{"taxonomy":"product_cat","embeddable":true,"href":"https:\/\/www.nizampide.com\/en\/wp-json\/wp\/v2\/product_cat?post=5611"},{"taxonomy":"product_tag","embeddable":true,"href":"https:\/\/www.nizampide.com\/en\/wp-json\/wp\/v2\/product_tag?post=5611"}],"curies":[{"name":"wp","href":"https:\/\/api.w.org\/{rel}","templated":true}]}}