{"id":5634,"date":"2018-07-21T06:56:21","date_gmt":"2018-07-21T03:56:21","guid":{"rendered":"https:\/\/www.nizampide.com\/yemeklerimiz\/kategorilenmemis\/dondurmali-sutlac\/"},"modified":"2024-11-06T05:11:27","modified_gmt":"2024-11-06T02:11:27","slug":"rice-pudding-with-ice-cream","status":"publish","type":"product","link":"https:\/\/www.nizampide.com\/en\/yemeklerimiz\/rice-puddings\/rice-pudding-with-ice-cream\/","title":{"rendered":"Rice Pudding With Ice Cream"},"content":{"rendered":"<h3><strong>Rice Pudding With Ice Cream<\/strong><\/h3>\n<p>We combine ice cream, which is the most preferred food of the summer months, with our special product, milk, and offer a taste that everyone likes. The materials used are totally organic so it is a blessing for our customers who are looking for quality in local flavors. As Nizam Pide, we have not ruined our taste for 40 years. The secret is that we always use first class materials. We are proud of providing the best products to our customers for many years since we have been under strict supervision of our suppliers.<\/p>\n<p>The milk used as an additive in the ice cream is taken from the best producers every day. Milk is used freshest. Then, in these hygiene-winning Nizam Pide kitchens, only the rice and sugar are added into these milks. In the hands of our talented craftsmen, this mixture is the most suitable consistency without adding any additives. This healing resource is poured into the coarse soil pots. The historic stone furnace is already ready with the heat of the woods, and the puddles that have been poured into the pots are put into this wood fire. In order to reach the full flavor, we will serve our customers after waiting 24 hours in a cool environment.<\/p>\n<p>Rice puddings are served with 100% Mara\u015f ice cream when their service is ready. According to the season, a few fruits are placed on the ice cream pudding. Turkey&#8217;s first registered pita maker, Nizam Pide, has a 3 branch in Istanbul. You can come to our branches with your crowded family and friends groups and you can choose one of these delicious ice-cream puddings or dozens of different kinds of kebab, pita, and sweet products. We are waiting for you every day of the week to present the best food of Turkish cuisine with our gourmet staff and local gourmet delicacies.<\/p>\n<p><span style=\"font-size: xx-small; color: #b2292e;\"><strong>All Rights Reserved. Copyright\u00a0\u00a9 Nizam Pide &#038; S\u00fctla\u00e7<\/strong><\/span><br \/>\n<span style=\"font-size: xx-small;\">Using, copying, reproduction and publication of the  photographs of productions other than the information of Nizam Pide &#038; S\u00fctlac are prohibited. To whom do unauthorized copying or duplication. Legal action will be taken in line with the rights recognized in the Turkish Republic Constitution.<\/span><\/p>\n","protected":false},"excerpt":{"rendered":"<p>Are you ready to meet the indispensable flavor of summer days? Milk, that is made with organic and fresh milk, which is not an artificial additive substance, combines with organic ice cream and gives you a refreshing taste.<br \/>\n<img loading=\"lazy\" decoding=\"async\" class=\"alignnone size-full wp-image-4858\" src=\"https:\/\/www.nizampide.com\/wp-content\/uploads\/2018\/08\/nizam-pide-s\u00fctla\u00e7-turkish-meals-simge.png\" alt=\"Turkish Meals - Madonna Lily Hygiene Certificate\" width=\"255\" height=\"170\" \/><\/p>\n","protected":false},"featured_media":5222,"comment_status":"open","ping_status":"closed","template":"","meta":[],"product_cat":[125],"product_tag":[122,126,127,128,123,129],"yoast_head":"<!-- This site is optimized with the Yoast SEO plugin v22.0 - https:\/\/yoast.com\/wordpress\/plugins\/seo\/ -->\n<title>Rice Pudding with Ice Cream<\/title>\n<meta name=\"description\" content=\"Nizam&#039;s famous rice pudding with ice cream. We combine ice cream, which is the most preferred food of the summer months, with our special product, milk...\" \/>\n<meta name=\"robots\" content=\"index, follow, max-snippet:-1, max-image-preview:large, max-video-preview:-1\" \/>\n<link rel=\"canonical\" href=\"https:\/\/www.nizampide.com\/yemeklerimiz\/sutlac\/dondurmali-sutlac\/\" \/>\n<meta property=\"og:locale\" content=\"en_US\" \/>\n<meta property=\"og:type\" content=\"article\" \/>\n<meta property=\"og:title\" content=\"Rice Pudding with Ice Cream\" \/>\n<meta property=\"og:description\" content=\"Nizam&#039;s famous rice pudding with ice cream. We combine ice cream, which is the most preferred food of the summer months, with our special product, milk...\" \/>\n<meta property=\"og:url\" content=\"https:\/\/www.nizampide.com\/yemeklerimiz\/sutlac\/dondurmali-sutlac\/\" \/>\n<meta property=\"og:site_name\" content=\"Nizam Pide &amp; S\u00fctla\u00e7\" \/>\n<meta property=\"article:modified_time\" content=\"2024-11-06T02:11:27+00:00\" \/>\n<meta property=\"og:image\" content=\"https:\/\/www.nizampide.com\/wp-content\/uploads\/2018\/07\/dondurmal\u0131-f\u0131r\u0131n-s\u00fctla\u00e7-nizam-pide-beyo\u011flu-harbiye-istiklal-caddesi-hamsik\u00f6y-s\u00fctlac\u0131.jpg\" \/>\n\t<meta property=\"og:image:width\" content=\"600\" \/>\n\t<meta property=\"og:image:height\" content=\"600\" \/>\n\t<meta property=\"og:image:type\" content=\"image\/jpeg\" \/>\n<meta name=\"twitter:card\" content=\"summary_large_image\" \/>\n<meta name=\"twitter:label1\" content=\"Est. reading time\" \/>\n\t<meta name=\"twitter:data1\" content=\"2 minutes\" \/>\n<script type=\"application\/ld+json\" class=\"yoast-schema-graph\">{\"@context\":\"https:\/\/schema.org\",\"@graph\":[{\"@type\":\"WebPage\",\"@id\":\"https:\/\/www.nizampide.com\/yemeklerimiz\/sutlac\/dondurmali-sutlac\/\",\"url\":\"https:\/\/www.nizampide.com\/yemeklerimiz\/sutlac\/dondurmali-sutlac\/\",\"name\":\"Rice Pudding with Ice Cream\",\"isPartOf\":{\"@id\":\"https:\/\/www.nizampide.com\/#website\"},\"datePublished\":\"2018-07-21T03:56:21+00:00\",\"dateModified\":\"2024-11-06T02:11:27+00:00\",\"description\":\"Nizam's famous rice pudding with ice cream. We combine ice cream, which is the most preferred food of the summer months, with our special product, milk...\",\"breadcrumb\":{\"@id\":\"https:\/\/www.nizampide.com\/yemeklerimiz\/sutlac\/dondurmali-sutlac\/#breadcrumb\"},\"inLanguage\":\"en-US\",\"potentialAction\":[{\"@type\":\"ReadAction\",\"target\":[\"https:\/\/www.nizampide.com\/yemeklerimiz\/sutlac\/dondurmali-sutlac\/\"]}]},{\"@type\":\"BreadcrumbList\",\"@id\":\"https:\/\/www.nizampide.com\/yemeklerimiz\/sutlac\/dondurmali-sutlac\/#breadcrumb\",\"itemListElement\":[{\"@type\":\"ListItem\",\"position\":1,\"name\":\"Ana sayfa\",\"item\":\"https:\/\/www.nizampide.com\/\"},{\"@type\":\"ListItem\",\"position\":2,\"name\":\"Yemeklerimiz\",\"item\":\"https:\/\/www.nizampide.com\/yemeklerimiz\/\"},{\"@type\":\"ListItem\",\"position\":3,\"name\":\"Rice Pudding With Ice Cream\"}]},{\"@type\":\"WebSite\",\"@id\":\"https:\/\/www.nizampide.com\/#website\",\"url\":\"https:\/\/www.nizampide.com\/\",\"name\":\"Nizam Pide &amp; S\u00fctla\u00e7\",\"description\":\"T\u00fcrkiye&#039;nin \u0130lk Tescilli Pidecisi\",\"potentialAction\":[{\"@type\":\"SearchAction\",\"target\":{\"@type\":\"EntryPoint\",\"urlTemplate\":\"https:\/\/www.nizampide.com\/?s={search_term_string}\"},\"query-input\":\"required name=search_term_string\"}],\"inLanguage\":\"en-US\"}]}<\/script>\n<!-- \/ Yoast SEO plugin. -->","yoast_head_json":{"title":"Rice Pudding with Ice Cream","description":"Nizam's famous rice pudding with ice cream. We combine ice cream, which is the most preferred food of the summer months, with our special product, milk...","robots":{"index":"index","follow":"follow","max-snippet":"max-snippet:-1","max-image-preview":"max-image-preview:large","max-video-preview":"max-video-preview:-1"},"canonical":"https:\/\/www.nizampide.com\/yemeklerimiz\/sutlac\/dondurmali-sutlac\/","og_locale":"en_US","og_type":"article","og_title":"Rice Pudding with Ice Cream","og_description":"Nizam's famous rice pudding with ice cream. We combine ice cream, which is the most preferred food of the summer months, with our special product, milk...","og_url":"https:\/\/www.nizampide.com\/yemeklerimiz\/sutlac\/dondurmali-sutlac\/","og_site_name":"Nizam Pide &amp; S\u00fctla\u00e7","article_modified_time":"2024-11-06T02:11:27+00:00","og_image":[{"width":600,"height":600,"url":"https:\/\/www.nizampide.com\/wp-content\/uploads\/2018\/07\/dondurmal\u0131-f\u0131r\u0131n-s\u00fctla\u00e7-nizam-pide-beyo\u011flu-harbiye-istiklal-caddesi-hamsik\u00f6y-s\u00fctlac\u0131.jpg","type":"image\/jpeg"}],"twitter_card":"summary_large_image","twitter_misc":{"Est. reading time":"2 minutes"},"schema":{"@context":"https:\/\/schema.org","@graph":[{"@type":"WebPage","@id":"https:\/\/www.nizampide.com\/yemeklerimiz\/sutlac\/dondurmali-sutlac\/","url":"https:\/\/www.nizampide.com\/yemeklerimiz\/sutlac\/dondurmali-sutlac\/","name":"Rice Pudding with Ice Cream","isPartOf":{"@id":"https:\/\/www.nizampide.com\/#website"},"datePublished":"2018-07-21T03:56:21+00:00","dateModified":"2024-11-06T02:11:27+00:00","description":"Nizam's famous rice pudding with ice cream. We combine ice cream, which is the most preferred food of the summer months, with our special product, milk...","breadcrumb":{"@id":"https:\/\/www.nizampide.com\/yemeklerimiz\/sutlac\/dondurmali-sutlac\/#breadcrumb"},"inLanguage":"en-US","potentialAction":[{"@type":"ReadAction","target":["https:\/\/www.nizampide.com\/yemeklerimiz\/sutlac\/dondurmali-sutlac\/"]}]},{"@type":"BreadcrumbList","@id":"https:\/\/www.nizampide.com\/yemeklerimiz\/sutlac\/dondurmali-sutlac\/#breadcrumb","itemListElement":[{"@type":"ListItem","position":1,"name":"Ana sayfa","item":"https:\/\/www.nizampide.com\/"},{"@type":"ListItem","position":2,"name":"Yemeklerimiz","item":"https:\/\/www.nizampide.com\/yemeklerimiz\/"},{"@type":"ListItem","position":3,"name":"Rice Pudding With Ice Cream"}]},{"@type":"WebSite","@id":"https:\/\/www.nizampide.com\/#website","url":"https:\/\/www.nizampide.com\/","name":"Nizam Pide &amp; S\u00fctla\u00e7","description":"T\u00fcrkiye&#039;nin \u0130lk Tescilli Pidecisi","potentialAction":[{"@type":"SearchAction","target":{"@type":"EntryPoint","urlTemplate":"https:\/\/www.nizampide.com\/?s={search_term_string}"},"query-input":"required name=search_term_string"}],"inLanguage":"en-US"}]}},"_links":{"self":[{"href":"https:\/\/www.nizampide.com\/en\/wp-json\/wp\/v2\/product\/5634"}],"collection":[{"href":"https:\/\/www.nizampide.com\/en\/wp-json\/wp\/v2\/product"}],"about":[{"href":"https:\/\/www.nizampide.com\/en\/wp-json\/wp\/v2\/types\/product"}],"replies":[{"embeddable":true,"href":"https:\/\/www.nizampide.com\/en\/wp-json\/wp\/v2\/comments?post=5634"}],"wp:featuredmedia":[{"embeddable":true,"href":"https:\/\/www.nizampide.com\/en\/wp-json\/wp\/v2\/media\/5222"}],"wp:attachment":[{"href":"https:\/\/www.nizampide.com\/en\/wp-json\/wp\/v2\/media?parent=5634"}],"wp:term":[{"taxonomy":"product_cat","embeddable":true,"href":"https:\/\/www.nizampide.com\/en\/wp-json\/wp\/v2\/product_cat?post=5634"},{"taxonomy":"product_tag","embeddable":true,"href":"https:\/\/www.nizampide.com\/en\/wp-json\/wp\/v2\/product_tag?post=5634"}],"curies":[{"name":"wp","href":"https:\/\/api.w.org\/{rel}","templated":true}]}}