{"id":5639,"date":"2018-07-21T06:54:10","date_gmt":"2018-07-21T03:54:10","guid":{"rendered":"https:\/\/www.nizampide.com\/yemeklerimiz\/kategorilenmemis\/atom-sutlac\/"},"modified":"2021-10-07T17:31:38","modified_gmt":"2021-10-07T14:31:38","slug":"atomic-rice-pudding","status":"publish","type":"product","link":"https:\/\/www.nizampide.com\/en\/yemeklerimiz\/rice-puddings\/atomic-rice-pudding\/","title":{"rendered":"Atomic Rice Pudding"},"content":{"rendered":"<h3><strong>Atomic Rice Pudding<\/strong><\/h3>\n<p>Known as Turkey\u2019s famous pita creator Nizam Pide, first began its career with the rice pudding production. Rice puddings, one of the most important delicacies of Turkish culture, has been produced with great care for 40 years and presented to our customers. There are a lot of people comes to Turkey from many different areas to the Nizam Pide branch are want to taste the rice pudding. We owe the quality of our milk to our talented craftsmen and first-class quality materials we use.<\/p>\n<p>As the name implies, Atom Rice Pudding is a product that gives energy to the consuming person. Inside there are the wonderful rice pudding, various materials on it. Our dairy products are always fresh and daily, we never use old milk or the obsolete material for production of our puddings. All our products are organic and always buy from local producers. We never use packaged roducts.<\/p>\n<p>Daily fresh milk is boiled in hygienic conditions and rice and sugar are added to it without adding any additives. Once thoroughly mixed, it is baked until the top is baked in our historic oven, which is heated with wood, poured into the soil jars, which are completely organic. The poultices left to rest for 24 hours are then served to our customers.<\/p>\n<p>Atomic rice pudding is a complete source of energy and allows you to stay very lively for a long time. You can eat before meals or you can eat alone. As Nizam Pide, we use plenty of materials at the same time as we use high quality materials in all of our products, Atomic rice pudding will give you more than enough.<\/p>\n<p>Our Atom Rice Pudding product can be consumed in our spacious places and family environment by coming to Istiklal Street, Harbiye and Galatasaray branches.<\/p>\n<p><span style=\"font-size: xx-small; color: #b2292e;\"><strong>All Rights Reserved. Copyright\u00a0\u00a9 Nizam Pide &#038; S\u00fctla\u00e7<\/strong><\/span><br \/>\n<span style=\"font-size: xx-small;\">Using, copying, reproduction and publication of the  photographs of productions other than the information of Nizam Pide &#038; S\u00fctlac are prohibited. To whom do unauthorized copying or duplication. Legal action will be taken in line with the rights recognized in the Turkish Republic Constitution.<\/span><\/p>\n","protected":false},"excerpt":{"rendered":"<p>This pudding, which is a magnificent dessert and a work of art by itself, is a complete source of energy with Black Sea hazelnuts, dried fruits, honey, bananas and Turkish delight. For years, we offer you the best rice pudding rice pudding Turkey and atom is the best of them.<br \/>\n<img loading=\"lazy\" decoding=\"async\" class=\"alignnone size-full wp-image-4858\" src=\"https:\/\/www.nizampide.com\/wp-content\/uploads\/2018\/08\/nizam-pide-s\u00fctla\u00e7-turkish-meals-simge.png\" alt=\"Turkish Meals - Madonna Lily Hygiene Certificate\" width=\"255\" height=\"170\" \/><\/p>\n","protected":false},"featured_media":5218,"comment_status":"open","ping_status":"closed","template":"","meta":[],"product_cat":[125],"product_tag":[122,126,127,128,123,129],"yoast_head":"<!-- This site is optimized with the Yoast SEO plugin v22.0 - https:\/\/yoast.com\/wordpress\/plugins\/seo\/ -->\n<title>Atomic Rice Pudding<\/title>\n<meta name=\"description\" content=\"Nizam&#039;s famous atomic rice pudding. As the name implies, Atom Rice Pudding is a product that gives energy to the consuming person.\" \/>\n<meta name=\"robots\" content=\"index, follow, max-snippet:-1, max-image-preview:large, max-video-preview:-1\" \/>\n<link rel=\"canonical\" href=\"https:\/\/www.nizampide.com\/yemeklerimiz\/sutlac\/atom-sutlac\/\" \/>\n<meta property=\"og:locale\" content=\"en_US\" \/>\n<meta property=\"og:type\" content=\"article\" \/>\n<meta property=\"og:title\" content=\"Atomic Rice Pudding\" \/>\n<meta property=\"og:description\" content=\"Nizam&#039;s famous atomic rice pudding. As the name implies, Atom Rice Pudding is a product that gives energy to the consuming person.\" \/>\n<meta property=\"og:url\" content=\"https:\/\/www.nizampide.com\/yemeklerimiz\/sutlac\/atom-sutlac\/\" \/>\n<meta property=\"og:site_name\" content=\"Nizam Pide &amp; S\u00fctla\u00e7\" \/>\n<meta property=\"article:modified_time\" content=\"2021-10-07T14:31:38+00:00\" \/>\n<meta property=\"og:image\" content=\"https:\/\/www.nizampide.com\/wp-content\/uploads\/2018\/07\/atom-f\u0131r\u0131n-s\u00fctla\u00e7-nizam-pide-beyo\u011flu-harbiye-istiklal-caddesi-hamsik\u00f6y-s\u00fctlac\u0131.jpg\" \/>\n\t<meta property=\"og:image:width\" content=\"600\" \/>\n\t<meta property=\"og:image:height\" content=\"600\" \/>\n\t<meta property=\"og:image:type\" content=\"image\/jpeg\" \/>\n<meta name=\"twitter:card\" content=\"summary_large_image\" \/>\n<meta name=\"twitter:label1\" content=\"Est. reading time\" \/>\n\t<meta name=\"twitter:data1\" content=\"2 minutes\" \/>\n<script type=\"application\/ld+json\" class=\"yoast-schema-graph\">{\"@context\":\"https:\/\/schema.org\",\"@graph\":[{\"@type\":\"WebPage\",\"@id\":\"https:\/\/www.nizampide.com\/yemeklerimiz\/sutlac\/atom-sutlac\/\",\"url\":\"https:\/\/www.nizampide.com\/yemeklerimiz\/sutlac\/atom-sutlac\/\",\"name\":\"Atomic Rice Pudding\",\"isPartOf\":{\"@id\":\"https:\/\/www.nizampide.com\/#website\"},\"datePublished\":\"2018-07-21T03:54:10+00:00\",\"dateModified\":\"2021-10-07T14:31:38+00:00\",\"description\":\"Nizam's famous atomic rice pudding. As the name implies, Atom Rice Pudding is a product that gives energy to the consuming person.\",\"breadcrumb\":{\"@id\":\"https:\/\/www.nizampide.com\/yemeklerimiz\/sutlac\/atom-sutlac\/#breadcrumb\"},\"inLanguage\":\"en-US\",\"potentialAction\":[{\"@type\":\"ReadAction\",\"target\":[\"https:\/\/www.nizampide.com\/yemeklerimiz\/sutlac\/atom-sutlac\/\"]}]},{\"@type\":\"BreadcrumbList\",\"@id\":\"https:\/\/www.nizampide.com\/yemeklerimiz\/sutlac\/atom-sutlac\/#breadcrumb\",\"itemListElement\":[{\"@type\":\"ListItem\",\"position\":1,\"name\":\"Ana sayfa\",\"item\":\"https:\/\/www.nizampide.com\/\"},{\"@type\":\"ListItem\",\"position\":2,\"name\":\"Yemeklerimiz\",\"item\":\"https:\/\/www.nizampide.com\/yemeklerimiz\/\"},{\"@type\":\"ListItem\",\"position\":3,\"name\":\"Atomic Rice Pudding\"}]},{\"@type\":\"WebSite\",\"@id\":\"https:\/\/www.nizampide.com\/#website\",\"url\":\"https:\/\/www.nizampide.com\/\",\"name\":\"Nizam Pide &amp; S\u00fctla\u00e7\",\"description\":\"T\u00fcrkiye&#039;nin \u0130lk Tescilli Pidecisi\",\"potentialAction\":[{\"@type\":\"SearchAction\",\"target\":{\"@type\":\"EntryPoint\",\"urlTemplate\":\"https:\/\/www.nizampide.com\/?s={search_term_string}\"},\"query-input\":\"required name=search_term_string\"}],\"inLanguage\":\"en-US\"}]}<\/script>\n<!-- \/ Yoast SEO plugin. -->","yoast_head_json":{"title":"Atomic Rice Pudding","description":"Nizam's famous atomic rice pudding. As the name implies, Atom Rice Pudding is a product that gives energy to the consuming person.","robots":{"index":"index","follow":"follow","max-snippet":"max-snippet:-1","max-image-preview":"max-image-preview:large","max-video-preview":"max-video-preview:-1"},"canonical":"https:\/\/www.nizampide.com\/yemeklerimiz\/sutlac\/atom-sutlac\/","og_locale":"en_US","og_type":"article","og_title":"Atomic Rice Pudding","og_description":"Nizam's famous atomic rice pudding. As the name implies, Atom Rice Pudding is a product that gives energy to the consuming person.","og_url":"https:\/\/www.nizampide.com\/yemeklerimiz\/sutlac\/atom-sutlac\/","og_site_name":"Nizam Pide &amp; S\u00fctla\u00e7","article_modified_time":"2021-10-07T14:31:38+00:00","og_image":[{"width":600,"height":600,"url":"https:\/\/www.nizampide.com\/wp-content\/uploads\/2018\/07\/atom-f\u0131r\u0131n-s\u00fctla\u00e7-nizam-pide-beyo\u011flu-harbiye-istiklal-caddesi-hamsik\u00f6y-s\u00fctlac\u0131.jpg","type":"image\/jpeg"}],"twitter_card":"summary_large_image","twitter_misc":{"Est. reading time":"2 minutes"},"schema":{"@context":"https:\/\/schema.org","@graph":[{"@type":"WebPage","@id":"https:\/\/www.nizampide.com\/yemeklerimiz\/sutlac\/atom-sutlac\/","url":"https:\/\/www.nizampide.com\/yemeklerimiz\/sutlac\/atom-sutlac\/","name":"Atomic Rice Pudding","isPartOf":{"@id":"https:\/\/www.nizampide.com\/#website"},"datePublished":"2018-07-21T03:54:10+00:00","dateModified":"2021-10-07T14:31:38+00:00","description":"Nizam's famous atomic rice pudding. As the name implies, Atom Rice Pudding is a product that gives energy to the consuming person.","breadcrumb":{"@id":"https:\/\/www.nizampide.com\/yemeklerimiz\/sutlac\/atom-sutlac\/#breadcrumb"},"inLanguage":"en-US","potentialAction":[{"@type":"ReadAction","target":["https:\/\/www.nizampide.com\/yemeklerimiz\/sutlac\/atom-sutlac\/"]}]},{"@type":"BreadcrumbList","@id":"https:\/\/www.nizampide.com\/yemeklerimiz\/sutlac\/atom-sutlac\/#breadcrumb","itemListElement":[{"@type":"ListItem","position":1,"name":"Ana sayfa","item":"https:\/\/www.nizampide.com\/"},{"@type":"ListItem","position":2,"name":"Yemeklerimiz","item":"https:\/\/www.nizampide.com\/yemeklerimiz\/"},{"@type":"ListItem","position":3,"name":"Atomic Rice Pudding"}]},{"@type":"WebSite","@id":"https:\/\/www.nizampide.com\/#website","url":"https:\/\/www.nizampide.com\/","name":"Nizam Pide &amp; S\u00fctla\u00e7","description":"T\u00fcrkiye&#039;nin \u0130lk Tescilli Pidecisi","potentialAction":[{"@type":"SearchAction","target":{"@type":"EntryPoint","urlTemplate":"https:\/\/www.nizampide.com\/?s={search_term_string}"},"query-input":"required name=search_term_string"}],"inLanguage":"en-US"}]}},"_links":{"self":[{"href":"https:\/\/www.nizampide.com\/en\/wp-json\/wp\/v2\/product\/5639"}],"collection":[{"href":"https:\/\/www.nizampide.com\/en\/wp-json\/wp\/v2\/product"}],"about":[{"href":"https:\/\/www.nizampide.com\/en\/wp-json\/wp\/v2\/types\/product"}],"replies":[{"embeddable":true,"href":"https:\/\/www.nizampide.com\/en\/wp-json\/wp\/v2\/comments?post=5639"}],"wp:featuredmedia":[{"embeddable":true,"href":"https:\/\/www.nizampide.com\/en\/wp-json\/wp\/v2\/media\/5218"}],"wp:attachment":[{"href":"https:\/\/www.nizampide.com\/en\/wp-json\/wp\/v2\/media?parent=5639"}],"wp:term":[{"taxonomy":"product_cat","embeddable":true,"href":"https:\/\/www.nizampide.com\/en\/wp-json\/wp\/v2\/product_cat?post=5639"},{"taxonomy":"product_tag","embeddable":true,"href":"https:\/\/www.nizampide.com\/en\/wp-json\/wp\/v2\/product_tag?post=5639"}],"curies":[{"name":"wp","href":"https:\/\/api.w.org\/{rel}","templated":true}]}}