{"id":5643,"date":"2018-07-21T06:51:09","date_gmt":"2018-07-21T03:51:09","guid":{"rendered":"https:\/\/www.nizampide.com\/yemeklerimiz\/kategorilenmemis\/kuru-uzumlu-findikli-sutlac\/"},"modified":"2024-10-17T20:24:27","modified_gmt":"2024-10-17T17:24:27","slug":"rice-pudding-with-raisin-and-hazelnut","status":"publish","type":"product","link":"https:\/\/www.nizampide.com\/en\/yemeklerimiz\/rice-puddings\/rice-pudding-with-raisin-and-hazelnut\/","title":{"rendered":"Rice Pudding with Raisin and Hazelnut"},"content":{"rendered":"<h3><strong>Rice Pudding with Raisin and Hazelnut<\/strong><\/h3>\n<p>Turkey&#8217;s first official pita maker Nizam Pide, produces rice pudding for 40 years. Even before we started making pita, you could see the rice puddings of us for years before. Nizam Pide, one of the oldest and best representatives of rice puddings in Istanbul, uses organic and fresh flavors in all its products and continues to produce without compromising its standards. You can come to one of the Nizam Pide branches and enjoy one of our wonderful desserts such as Rice Pudding with Raisin and Hazelnut.<\/p>\n<p>While preparing our famous Rice Pudding with Raisin and Hazelnuts; we may say that most important materials of this rice pudding are supplied from the best producers. Daily and freshly prepared milk is prepared in Nizam Pide&#8217;s hygiene-winning kitchens. There are no other additives from these three materials that enter into other puddles. Mixtures are discharged to the pottery produced from the soil, then sent to the stone fireplace by wood fire. Thus, the entire process is naturally processed. This natural process, of course, is also reflected in the taste of Rice Pudding with Raisin and Hazelnut. The rice pudding from the flour is rested for 1 day to be worthy of our customers mouth. Before serving, plenty of Black Sea nuts and plenty of raisins are added to them. We are waiting for you to try our Rice Pudding with Raisin and Hazelnut product which is a complete energy store.<\/p>\n<p>Our valuable customers who want to taste our desserts like Rice Pudding with Raisin and Hazelnut with our different pita and kebab products may be guests to our branches located at 3 different centers of Istanbul. All of our branches are spacious and spacious spaces. We are waiting for you every day on our Istiklal Street, Galatasaray and Harbiye branches with our gourmet face staff and dry grapes like Rice Pudding with Raisin and Hazelnut.<\/p>\n<p>You can give your orders through our website or by calling our phone numbers within minutes. For now, our package service network covers only Beyo\u011flu, Taksim, Dolmabah\u00e7e, Karak\u00f6y, Kabata\u015f, \u015ei\u015fhane, Kas\u0131mpa\u015fa, Kurtulu\u015f, Ni\u015fanta\u015f\u0131, Be\u015fikta\u015f regions and your orders are delivered to you in hygienic conditions.<\/p>\n<p><span style=\"font-size: xx-small; color: #b2292e;\"><strong>All Rights Reserved. Copyright\u00a0\u00a9 Nizam Pide &#038; S\u00fctla\u00e7<\/strong><\/span><br \/>\n<span style=\"font-size: xx-small;\">Using, copying, reproduction and publication of the  photographs of productions other than the information of Nizam Pide &#038; S\u00fctlac are prohibited. To whom do unauthorized copying or duplication. Legal action will be taken in line with the rights recognized in the Turkish Republic Constitution.<\/span><\/p>\n","protected":false},"excerpt":{"rendered":"<p>The famous raisin oven rice pudding cooked in wood fire is a magnificent dessert with Giresun hazelnut and raisins on it. For those who want to have a rich meal while at the same time wanting to taste the flavor.<br \/>\n<img loading=\"lazy\" decoding=\"async\" class=\"alignnone size-full wp-image-4858\" src=\"https:\/\/www.nizampide.com\/wp-content\/uploads\/2018\/08\/nizam-pide-s\u00fctla\u00e7-turkish-meals-simge.png\" alt=\"Turkish Meals - Madonna Lily Hygiene Certificate\" width=\"255\" height=\"170\" \/><\/p>\n","protected":false},"featured_media":5226,"comment_status":"open","ping_status":"closed","template":"","meta":[],"product_cat":[125],"product_tag":[122,126,127,128,123,129],"yoast_head":"<!-- This site is optimized with the Yoast SEO plugin v22.0 - https:\/\/yoast.com\/wordpress\/plugins\/seo\/ -->\n<title>Rice Pudding with Raisin and Hazelnut<\/title>\n<meta name=\"description\" content=\"While preparing our famous rice pudding with raisin and hazelnut; we may say that most important materials of this rice pudding are supplied...\" \/>\n<meta name=\"robots\" content=\"index, follow, max-snippet:-1, max-image-preview:large, max-video-preview:-1\" \/>\n<link rel=\"canonical\" href=\"https:\/\/www.nizampide.com\/yemeklerimiz\/sutlac\/kuru-uzumlu-findikli-sutlac\/\" \/>\n<meta property=\"og:locale\" content=\"en_US\" \/>\n<meta property=\"og:type\" content=\"article\" \/>\n<meta property=\"og:title\" content=\"Rice Pudding with Raisin and Hazelnut\" \/>\n<meta property=\"og:description\" content=\"While preparing our famous rice pudding with raisin and hazelnut; we may say that most important materials of this rice pudding are supplied...\" \/>\n<meta property=\"og:url\" content=\"https:\/\/www.nizampide.com\/yemeklerimiz\/sutlac\/kuru-uzumlu-findikli-sutlac\/\" \/>\n<meta property=\"og:site_name\" content=\"Nizam Pide &amp; S\u00fctla\u00e7\" \/>\n<meta property=\"article:modified_time\" content=\"2024-10-17T17:24:27+00:00\" \/>\n<meta property=\"og:image\" content=\"https:\/\/www.nizampide.com\/wp-content\/uploads\/2018\/07\/f\u0131nd\u0131kl\u0131-kuru-\u00fcz\u00fcml\u00fc-f\u0131r\u0131n-s\u00fctla\u00e7-nizam-pide-beyo\u011flu-harbiye-istiklal-caddesi-hamsik\u00f6y-s\u00fctlac\u0131.jpg\" \/>\n\t<meta property=\"og:image:width\" content=\"600\" \/>\n\t<meta property=\"og:image:height\" content=\"600\" \/>\n\t<meta property=\"og:image:type\" content=\"image\/jpeg\" \/>\n<meta name=\"twitter:card\" content=\"summary_large_image\" \/>\n<meta name=\"twitter:label1\" content=\"Est. reading time\" \/>\n\t<meta name=\"twitter:data1\" content=\"2 minutes\" \/>\n<script type=\"application\/ld+json\" class=\"yoast-schema-graph\">{\"@context\":\"https:\/\/schema.org\",\"@graph\":[{\"@type\":\"WebPage\",\"@id\":\"https:\/\/www.nizampide.com\/yemeklerimiz\/sutlac\/kuru-uzumlu-findikli-sutlac\/\",\"url\":\"https:\/\/www.nizampide.com\/yemeklerimiz\/sutlac\/kuru-uzumlu-findikli-sutlac\/\",\"name\":\"Rice Pudding with Raisin and Hazelnut\",\"isPartOf\":{\"@id\":\"https:\/\/www.nizampide.com\/#website\"},\"datePublished\":\"2018-07-21T03:51:09+00:00\",\"dateModified\":\"2024-10-17T17:24:27+00:00\",\"description\":\"While preparing our famous rice pudding with raisin and hazelnut; we may say that most important materials of this rice pudding are supplied...\",\"breadcrumb\":{\"@id\":\"https:\/\/www.nizampide.com\/yemeklerimiz\/sutlac\/kuru-uzumlu-findikli-sutlac\/#breadcrumb\"},\"inLanguage\":\"en-US\",\"potentialAction\":[{\"@type\":\"ReadAction\",\"target\":[\"https:\/\/www.nizampide.com\/yemeklerimiz\/sutlac\/kuru-uzumlu-findikli-sutlac\/\"]}]},{\"@type\":\"BreadcrumbList\",\"@id\":\"https:\/\/www.nizampide.com\/yemeklerimiz\/sutlac\/kuru-uzumlu-findikli-sutlac\/#breadcrumb\",\"itemListElement\":[{\"@type\":\"ListItem\",\"position\":1,\"name\":\"Ana sayfa\",\"item\":\"https:\/\/www.nizampide.com\/\"},{\"@type\":\"ListItem\",\"position\":2,\"name\":\"Yemeklerimiz\",\"item\":\"https:\/\/www.nizampide.com\/yemeklerimiz\/\"},{\"@type\":\"ListItem\",\"position\":3,\"name\":\"Rice Pudding with Raisin and Hazelnut\"}]},{\"@type\":\"WebSite\",\"@id\":\"https:\/\/www.nizampide.com\/#website\",\"url\":\"https:\/\/www.nizampide.com\/\",\"name\":\"Nizam Pide &amp; S\u00fctla\u00e7\",\"description\":\"T\u00fcrkiye&#039;nin \u0130lk Tescilli Pidecisi\",\"potentialAction\":[{\"@type\":\"SearchAction\",\"target\":{\"@type\":\"EntryPoint\",\"urlTemplate\":\"https:\/\/www.nizampide.com\/?s={search_term_string}\"},\"query-input\":\"required name=search_term_string\"}],\"inLanguage\":\"en-US\"}]}<\/script>\n<!-- \/ Yoast SEO plugin. -->","yoast_head_json":{"title":"Rice Pudding with Raisin and Hazelnut","description":"While preparing our famous rice pudding with raisin and hazelnut; we may say that most important materials of this rice pudding are supplied...","robots":{"index":"index","follow":"follow","max-snippet":"max-snippet:-1","max-image-preview":"max-image-preview:large","max-video-preview":"max-video-preview:-1"},"canonical":"https:\/\/www.nizampide.com\/yemeklerimiz\/sutlac\/kuru-uzumlu-findikli-sutlac\/","og_locale":"en_US","og_type":"article","og_title":"Rice Pudding with Raisin and Hazelnut","og_description":"While preparing our famous rice pudding with raisin and hazelnut; we may say that most important materials of this rice pudding are supplied...","og_url":"https:\/\/www.nizampide.com\/yemeklerimiz\/sutlac\/kuru-uzumlu-findikli-sutlac\/","og_site_name":"Nizam Pide &amp; S\u00fctla\u00e7","article_modified_time":"2024-10-17T17:24:27+00:00","og_image":[{"width":600,"height":600,"url":"https:\/\/www.nizampide.com\/wp-content\/uploads\/2018\/07\/f\u0131nd\u0131kl\u0131-kuru-\u00fcz\u00fcml\u00fc-f\u0131r\u0131n-s\u00fctla\u00e7-nizam-pide-beyo\u011flu-harbiye-istiklal-caddesi-hamsik\u00f6y-s\u00fctlac\u0131.jpg","type":"image\/jpeg"}],"twitter_card":"summary_large_image","twitter_misc":{"Est. reading time":"2 minutes"},"schema":{"@context":"https:\/\/schema.org","@graph":[{"@type":"WebPage","@id":"https:\/\/www.nizampide.com\/yemeklerimiz\/sutlac\/kuru-uzumlu-findikli-sutlac\/","url":"https:\/\/www.nizampide.com\/yemeklerimiz\/sutlac\/kuru-uzumlu-findikli-sutlac\/","name":"Rice Pudding with Raisin and Hazelnut","isPartOf":{"@id":"https:\/\/www.nizampide.com\/#website"},"datePublished":"2018-07-21T03:51:09+00:00","dateModified":"2024-10-17T17:24:27+00:00","description":"While preparing our famous rice pudding with raisin and hazelnut; we may say that most important materials of this rice pudding are supplied...","breadcrumb":{"@id":"https:\/\/www.nizampide.com\/yemeklerimiz\/sutlac\/kuru-uzumlu-findikli-sutlac\/#breadcrumb"},"inLanguage":"en-US","potentialAction":[{"@type":"ReadAction","target":["https:\/\/www.nizampide.com\/yemeklerimiz\/sutlac\/kuru-uzumlu-findikli-sutlac\/"]}]},{"@type":"BreadcrumbList","@id":"https:\/\/www.nizampide.com\/yemeklerimiz\/sutlac\/kuru-uzumlu-findikli-sutlac\/#breadcrumb","itemListElement":[{"@type":"ListItem","position":1,"name":"Ana sayfa","item":"https:\/\/www.nizampide.com\/"},{"@type":"ListItem","position":2,"name":"Yemeklerimiz","item":"https:\/\/www.nizampide.com\/yemeklerimiz\/"},{"@type":"ListItem","position":3,"name":"Rice Pudding with Raisin and Hazelnut"}]},{"@type":"WebSite","@id":"https:\/\/www.nizampide.com\/#website","url":"https:\/\/www.nizampide.com\/","name":"Nizam Pide &amp; S\u00fctla\u00e7","description":"T\u00fcrkiye&#039;nin \u0130lk Tescilli Pidecisi","potentialAction":[{"@type":"SearchAction","target":{"@type":"EntryPoint","urlTemplate":"https:\/\/www.nizampide.com\/?s={search_term_string}"},"query-input":"required name=search_term_string"}],"inLanguage":"en-US"}]}},"_links":{"self":[{"href":"https:\/\/www.nizampide.com\/en\/wp-json\/wp\/v2\/product\/5643"}],"collection":[{"href":"https:\/\/www.nizampide.com\/en\/wp-json\/wp\/v2\/product"}],"about":[{"href":"https:\/\/www.nizampide.com\/en\/wp-json\/wp\/v2\/types\/product"}],"replies":[{"embeddable":true,"href":"https:\/\/www.nizampide.com\/en\/wp-json\/wp\/v2\/comments?post=5643"}],"wp:featuredmedia":[{"embeddable":true,"href":"https:\/\/www.nizampide.com\/en\/wp-json\/wp\/v2\/media\/5226"}],"wp:attachment":[{"href":"https:\/\/www.nizampide.com\/en\/wp-json\/wp\/v2\/media?parent=5643"}],"wp:term":[{"taxonomy":"product_cat","embeddable":true,"href":"https:\/\/www.nizampide.com\/en\/wp-json\/wp\/v2\/product_cat?post=5643"},{"taxonomy":"product_tag","embeddable":true,"href":"https:\/\/www.nizampide.com\/en\/wp-json\/wp\/v2\/product_tag?post=5643"}],"curies":[{"name":"wp","href":"https:\/\/api.w.org\/{rel}","templated":true}]}}