{"id":5645,"date":"2018-07-21T06:49:19","date_gmt":"2018-07-21T03:49:19","guid":{"rendered":"https:\/\/www.nizampide.com\/yemeklerimiz\/kategorilenmemis\/muzlu-findikli-sutlac\/"},"modified":"2021-10-07T17:31:59","modified_gmt":"2021-10-07T14:31:59","slug":"banana-hazelnut-rice-pudding","status":"publish","type":"product","link":"https:\/\/www.nizampide.com\/en\/yemeklerimiz\/rice-puddings\/banana-hazelnut-rice-pudding\/","title":{"rendered":"Banana Hazelnut Rice Pudding"},"content":{"rendered":"<h3><strong>Banana Hazelnut Rice Pudding<\/strong><\/h3>\n<p>Serving its customers in Istanbul for half a century, Nizam Pide entered service sector with Banana Hazelnut Rice Puddings for the first time. For this reason, we have been offering these valuable puddings, which have earned the reputation of Nizam Pide, for 40 years with the same dedication to our customers. All our rice pudding is made from fresh milk daily, and all the ingredients to be used are supplied from the best producers like these milk. Fresh milk is supplied daily and then only rice and sugar are added. You can safely eat these puddles, which do not contain any additives, on your children. In order to bring the required flour of our floury hazelnut, we cook the mixture in our special stone oven which is filled with the pottery made from the soil and heated with wood fire. Our baked rice pudding is finally removed from the oven after the molasses has been removed. The rice pudding from the flour is left for 1 day and then it is served to our customers by adding plenty of Black Sea region, especially Giresun nuts and plenty of bananas on them to take the status of Banana Hazelnut Rice Puddings<\/p>\n<p>The reason why all these tastes have been the same for 40 years is the Class 1 quality materials we use. It is the biggest payday for us to be able to see the smile of the faces of our regular customers every time.<\/p>\n<p>We have restaurants in 3 central districts of Istanbul. Our venues are quite wide and fall for your family as well as your crowd of friends. If you want to eat Banana Hazelnut Rice Puddings every day of the week you can be a guest at any time. <\/p>\n<p>You can tell us all about our Banana Hazelnut Rice Puddings product and all other products in your package order. All you need to do is to go through the order using our internet site or phone numbers. Banana Hazelnut Rice Puddings product is brought hygienically with special protective packaging.  Beyoglu, Taksim, Dolmabah\u00e7e, Karakoy, Kabatas, \u015ei\u015fhane, Kas\u0131mpa\u015fa, Kurtulu\u015f, Ni\u015fanta\u015f\u0131 and Be\u015fikta\u015f regions are available.<\/p>\n<p><span style=\"font-size: xx-small; color: #b2292e;\"><strong>All Rights Reserved. Copyright\u00a0\u00a9 Nizam Pide &#038; S\u00fctla\u00e7<\/strong><\/span><br \/>\n<span style=\"font-size: xx-small;\">Using, copying, reproduction and publication of the  photographs of productions other than the information of Nizam Pide &#038; S\u00fctlac are prohibited. To whom do unauthorized copying or duplication. Legal action will be taken in line with the rights recognized in the Turkish Republic Constitution.<\/span><\/p>\n","protected":false},"excerpt":{"rendered":"<p>Prepared with the freshest milk of Istanbul and cooked in the wood fire, the bakery is preparing the Banana Hazelnut Rice Puddings by decorating it with plenty of black nuts and bananas on the milk and we serve you our customers.<br \/>\n<img loading=\"lazy\" decoding=\"async\" class=\"alignnone size-full wp-image-4858\" src=\"https:\/\/www.nizampide.com\/wp-content\/uploads\/2018\/08\/nizam-pide-s\u00fctla\u00e7-turkish-meals-simge.png\" alt=\"Turkish Meals - Madonna Lily Hygiene Certificate\" width=\"255\" height=\"170\" \/><\/p>\n","protected":false},"featured_media":5239,"comment_status":"open","ping_status":"closed","template":"","meta":[],"product_cat":[125],"product_tag":[122,126,127,128,123,129],"yoast_head":"<!-- This site is optimized with the Yoast SEO plugin v22.0 - https:\/\/yoast.com\/wordpress\/plugins\/seo\/ -->\n<title>Banana Hazelnut Rice Pudding<\/title>\n<meta name=\"description\" content=\"You can tell us all about our Nizam&#039;s famous banana hazelnut rice pudding product and all other products in your package order.\" \/>\n<meta name=\"robots\" content=\"index, follow, max-snippet:-1, max-image-preview:large, max-video-preview:-1\" \/>\n<link rel=\"canonical\" href=\"https:\/\/www.nizampide.com\/yemeklerimiz\/sutlac\/muzlu-findikli-sutlac\/\" \/>\n<meta property=\"og:locale\" content=\"en_US\" \/>\n<meta property=\"og:type\" content=\"article\" \/>\n<meta property=\"og:title\" content=\"Banana Hazelnut Rice Pudding\" \/>\n<meta property=\"og:description\" content=\"You can tell us all about our Nizam&#039;s famous banana hazelnut rice pudding product and all other products in your package order.\" \/>\n<meta property=\"og:url\" content=\"https:\/\/www.nizampide.com\/yemeklerimiz\/sutlac\/muzlu-findikli-sutlac\/\" \/>\n<meta property=\"og:site_name\" content=\"Nizam Pide &amp; S\u00fctla\u00e7\" \/>\n<meta property=\"article:modified_time\" content=\"2021-10-07T14:31:59+00:00\" \/>\n<meta property=\"og:image\" content=\"https:\/\/www.nizampide.com\/wp-content\/uploads\/2018\/07\/muzlu-f\u0131nd\u0131kl\u0131-ball\u0131-f\u0131r\u0131n-s\u00fctla\u00e7-nizam-pide-beyo\u011flu-harbiye-istiklal-caddesi-hamsik\u00f6y-s\u00fctlac\u0131-2.jpg\" \/>\n\t<meta property=\"og:image:width\" content=\"600\" \/>\n\t<meta property=\"og:image:height\" content=\"600\" \/>\n\t<meta property=\"og:image:type\" content=\"image\/jpeg\" \/>\n<meta name=\"twitter:card\" content=\"summary_large_image\" \/>\n<meta name=\"twitter:label1\" content=\"Est. reading time\" \/>\n\t<meta name=\"twitter:data1\" content=\"2 minutes\" \/>\n<script type=\"application\/ld+json\" class=\"yoast-schema-graph\">{\"@context\":\"https:\/\/schema.org\",\"@graph\":[{\"@type\":\"WebPage\",\"@id\":\"https:\/\/www.nizampide.com\/yemeklerimiz\/sutlac\/muzlu-findikli-sutlac\/\",\"url\":\"https:\/\/www.nizampide.com\/yemeklerimiz\/sutlac\/muzlu-findikli-sutlac\/\",\"name\":\"Banana Hazelnut Rice Pudding\",\"isPartOf\":{\"@id\":\"https:\/\/www.nizampide.com\/#website\"},\"datePublished\":\"2018-07-21T03:49:19+00:00\",\"dateModified\":\"2021-10-07T14:31:59+00:00\",\"description\":\"You can tell us all about our Nizam's famous banana hazelnut rice pudding product and all other products in your package order.\",\"breadcrumb\":{\"@id\":\"https:\/\/www.nizampide.com\/yemeklerimiz\/sutlac\/muzlu-findikli-sutlac\/#breadcrumb\"},\"inLanguage\":\"en-US\",\"potentialAction\":[{\"@type\":\"ReadAction\",\"target\":[\"https:\/\/www.nizampide.com\/yemeklerimiz\/sutlac\/muzlu-findikli-sutlac\/\"]}]},{\"@type\":\"BreadcrumbList\",\"@id\":\"https:\/\/www.nizampide.com\/yemeklerimiz\/sutlac\/muzlu-findikli-sutlac\/#breadcrumb\",\"itemListElement\":[{\"@type\":\"ListItem\",\"position\":1,\"name\":\"Ana sayfa\",\"item\":\"https:\/\/www.nizampide.com\/\"},{\"@type\":\"ListItem\",\"position\":2,\"name\":\"Yemeklerimiz\",\"item\":\"https:\/\/www.nizampide.com\/yemeklerimiz\/\"},{\"@type\":\"ListItem\",\"position\":3,\"name\":\"Banana Hazelnut Rice Pudding\"}]},{\"@type\":\"WebSite\",\"@id\":\"https:\/\/www.nizampide.com\/#website\",\"url\":\"https:\/\/www.nizampide.com\/\",\"name\":\"Nizam Pide &amp; S\u00fctla\u00e7\",\"description\":\"T\u00fcrkiye&#039;nin \u0130lk Tescilli Pidecisi\",\"potentialAction\":[{\"@type\":\"SearchAction\",\"target\":{\"@type\":\"EntryPoint\",\"urlTemplate\":\"https:\/\/www.nizampide.com\/?s={search_term_string}\"},\"query-input\":\"required name=search_term_string\"}],\"inLanguage\":\"en-US\"}]}<\/script>\n<!-- \/ Yoast SEO plugin. -->","yoast_head_json":{"title":"Banana Hazelnut Rice Pudding","description":"You can tell us all about our Nizam's famous banana hazelnut rice pudding product and all other products in your package order.","robots":{"index":"index","follow":"follow","max-snippet":"max-snippet:-1","max-image-preview":"max-image-preview:large","max-video-preview":"max-video-preview:-1"},"canonical":"https:\/\/www.nizampide.com\/yemeklerimiz\/sutlac\/muzlu-findikli-sutlac\/","og_locale":"en_US","og_type":"article","og_title":"Banana Hazelnut Rice Pudding","og_description":"You can tell us all about our Nizam's famous banana hazelnut rice pudding product and all other products in your package order.","og_url":"https:\/\/www.nizampide.com\/yemeklerimiz\/sutlac\/muzlu-findikli-sutlac\/","og_site_name":"Nizam Pide &amp; S\u00fctla\u00e7","article_modified_time":"2021-10-07T14:31:59+00:00","og_image":[{"width":600,"height":600,"url":"https:\/\/www.nizampide.com\/wp-content\/uploads\/2018\/07\/muzlu-f\u0131nd\u0131kl\u0131-ball\u0131-f\u0131r\u0131n-s\u00fctla\u00e7-nizam-pide-beyo\u011flu-harbiye-istiklal-caddesi-hamsik\u00f6y-s\u00fctlac\u0131-2.jpg","type":"image\/jpeg"}],"twitter_card":"summary_large_image","twitter_misc":{"Est. reading time":"2 minutes"},"schema":{"@context":"https:\/\/schema.org","@graph":[{"@type":"WebPage","@id":"https:\/\/www.nizampide.com\/yemeklerimiz\/sutlac\/muzlu-findikli-sutlac\/","url":"https:\/\/www.nizampide.com\/yemeklerimiz\/sutlac\/muzlu-findikli-sutlac\/","name":"Banana Hazelnut Rice Pudding","isPartOf":{"@id":"https:\/\/www.nizampide.com\/#website"},"datePublished":"2018-07-21T03:49:19+00:00","dateModified":"2021-10-07T14:31:59+00:00","description":"You can tell us all about our Nizam's famous banana hazelnut rice pudding product and all other products in your package order.","breadcrumb":{"@id":"https:\/\/www.nizampide.com\/yemeklerimiz\/sutlac\/muzlu-findikli-sutlac\/#breadcrumb"},"inLanguage":"en-US","potentialAction":[{"@type":"ReadAction","target":["https:\/\/www.nizampide.com\/yemeklerimiz\/sutlac\/muzlu-findikli-sutlac\/"]}]},{"@type":"BreadcrumbList","@id":"https:\/\/www.nizampide.com\/yemeklerimiz\/sutlac\/muzlu-findikli-sutlac\/#breadcrumb","itemListElement":[{"@type":"ListItem","position":1,"name":"Ana sayfa","item":"https:\/\/www.nizampide.com\/"},{"@type":"ListItem","position":2,"name":"Yemeklerimiz","item":"https:\/\/www.nizampide.com\/yemeklerimiz\/"},{"@type":"ListItem","position":3,"name":"Banana Hazelnut Rice Pudding"}]},{"@type":"WebSite","@id":"https:\/\/www.nizampide.com\/#website","url":"https:\/\/www.nizampide.com\/","name":"Nizam Pide &amp; S\u00fctla\u00e7","description":"T\u00fcrkiye&#039;nin \u0130lk Tescilli Pidecisi","potentialAction":[{"@type":"SearchAction","target":{"@type":"EntryPoint","urlTemplate":"https:\/\/www.nizampide.com\/?s={search_term_string}"},"query-input":"required name=search_term_string"}],"inLanguage":"en-US"}]}},"_links":{"self":[{"href":"https:\/\/www.nizampide.com\/en\/wp-json\/wp\/v2\/product\/5645"}],"collection":[{"href":"https:\/\/www.nizampide.com\/en\/wp-json\/wp\/v2\/product"}],"about":[{"href":"https:\/\/www.nizampide.com\/en\/wp-json\/wp\/v2\/types\/product"}],"replies":[{"embeddable":true,"href":"https:\/\/www.nizampide.com\/en\/wp-json\/wp\/v2\/comments?post=5645"}],"wp:featuredmedia":[{"embeddable":true,"href":"https:\/\/www.nizampide.com\/en\/wp-json\/wp\/v2\/media\/5239"}],"wp:attachment":[{"href":"https:\/\/www.nizampide.com\/en\/wp-json\/wp\/v2\/media?parent=5645"}],"wp:term":[{"taxonomy":"product_cat","embeddable":true,"href":"https:\/\/www.nizampide.com\/en\/wp-json\/wp\/v2\/product_cat?post=5645"},{"taxonomy":"product_tag","embeddable":true,"href":"https:\/\/www.nizampide.com\/en\/wp-json\/wp\/v2\/product_tag?post=5645"}],"curies":[{"name":"wp","href":"https:\/\/api.w.org\/{rel}","templated":true}]}}