{"id":5648,"date":"2018-07-21T06:04:42","date_gmt":"2018-07-21T03:04:42","guid":{"rendered":"https:\/\/www.nizampide.com\/yemeklerimiz\/kategorilenmemis\/firin-sutlac\/"},"modified":"2024-08-10T00:17:46","modified_gmt":"2024-08-09T21:17:46","slug":"rice-pudding","status":"publish","type":"product","link":"https:\/\/www.nizampide.com\/en\/yemeklerimiz\/rice-puddings\/rice-pudding\/","title":{"rendered":"Rice Pudding"},"content":{"rendered":"<h3><strong>Rice Pudding<\/strong><\/h3>\n<p>Rice pudding, one of the most important delicacies of Turkish Cuisine, will be the best choice for those who love rice pudding. For years, known as  &#8220;Nizam&#8217;s famous rice pudding&#8221; the flavor, are presented Turkey&#8217;s first registered pita maker the Nizam Pide, by the appreciation of our customers for over 40 years. Our customers who always look for the taste of Oven Rice Pudding we made with the best materials are proud of us and we are the source of our motivation to do better. All of the oven rice puddings are cooked in wood fire and served according to our customers&#8217; needs.<\/p>\n<p>The daily and organic milk we buy from local producers we have been working for years is the most important ingredient that adds flavor to our milk. Milk is always taken daily and never packaged. These organic milks are boiled in boilers and only rice and sugar are added into them. This flavor, which is not an additive, enters the stone oven in the last stage. After 1 day of rest, the bakery puddles become ready for the consumption of our customers to the next day.<\/p>\n<p>As Nizam Pide, who has served thousands of customers in Istanbul for 40 years, we welcome our customers in 3 different branches today. Istiklal Street, Harbiye and Galatasaray. In our spacious chairs designed for your family, you can try our oven rice pudding and other various flavors. We expect you to be open every day of the week.<\/p>\n<p>Nizam Pide offers all the flavors to the customers as a takeaway. Our valued customers located in Beyo\u011flu, Taksim, Dolmabah\u00e7e, Karakoy, Kabatas, \u015ei\u015fhane, Kas\u0131mpa\u015fa, Kurtulu\u015f, Ni\u015fanta\u015f\u0131, Be\u015fikta\u015f regions can order packages by internet or by phone.<\/p>\n<p><span style=\"font-size: xx-small; color: #b2292e;\"><strong>All Rights Reserved. Copyright\u00a0\u00a9 Nizam Pide &#038; S\u00fctla\u00e7<\/strong><\/span><br \/>\n<span style=\"font-size: xx-small;\">Using, copying, reproduction and publication of the  photographs of productions other than the information of Nizam Pide &#038; S\u00fctlac are prohibited. To whom do unauthorized copying or duplication. Legal action will be taken in line with the rights recognized in the Turkish Republic Constitution.<\/span><\/p>\n","protected":false},"excerpt":{"rendered":"<p>Have you ever tried Nizam&#8217;s famous milky oven rice pudding? The true boiled milk is cooked in wood fire with our sweet-smelling craftsmanship, like this medicine, which contains nothing but rice and sugar. This wonderful flavor is rested for 24 hours and ready to be consumed.<br \/>\n<img loading=\"lazy\" decoding=\"async\" class=\"alignnone size-full wp-image-4858\" src=\"https:\/\/www.nizampide.com\/wp-content\/uploads\/2018\/08\/nizam-pide-s\u00fctla\u00e7-turkish-meals-simge.png\" alt=\"Turkish Meals - Madonna Lily Hygiene Certificate\" width=\"255\" height=\"170\" \/><\/p>\n","protected":false},"featured_media":5241,"comment_status":"open","ping_status":"closed","template":"","meta":[],"product_cat":[125],"product_tag":[122,126,127,128,123,129],"yoast_head":"<!-- This site is optimized with the Yoast SEO plugin v22.0 - https:\/\/yoast.com\/wordpress\/plugins\/seo\/ -->\n<title>Rice Pudding<\/title>\n<meta name=\"description\" content=\"Rice pudding, one of the most important delicacies of Turkish Cuisine, will be the best choice for those who love rice pudding.\" \/>\n<meta name=\"robots\" content=\"index, follow, max-snippet:-1, max-image-preview:large, max-video-preview:-1\" \/>\n<link rel=\"canonical\" href=\"https:\/\/www.nizampide.com\/en\/yemeklerimiz\/rice-puddings\/rice-pudding\/\" \/>\n<meta property=\"og:locale\" content=\"en_US\" \/>\n<meta property=\"og:type\" content=\"article\" \/>\n<meta property=\"og:title\" content=\"Rice Pudding\" \/>\n<meta property=\"og:description\" content=\"Rice pudding, one of the most important delicacies of Turkish Cuisine, will be the best choice for those who love rice pudding.\" \/>\n<meta property=\"og:url\" content=\"https:\/\/www.nizampide.com\/en\/yemeklerimiz\/rice-puddings\/rice-pudding\/\" \/>\n<meta property=\"og:site_name\" content=\"Nizam Pide &amp; S\u00fctla\u00e7\" \/>\n<meta property=\"article:modified_time\" content=\"2024-08-09T21:17:46+00:00\" \/>\n<meta property=\"og:image\" content=\"https:\/\/www.nizampide.com\/wp-content\/uploads\/2018\/07\/sade-f\u0131r\u0131n-s\u00fctla\u00e7-nizam-pide-beyo\u011flu-harbiye-istiklal-caddesi-hamsik\u00f6y-s\u00fctlac\u0131.jpg\" \/>\n\t<meta property=\"og:image:width\" content=\"600\" \/>\n\t<meta property=\"og:image:height\" content=\"600\" \/>\n\t<meta property=\"og:image:type\" content=\"image\/jpeg\" \/>\n<meta name=\"twitter:card\" content=\"summary_large_image\" \/>\n<meta name=\"twitter:label1\" content=\"Est. reading time\" \/>\n\t<meta name=\"twitter:data1\" content=\"2 minutes\" \/>\n<script type=\"application\/ld+json\" class=\"yoast-schema-graph\">{\"@context\":\"https:\/\/schema.org\",\"@graph\":[{\"@type\":\"WebPage\",\"@id\":\"https:\/\/www.nizampide.com\/en\/yemeklerimiz\/rice-puddings\/rice-pudding\/\",\"url\":\"https:\/\/www.nizampide.com\/en\/yemeklerimiz\/rice-puddings\/rice-pudding\/\",\"name\":\"Rice Pudding\",\"isPartOf\":{\"@id\":\"https:\/\/www.nizampide.com\/#website\"},\"datePublished\":\"2018-07-21T03:04:42+00:00\",\"dateModified\":\"2024-08-09T21:17:46+00:00\",\"description\":\"Rice pudding, one of the most important delicacies of Turkish Cuisine, will be the best choice for those who love rice pudding.\",\"breadcrumb\":{\"@id\":\"https:\/\/www.nizampide.com\/en\/yemeklerimiz\/rice-puddings\/rice-pudding\/#breadcrumb\"},\"inLanguage\":\"en-US\",\"potentialAction\":[{\"@type\":\"ReadAction\",\"target\":[\"https:\/\/www.nizampide.com\/en\/yemeklerimiz\/rice-puddings\/rice-pudding\/\"]}]},{\"@type\":\"BreadcrumbList\",\"@id\":\"https:\/\/www.nizampide.com\/en\/yemeklerimiz\/rice-puddings\/rice-pudding\/#breadcrumb\",\"itemListElement\":[{\"@type\":\"ListItem\",\"position\":1,\"name\":\"Ana sayfa\",\"item\":\"https:\/\/www.nizampide.com\/\"},{\"@type\":\"ListItem\",\"position\":2,\"name\":\"Yemeklerimiz\",\"item\":\"https:\/\/www.nizampide.com\/yemeklerimiz\/\"},{\"@type\":\"ListItem\",\"position\":3,\"name\":\"Rice Pudding\"}]},{\"@type\":\"WebSite\",\"@id\":\"https:\/\/www.nizampide.com\/#website\",\"url\":\"https:\/\/www.nizampide.com\/\",\"name\":\"Nizam Pide &amp; S\u00fctla\u00e7\",\"description\":\"T\u00fcrkiye&#039;nin \u0130lk Tescilli Pidecisi\",\"potentialAction\":[{\"@type\":\"SearchAction\",\"target\":{\"@type\":\"EntryPoint\",\"urlTemplate\":\"https:\/\/www.nizampide.com\/?s={search_term_string}\"},\"query-input\":\"required name=search_term_string\"}],\"inLanguage\":\"en-US\"}]}<\/script>\n<!-- \/ Yoast SEO plugin. -->","yoast_head_json":{"title":"Rice Pudding","description":"Rice pudding, one of the most important delicacies of Turkish Cuisine, will be the best choice for those who love rice pudding.","robots":{"index":"index","follow":"follow","max-snippet":"max-snippet:-1","max-image-preview":"max-image-preview:large","max-video-preview":"max-video-preview:-1"},"canonical":"https:\/\/www.nizampide.com\/en\/yemeklerimiz\/rice-puddings\/rice-pudding\/","og_locale":"en_US","og_type":"article","og_title":"Rice Pudding","og_description":"Rice pudding, one of the most important delicacies of Turkish Cuisine, will be the best choice for those who love rice pudding.","og_url":"https:\/\/www.nizampide.com\/en\/yemeklerimiz\/rice-puddings\/rice-pudding\/","og_site_name":"Nizam Pide &amp; S\u00fctla\u00e7","article_modified_time":"2024-08-09T21:17:46+00:00","og_image":[{"width":600,"height":600,"url":"https:\/\/www.nizampide.com\/wp-content\/uploads\/2018\/07\/sade-f\u0131r\u0131n-s\u00fctla\u00e7-nizam-pide-beyo\u011flu-harbiye-istiklal-caddesi-hamsik\u00f6y-s\u00fctlac\u0131.jpg","type":"image\/jpeg"}],"twitter_card":"summary_large_image","twitter_misc":{"Est. reading time":"2 minutes"},"schema":{"@context":"https:\/\/schema.org","@graph":[{"@type":"WebPage","@id":"https:\/\/www.nizampide.com\/en\/yemeklerimiz\/rice-puddings\/rice-pudding\/","url":"https:\/\/www.nizampide.com\/en\/yemeklerimiz\/rice-puddings\/rice-pudding\/","name":"Rice Pudding","isPartOf":{"@id":"https:\/\/www.nizampide.com\/#website"},"datePublished":"2018-07-21T03:04:42+00:00","dateModified":"2024-08-09T21:17:46+00:00","description":"Rice pudding, one of the most important delicacies of Turkish Cuisine, will be the best choice for those who love rice pudding.","breadcrumb":{"@id":"https:\/\/www.nizampide.com\/en\/yemeklerimiz\/rice-puddings\/rice-pudding\/#breadcrumb"},"inLanguage":"en-US","potentialAction":[{"@type":"ReadAction","target":["https:\/\/www.nizampide.com\/en\/yemeklerimiz\/rice-puddings\/rice-pudding\/"]}]},{"@type":"BreadcrumbList","@id":"https:\/\/www.nizampide.com\/en\/yemeklerimiz\/rice-puddings\/rice-pudding\/#breadcrumb","itemListElement":[{"@type":"ListItem","position":1,"name":"Ana sayfa","item":"https:\/\/www.nizampide.com\/"},{"@type":"ListItem","position":2,"name":"Yemeklerimiz","item":"https:\/\/www.nizampide.com\/yemeklerimiz\/"},{"@type":"ListItem","position":3,"name":"Rice Pudding"}]},{"@type":"WebSite","@id":"https:\/\/www.nizampide.com\/#website","url":"https:\/\/www.nizampide.com\/","name":"Nizam Pide &amp; S\u00fctla\u00e7","description":"T\u00fcrkiye&#039;nin \u0130lk Tescilli Pidecisi","potentialAction":[{"@type":"SearchAction","target":{"@type":"EntryPoint","urlTemplate":"https:\/\/www.nizampide.com\/?s={search_term_string}"},"query-input":"required name=search_term_string"}],"inLanguage":"en-US"}]}},"_links":{"self":[{"href":"https:\/\/www.nizampide.com\/en\/wp-json\/wp\/v2\/product\/5648"}],"collection":[{"href":"https:\/\/www.nizampide.com\/en\/wp-json\/wp\/v2\/product"}],"about":[{"href":"https:\/\/www.nizampide.com\/en\/wp-json\/wp\/v2\/types\/product"}],"replies":[{"embeddable":true,"href":"https:\/\/www.nizampide.com\/en\/wp-json\/wp\/v2\/comments?post=5648"}],"wp:featuredmedia":[{"embeddable":true,"href":"https:\/\/www.nizampide.com\/en\/wp-json\/wp\/v2\/media\/5241"}],"wp:attachment":[{"href":"https:\/\/www.nizampide.com\/en\/wp-json\/wp\/v2\/media?parent=5648"}],"wp:term":[{"taxonomy":"product_cat","embeddable":true,"href":"https:\/\/www.nizampide.com\/en\/wp-json\/wp\/v2\/product_cat?post=5648"},{"taxonomy":"product_tag","embeddable":true,"href":"https:\/\/www.nizampide.com\/en\/wp-json\/wp\/v2\/product_tag?post=5648"}],"curies":[{"name":"wp","href":"https:\/\/api.w.org\/{rel}","templated":true}]}}