{"id":5656,"date":"2018-07-12T13:32:35","date_gmt":"2018-07-12T10:32:35","guid":{"rendered":"https:\/\/www.nizampide.com\/yemeklerimiz\/kategorilenmemis\/special-kebap\/"},"modified":"2021-10-07T17:32:34","modified_gmt":"2021-10-07T14:32:34","slug":"special-kebab","status":"publish","type":"product","link":"https:\/\/www.nizampide.com\/en\/yemeklerimiz\/kebabs\/special-kebab\/","title":{"rendered":"Special Kebab"},"content":{"rendered":"<h3><strong>Special Kebab<\/strong><\/h3>\n<p>Nizam Pide, which brings innovations to the mixed kebab grill, prepares each of its products according to its own region. Wings, urfa, adana, lamb skewers, chicken skewers are served with sumacs onion, bulgur pilaf, roasted pepper and roasted tomatoes. As Nizam Pide, as in all our products, we also use abundant materials in Special Kebap. It is a very special kind of kebab, as can be understood from the name of the special kebab, which is quite satisfying even for 1 portion. <\/p>\n<p>It is a mixed grill that we think is suitable for those who want to taste very little but not every taste. Normally, the price of mixed grilles is high, but we care about customer satisfaction, and we decided to be customer friendly at this point.<\/p>\n<p>The main reason why the kebabs in Nizam Pide, which is the meeting point of local flavors and gourmet meals, are so tasty and which are constantly consumed by their attendants, is that we are very careful in the procurement process. We have a supply chain that we carefully select our suppliers to spice up beside our lamb and veal meats. We always work with the best local producers to get first class quality products.<\/p>\n<p>One of the most important things that add so much flavor to our kebabs is our skillful craftsmen. These kebabs, which come from the hands of our talented craftsmen who master their food in every way, are almost in love. All our meats are kept soft in our sauces at least 1 day in advance and made soft like cotton. <\/p>\n<p>If you want to come to Nizam Pide and taste these wonderful regional delicacies, we are waiting for you in one of our 3 main branches in Istanbul as soon as possible.<\/p>\n<p><span style=\"font-size: xx-small; color: #b2292e;\"><strong>All Rights Reserved. Copyright\u00a0\u00a9 Nizam Pide &#038; S\u00fctla\u00e7<\/strong><\/span><br \/>\n<span style=\"font-size: xx-small;\">Using, copying, reproduction and publication of the  photographs of productions other than the information of Nizam Pide &#038; S\u00fctlac are prohibited. To whom do unauthorized copying or duplication. Legal action will be taken in line with the rights recognized in the Turkish Republic Constitution.<\/span><\/p>\n","protected":false},"excerpt":{"rendered":"<p>Nizam Pide&#8217;s special food, Special Kebab. Even the image of this kebab will make you happy. A mixed grill with plenty of variety at the same time. Special kebab is the most amazing product you can eat in Nizam Pide in the name of kebab, it replaces a big meal and it brings happiness to you all day.<br \/>\n<img loading=\"lazy\" decoding=\"async\" class=\"alignnone size-full wp-image-4858\" src=\"https:\/\/www.nizampide.com\/wp-content\/uploads\/2018\/08\/nizam-pide-s\u00fctla\u00e7-turkish-meals-simge.png\" alt=\"Turkish Meals - Madonna Lily Hygiene Certificate\" width=\"255\" height=\"170\" \/><\/p>\n","protected":false},"featured_media":5023,"comment_status":"closed","ping_status":"closed","template":"","meta":[],"product_cat":[131],"product_tag":[135,136,133,141,143],"yoast_head":"<!-- This site is optimized with the Yoast SEO plugin v22.0 - https:\/\/yoast.com\/wordpress\/plugins\/seo\/ -->\n<title>Special Kebab<\/title>\n<meta name=\"description\" content=\"Nizam Pide&#039;s special food, Special Kebab. Even the image of this kebab will make you happy. A mixed grill with plenty of variety at the same time.\" \/>\n<meta name=\"robots\" content=\"index, follow, max-snippet:-1, max-image-preview:large, max-video-preview:-1\" \/>\n<link rel=\"canonical\" href=\"https:\/\/www.nizampide.com\/yemeklerimiz\/kebap\/special-kebap\/\" \/>\n<meta property=\"og:locale\" content=\"en_US\" \/>\n<meta property=\"og:type\" content=\"article\" \/>\n<meta property=\"og:title\" content=\"Special Kebab\" \/>\n<meta property=\"og:description\" content=\"Nizam Pide&#039;s special food, Special Kebab. Even the image of this kebab will make you happy. A mixed grill with plenty of variety at the same time.\" \/>\n<meta property=\"og:url\" content=\"https:\/\/www.nizampide.com\/yemeklerimiz\/kebap\/special-kebap\/\" \/>\n<meta property=\"og:site_name\" content=\"Nizam Pide &amp; S\u00fctla\u00e7\" \/>\n<meta property=\"article:modified_time\" content=\"2021-10-07T14:32:34+00:00\" \/>\n<meta property=\"og:image\" content=\"https:\/\/www.nizampide.com\/wp-content\/uploads\/2018\/07\/nizam-special-kar\u0131\u015f\u0131k-kebap-\u0131zgara-porsiyon-nizam-pide-s\u00fctla\u00e7-istanbul-beyo\u011flu-istiklal-caddesi.jpg\" \/>\n\t<meta property=\"og:image:width\" content=\"600\" \/>\n\t<meta property=\"og:image:height\" content=\"600\" \/>\n\t<meta property=\"og:image:type\" content=\"image\/jpeg\" \/>\n<meta name=\"twitter:card\" content=\"summary_large_image\" \/>\n<meta name=\"twitter:label1\" content=\"Est. reading time\" \/>\n\t<meta name=\"twitter:data1\" content=\"2 minutes\" \/>\n<script type=\"application\/ld+json\" class=\"yoast-schema-graph\">{\"@context\":\"https:\/\/schema.org\",\"@graph\":[{\"@type\":\"WebPage\",\"@id\":\"https:\/\/www.nizampide.com\/yemeklerimiz\/kebap\/special-kebap\/\",\"url\":\"https:\/\/www.nizampide.com\/yemeklerimiz\/kebap\/special-kebap\/\",\"name\":\"Special Kebab\",\"isPartOf\":{\"@id\":\"https:\/\/www.nizampide.com\/#website\"},\"datePublished\":\"2018-07-12T10:32:35+00:00\",\"dateModified\":\"2021-10-07T14:32:34+00:00\",\"description\":\"Nizam Pide's special food, Special Kebab. Even the image of this kebab will make you happy. A mixed grill with plenty of variety at the same time.\",\"breadcrumb\":{\"@id\":\"https:\/\/www.nizampide.com\/yemeklerimiz\/kebap\/special-kebap\/#breadcrumb\"},\"inLanguage\":\"en-US\",\"potentialAction\":[{\"@type\":\"ReadAction\",\"target\":[\"https:\/\/www.nizampide.com\/yemeklerimiz\/kebap\/special-kebap\/\"]}]},{\"@type\":\"BreadcrumbList\",\"@id\":\"https:\/\/www.nizampide.com\/yemeklerimiz\/kebap\/special-kebap\/#breadcrumb\",\"itemListElement\":[{\"@type\":\"ListItem\",\"position\":1,\"name\":\"Ana sayfa\",\"item\":\"https:\/\/www.nizampide.com\/\"},{\"@type\":\"ListItem\",\"position\":2,\"name\":\"Yemeklerimiz\",\"item\":\"https:\/\/www.nizampide.com\/yemeklerimiz\/\"},{\"@type\":\"ListItem\",\"position\":3,\"name\":\"Special Kebab\"}]},{\"@type\":\"WebSite\",\"@id\":\"https:\/\/www.nizampide.com\/#website\",\"url\":\"https:\/\/www.nizampide.com\/\",\"name\":\"Nizam Pide &amp; S\u00fctla\u00e7\",\"description\":\"T\u00fcrkiye&#039;nin \u0130lk Tescilli Pidecisi\",\"potentialAction\":[{\"@type\":\"SearchAction\",\"target\":{\"@type\":\"EntryPoint\",\"urlTemplate\":\"https:\/\/www.nizampide.com\/?s={search_term_string}\"},\"query-input\":\"required name=search_term_string\"}],\"inLanguage\":\"en-US\"}]}<\/script>\n<!-- \/ Yoast SEO plugin. -->","yoast_head_json":{"title":"Special Kebab","description":"Nizam Pide's special food, Special Kebab. Even the image of this kebab will make you happy. A mixed grill with plenty of variety at the same time.","robots":{"index":"index","follow":"follow","max-snippet":"max-snippet:-1","max-image-preview":"max-image-preview:large","max-video-preview":"max-video-preview:-1"},"canonical":"https:\/\/www.nizampide.com\/yemeklerimiz\/kebap\/special-kebap\/","og_locale":"en_US","og_type":"article","og_title":"Special Kebab","og_description":"Nizam Pide's special food, Special Kebab. Even the image of this kebab will make you happy. A mixed grill with plenty of variety at the same time.","og_url":"https:\/\/www.nizampide.com\/yemeklerimiz\/kebap\/special-kebap\/","og_site_name":"Nizam Pide &amp; S\u00fctla\u00e7","article_modified_time":"2021-10-07T14:32:34+00:00","og_image":[{"width":600,"height":600,"url":"https:\/\/www.nizampide.com\/wp-content\/uploads\/2018\/07\/nizam-special-kar\u0131\u015f\u0131k-kebap-\u0131zgara-porsiyon-nizam-pide-s\u00fctla\u00e7-istanbul-beyo\u011flu-istiklal-caddesi.jpg","type":"image\/jpeg"}],"twitter_card":"summary_large_image","twitter_misc":{"Est. reading time":"2 minutes"},"schema":{"@context":"https:\/\/schema.org","@graph":[{"@type":"WebPage","@id":"https:\/\/www.nizampide.com\/yemeklerimiz\/kebap\/special-kebap\/","url":"https:\/\/www.nizampide.com\/yemeklerimiz\/kebap\/special-kebap\/","name":"Special Kebab","isPartOf":{"@id":"https:\/\/www.nizampide.com\/#website"},"datePublished":"2018-07-12T10:32:35+00:00","dateModified":"2021-10-07T14:32:34+00:00","description":"Nizam Pide's special food, Special Kebab. Even the image of this kebab will make you happy. A mixed grill with plenty of variety at the same time.","breadcrumb":{"@id":"https:\/\/www.nizampide.com\/yemeklerimiz\/kebap\/special-kebap\/#breadcrumb"},"inLanguage":"en-US","potentialAction":[{"@type":"ReadAction","target":["https:\/\/www.nizampide.com\/yemeklerimiz\/kebap\/special-kebap\/"]}]},{"@type":"BreadcrumbList","@id":"https:\/\/www.nizampide.com\/yemeklerimiz\/kebap\/special-kebap\/#breadcrumb","itemListElement":[{"@type":"ListItem","position":1,"name":"Ana sayfa","item":"https:\/\/www.nizampide.com\/"},{"@type":"ListItem","position":2,"name":"Yemeklerimiz","item":"https:\/\/www.nizampide.com\/yemeklerimiz\/"},{"@type":"ListItem","position":3,"name":"Special Kebab"}]},{"@type":"WebSite","@id":"https:\/\/www.nizampide.com\/#website","url":"https:\/\/www.nizampide.com\/","name":"Nizam Pide &amp; S\u00fctla\u00e7","description":"T\u00fcrkiye&#039;nin \u0130lk Tescilli Pidecisi","potentialAction":[{"@type":"SearchAction","target":{"@type":"EntryPoint","urlTemplate":"https:\/\/www.nizampide.com\/?s={search_term_string}"},"query-input":"required name=search_term_string"}],"inLanguage":"en-US"}]}},"_links":{"self":[{"href":"https:\/\/www.nizampide.com\/en\/wp-json\/wp\/v2\/product\/5656"}],"collection":[{"href":"https:\/\/www.nizampide.com\/en\/wp-json\/wp\/v2\/product"}],"about":[{"href":"https:\/\/www.nizampide.com\/en\/wp-json\/wp\/v2\/types\/product"}],"replies":[{"embeddable":true,"href":"https:\/\/www.nizampide.com\/en\/wp-json\/wp\/v2\/comments?post=5656"}],"wp:featuredmedia":[{"embeddable":true,"href":"https:\/\/www.nizampide.com\/en\/wp-json\/wp\/v2\/media\/5023"}],"wp:attachment":[{"href":"https:\/\/www.nizampide.com\/en\/wp-json\/wp\/v2\/media?parent=5656"}],"wp:term":[{"taxonomy":"product_cat","embeddable":true,"href":"https:\/\/www.nizampide.com\/en\/wp-json\/wp\/v2\/product_cat?post=5656"},{"taxonomy":"product_tag","embeddable":true,"href":"https:\/\/www.nizampide.com\/en\/wp-json\/wp\/v2\/product_tag?post=5656"}],"curies":[{"name":"wp","href":"https:\/\/api.w.org\/{rel}","templated":true}]}}