{"id":5658,"date":"2018-07-12T13:30:46","date_gmt":"2018-07-12T10:30:46","guid":{"rendered":"https:\/\/www.nizampide.com\/yemeklerimiz\/kategorilenmemis\/kuzu-sis-izgara\/"},"modified":"2025-03-02T06:59:41","modified_gmt":"2025-03-02T03:59:41","slug":"lamb-skewers","status":"publish","type":"product","link":"https:\/\/www.nizampide.com\/en\/yemeklerimiz\/grills\/lamb-skewers\/","title":{"rendered":"Lamb Skewers"},"content":{"rendered":"<h3><strong>Lamb Skewers<\/strong><\/h3>\n<p>First class meats from Thrace region where the best lambs of our country are grown and lamb skewer product which we are absolutely sure you will be liked by our customers. Because our lambs are nourished in natural environment, the flavor of their meat will not make them forget in a short time. Beside these decent lamb skewers, products like Nizam Pide&#8217;s sumacs onion, bulgur pilaf, roasted peppers and tomatoes and salads are also available. A portion of lamb shish prepared with plenty of ingredients will keep you occupied all day. As Nizam Pide, we supply all the materials we use when preparing our products from local producers. All products up to the spices we use are purchased directly from the best producers and no ready-made materials are used. In this regard, since the 70&#8217;s, our regular customers have preferred us and are happy to leave our branches each time.<\/p>\n<p>One of the biggest reasons why our lamb shish product is so delicious is our skillful kebab masters. This taste of gourmet and eastern culture reflects the taste of our gourmet and the best quality of material. Do not forget to consume the ice-frothed cutlet made by Nizam Pide beside the lamb shish with special formula.<\/p>\n<p>It is open every day of the week with our decent branches which are very suitable for your families and groups of friends, we are looking forward to welcoming you with our gentle staff. You can also bring Nizam Pide&#8217;s lamb shish menu in the form of a package order. You can make payment online by placing an order within seconds of our internet site, or you can call us by phone to send your orders in detail. For now, our package service network covers only Beyo\u011flu, Taksim, Dolmabah\u00e7e, Karakoy, Kabatas, \u015ei\u015fhane, Kas\u0131mpa\u015fa, Kurtulu\u015f, Ni\u015fanta\u015f\u0131 and Besiktas regions and it will appeal to wider regions soon.<\/p>\n<p><span style=\"font-size: xx-small; color: #b2292e;\"><strong>All Rights Reserved. Copyright\u00a0\u00a9 Nizam Pide &#038; S\u00fctla\u00e7<\/strong><\/span><br \/>\n<span style=\"font-size: xx-small;\">Using, copying, reproduction and publication of the  photographs of productions other than the information of Nizam Pide &#038; S\u00fctlac are prohibited. To whom do unauthorized copying or duplication. Legal action will be taken in line with the rights recognized in the Turkish Republic Constitution.<\/span><\/p>\n","protected":false},"excerpt":{"rendered":"<p>The lamb skewer is made of lamb meat that is bigger than the lamb shish. It is served in this way. We guarantee that you will not be able to easily forget the flavor of this kebab, which is made only of lamb meat with no additional ingredients.<br \/>\n<img loading=\"lazy\" decoding=\"async\" class=\"alignnone size-full wp-image-4858\" src=\"https:\/\/www.nizampide.com\/wp-content\/uploads\/2018\/08\/nizam-pide-s\u00fctla\u00e7-turkish-meals-simge.png\" alt=\"Turkish Meals - Madonna Lily Hygiene Certificate\" width=\"255\" height=\"170\" \/><\/p>\n","protected":false},"featured_media":5018,"comment_status":"open","ping_status":"closed","template":"","meta":[],"product_cat":[130,131],"product_tag":[135,132,136,133,144,145],"yoast_head":"<!-- This site is optimized with the Yoast SEO plugin v22.0 - https:\/\/yoast.com\/wordpress\/plugins\/seo\/ -->\n<title>Lamb Skewers<\/title>\n<meta name=\"description\" content=\"The lamb skewer is made of lamb meat that is bigger than the lamb shish. It is served in this way. Nizam Pide &amp; S\u00fctla\u00e7 Salonlar\u0131...\" \/>\n<meta name=\"robots\" content=\"index, follow, max-snippet:-1, max-image-preview:large, max-video-preview:-1\" \/>\n<link rel=\"canonical\" href=\"https:\/\/www.nizampide.com\/yemeklerimiz\/kebap\/kuzu-sis-izgara\/\" \/>\n<meta property=\"og:locale\" content=\"en_US\" \/>\n<meta property=\"og:type\" content=\"article\" \/>\n<meta property=\"og:title\" content=\"Lamb Skewers\" \/>\n<meta property=\"og:description\" content=\"The lamb skewer is made of lamb meat that is bigger than the lamb shish. It is served in this way. Nizam Pide &amp; S\u00fctla\u00e7 Salonlar\u0131...\" \/>\n<meta property=\"og:url\" content=\"https:\/\/www.nizampide.com\/yemeklerimiz\/kebap\/kuzu-sis-izgara\/\" \/>\n<meta property=\"og:site_name\" content=\"Nizam Pide &amp; S\u00fctla\u00e7\" \/>\n<meta property=\"article:modified_time\" content=\"2025-03-02T03:59:41+00:00\" \/>\n<meta property=\"og:image\" content=\"https:\/\/www.nizampide.com\/wp-content\/uploads\/2018\/07\/kuzu-\u015fi\u015f-porsiyon-nizam-pide-s\u00fctla\u00e7-istanbul-beyo\u011flu-istiklal-caddesi.jpg\" \/>\n\t<meta property=\"og:image:width\" content=\"600\" \/>\n\t<meta property=\"og:image:height\" content=\"600\" \/>\n\t<meta property=\"og:image:type\" content=\"image\/jpeg\" \/>\n<meta name=\"twitter:card\" content=\"summary_large_image\" \/>\n<meta name=\"twitter:label1\" content=\"Est. reading time\" \/>\n\t<meta name=\"twitter:data1\" content=\"2 minutes\" \/>\n<script type=\"application\/ld+json\" class=\"yoast-schema-graph\">{\"@context\":\"https:\/\/schema.org\",\"@graph\":[{\"@type\":\"WebPage\",\"@id\":\"https:\/\/www.nizampide.com\/yemeklerimiz\/kebap\/kuzu-sis-izgara\/\",\"url\":\"https:\/\/www.nizampide.com\/yemeklerimiz\/kebap\/kuzu-sis-izgara\/\",\"name\":\"Lamb Skewers\",\"isPartOf\":{\"@id\":\"https:\/\/www.nizampide.com\/#website\"},\"datePublished\":\"2018-07-12T10:30:46+00:00\",\"dateModified\":\"2025-03-02T03:59:41+00:00\",\"description\":\"The lamb skewer is made of lamb meat that is bigger than the lamb shish. It is served in this way. Nizam Pide & S\u00fctla\u00e7 Salonlar\u0131...\",\"breadcrumb\":{\"@id\":\"https:\/\/www.nizampide.com\/yemeklerimiz\/kebap\/kuzu-sis-izgara\/#breadcrumb\"},\"inLanguage\":\"en-US\",\"potentialAction\":[{\"@type\":\"ReadAction\",\"target\":[\"https:\/\/www.nizampide.com\/yemeklerimiz\/kebap\/kuzu-sis-izgara\/\"]}]},{\"@type\":\"BreadcrumbList\",\"@id\":\"https:\/\/www.nizampide.com\/yemeklerimiz\/kebap\/kuzu-sis-izgara\/#breadcrumb\",\"itemListElement\":[{\"@type\":\"ListItem\",\"position\":1,\"name\":\"Ana sayfa\",\"item\":\"https:\/\/www.nizampide.com\/\"},{\"@type\":\"ListItem\",\"position\":2,\"name\":\"Yemeklerimiz\",\"item\":\"https:\/\/www.nizampide.com\/yemeklerimiz\/\"},{\"@type\":\"ListItem\",\"position\":3,\"name\":\"Lamb Skewers\"}]},{\"@type\":\"WebSite\",\"@id\":\"https:\/\/www.nizampide.com\/#website\",\"url\":\"https:\/\/www.nizampide.com\/\",\"name\":\"Nizam Pide &amp; S\u00fctla\u00e7\",\"description\":\"T\u00fcrkiye&#039;nin \u0130lk Tescilli Pidecisi\",\"potentialAction\":[{\"@type\":\"SearchAction\",\"target\":{\"@type\":\"EntryPoint\",\"urlTemplate\":\"https:\/\/www.nizampide.com\/?s={search_term_string}\"},\"query-input\":\"required name=search_term_string\"}],\"inLanguage\":\"en-US\"}]}<\/script>\n<!-- \/ Yoast SEO plugin. -->","yoast_head_json":{"title":"Lamb Skewers","description":"The lamb skewer is made of lamb meat that is bigger than the lamb shish. It is served in this way. Nizam Pide & S\u00fctla\u00e7 Salonlar\u0131...","robots":{"index":"index","follow":"follow","max-snippet":"max-snippet:-1","max-image-preview":"max-image-preview:large","max-video-preview":"max-video-preview:-1"},"canonical":"https:\/\/www.nizampide.com\/yemeklerimiz\/kebap\/kuzu-sis-izgara\/","og_locale":"en_US","og_type":"article","og_title":"Lamb Skewers","og_description":"The lamb skewer is made of lamb meat that is bigger than the lamb shish. It is served in this way. Nizam Pide & S\u00fctla\u00e7 Salonlar\u0131...","og_url":"https:\/\/www.nizampide.com\/yemeklerimiz\/kebap\/kuzu-sis-izgara\/","og_site_name":"Nizam Pide &amp; S\u00fctla\u00e7","article_modified_time":"2025-03-02T03:59:41+00:00","og_image":[{"width":600,"height":600,"url":"https:\/\/www.nizampide.com\/wp-content\/uploads\/2018\/07\/kuzu-\u015fi\u015f-porsiyon-nizam-pide-s\u00fctla\u00e7-istanbul-beyo\u011flu-istiklal-caddesi.jpg","type":"image\/jpeg"}],"twitter_card":"summary_large_image","twitter_misc":{"Est. reading time":"2 minutes"},"schema":{"@context":"https:\/\/schema.org","@graph":[{"@type":"WebPage","@id":"https:\/\/www.nizampide.com\/yemeklerimiz\/kebap\/kuzu-sis-izgara\/","url":"https:\/\/www.nizampide.com\/yemeklerimiz\/kebap\/kuzu-sis-izgara\/","name":"Lamb Skewers","isPartOf":{"@id":"https:\/\/www.nizampide.com\/#website"},"datePublished":"2018-07-12T10:30:46+00:00","dateModified":"2025-03-02T03:59:41+00:00","description":"The lamb skewer is made of lamb meat that is bigger than the lamb shish. It is served in this way. Nizam Pide & S\u00fctla\u00e7 Salonlar\u0131...","breadcrumb":{"@id":"https:\/\/www.nizampide.com\/yemeklerimiz\/kebap\/kuzu-sis-izgara\/#breadcrumb"},"inLanguage":"en-US","potentialAction":[{"@type":"ReadAction","target":["https:\/\/www.nizampide.com\/yemeklerimiz\/kebap\/kuzu-sis-izgara\/"]}]},{"@type":"BreadcrumbList","@id":"https:\/\/www.nizampide.com\/yemeklerimiz\/kebap\/kuzu-sis-izgara\/#breadcrumb","itemListElement":[{"@type":"ListItem","position":1,"name":"Ana sayfa","item":"https:\/\/www.nizampide.com\/"},{"@type":"ListItem","position":2,"name":"Yemeklerimiz","item":"https:\/\/www.nizampide.com\/yemeklerimiz\/"},{"@type":"ListItem","position":3,"name":"Lamb Skewers"}]},{"@type":"WebSite","@id":"https:\/\/www.nizampide.com\/#website","url":"https:\/\/www.nizampide.com\/","name":"Nizam Pide &amp; S\u00fctla\u00e7","description":"T\u00fcrkiye&#039;nin \u0130lk Tescilli Pidecisi","potentialAction":[{"@type":"SearchAction","target":{"@type":"EntryPoint","urlTemplate":"https:\/\/www.nizampide.com\/?s={search_term_string}"},"query-input":"required name=search_term_string"}],"inLanguage":"en-US"}]}},"_links":{"self":[{"href":"https:\/\/www.nizampide.com\/en\/wp-json\/wp\/v2\/product\/5658"}],"collection":[{"href":"https:\/\/www.nizampide.com\/en\/wp-json\/wp\/v2\/product"}],"about":[{"href":"https:\/\/www.nizampide.com\/en\/wp-json\/wp\/v2\/types\/product"}],"replies":[{"embeddable":true,"href":"https:\/\/www.nizampide.com\/en\/wp-json\/wp\/v2\/comments?post=5658"}],"wp:featuredmedia":[{"embeddable":true,"href":"https:\/\/www.nizampide.com\/en\/wp-json\/wp\/v2\/media\/5018"}],"wp:attachment":[{"href":"https:\/\/www.nizampide.com\/en\/wp-json\/wp\/v2\/media?parent=5658"}],"wp:term":[{"taxonomy":"product_cat","embeddable":true,"href":"https:\/\/www.nizampide.com\/en\/wp-json\/wp\/v2\/product_cat?post=5658"},{"taxonomy":"product_tag","embeddable":true,"href":"https:\/\/www.nizampide.com\/en\/wp-json\/wp\/v2\/product_tag?post=5658"}],"curies":[{"name":"wp","href":"https:\/\/api.w.org\/{rel}","templated":true}]}}