{"id":5661,"date":"2018-07-12T13:26:37","date_gmt":"2018-07-12T10:26:37","guid":{"rendered":"https:\/\/www.nizampide.com\/yemeklerimiz\/kategorilenmemis\/kanat-izgara\/"},"modified":"2021-10-07T17:32:56","modified_gmt":"2021-10-07T14:32:56","slug":"chicken-wing-grill","status":"publish","type":"product","link":"https:\/\/www.nizampide.com\/en\/yemeklerimiz\/grills\/chicken-wing-grill\/","title":{"rendered":"Chicken Wing Grill"},"content":{"rendered":"<h3><strong>Chicken Wing Grill<\/strong><\/h3>\n<p>As you know, Nizam Pide uses first class quality materials in all the products you offer. The chickens we use in the chicken wing product are supplied from the best producers and care is taken to be organic meat. You can safely consume the dishes you eat at this place, just like at home. In front of the chicken wings cooked in the fire by our cooks, a fatty sauce is prepared and they lose all their hardness. With the chicken wing grill, we have created a wonderful product that will satisfy you, and we invite you to our branches for your taste as soon as possible.<\/p>\n<p>Chicken Wing Grilled products are served with rich foods such as bulgur pilaf, salad, roasted pepper and tomato, sumac onion. We especially advise you to add our own custom made ice-cold ayran next to your chicken wing grill order. Nizam Pide does not only focus on the dishes in the main menu but also the smallest items we use. Our spices are supplied organically from the best producers of our country. The difference of Nizam Pide from all other kebabs and pitas is that they are very meticulous in the material procurement process. In this respect, our customers have always preferred us with our taste standard which has not changed since the 70&#8217;s.<\/p>\n<p>The chicken wing grill is served with plenty of other ingredients as well as all our other products. In this case, even a portion of chicken wing grill is a huge meal. Since we never use ready-made packaged products, you will never be bothered after eating, you will enjoy your meal.<\/p>\n<p>Nizam pita has branches in Istiklal Street, Galatasaray and Harbiye districts in Istanbul. The places of Nizam Pide, which has been serving in these regions for many years, are spacious places. You can eat your food with friends or with family. We are waiting for you in our branches every day with our smiled faced employees.<\/p>\n<p><span style=\"font-size: xx-small; color: #b2292e;\"><strong>All Rights Reserved. Copyright\u00a0\u00a9 Nizam Pide &#038; S\u00fctla\u00e7<\/strong><\/span><br \/>\n<span style=\"font-size: xx-small;\">Using, copying, reproduction and publication of the  photographs of productions other than the information of Nizam Pide &#038; S\u00fctlac are prohibited. To whom do unauthorized copying or duplication. Legal action will be taken in line with the rights recognized in the Turkish Republic Constitution.<\/span><\/p>\n","protected":false},"excerpt":{"rendered":"<p>Chicken lovers know that; chicken wing is the most delicious part of chickens. There is a wonderful layer of skin on the flesh of the flavor on the fine bone, you need to try our Chicken Wing Grill absolutely.<br \/>\n<img loading=\"lazy\" decoding=\"async\" class=\"alignnone size-full wp-image-4858\" src=\"https:\/\/www.nizampide.com\/wp-content\/uploads\/2018\/08\/nizam-pide-s\u00fctla\u00e7-turkish-meals-simge.png\" alt=\"Turkish Meals - Madonna Lily Hygiene Certificate\" width=\"255\" height=\"170\" \/><\/p>\n","protected":false},"featured_media":5011,"comment_status":"closed","ping_status":"closed","template":"","meta":[],"product_cat":[130,131],"product_tag":[135,132,146,136,133],"yoast_head":"<!-- This site is optimized with the Yoast SEO plugin v22.0 - https:\/\/yoast.com\/wordpress\/plugins\/seo\/ -->\n<title>Chicken Wing Grill<\/title>\n<meta name=\"description\" content=\"There is a wonderful layer of skin on the flesh of the flavor on the fine bone, you need to try our chicken wing grill absolutely.\" \/>\n<meta name=\"robots\" content=\"index, follow, max-snippet:-1, max-image-preview:large, max-video-preview:-1\" \/>\n<link rel=\"canonical\" href=\"https:\/\/www.nizampide.com\/yemeklerimiz\/kebap\/kanat-izgara\/\" \/>\n<meta property=\"og:locale\" content=\"en_US\" \/>\n<meta property=\"og:type\" content=\"article\" \/>\n<meta property=\"og:title\" content=\"Chicken Wing Grill\" \/>\n<meta property=\"og:description\" content=\"There is a wonderful layer of skin on the flesh of the flavor on the fine bone, you need to try our chicken wing grill absolutely.\" \/>\n<meta property=\"og:url\" content=\"https:\/\/www.nizampide.com\/yemeklerimiz\/kebap\/kanat-izgara\/\" \/>\n<meta property=\"og:site_name\" content=\"Nizam Pide &amp; S\u00fctla\u00e7\" \/>\n<meta property=\"article:modified_time\" content=\"2021-10-07T14:32:56+00:00\" \/>\n<meta property=\"og:image\" content=\"https:\/\/www.nizampide.com\/wp-content\/uploads\/2018\/07\/tavuk-kanat-porsiyon-nizam-pide-s\u00fctla\u00e7-istanbul-beyo\u011flu-istiklal-caddesi-2.jpg\" \/>\n\t<meta property=\"og:image:width\" content=\"600\" \/>\n\t<meta property=\"og:image:height\" content=\"600\" \/>\n\t<meta property=\"og:image:type\" content=\"image\/jpeg\" \/>\n<meta name=\"twitter:card\" content=\"summary_large_image\" \/>\n<meta name=\"twitter:label1\" content=\"Est. reading time\" \/>\n\t<meta name=\"twitter:data1\" content=\"2 minutes\" \/>\n<script type=\"application\/ld+json\" class=\"yoast-schema-graph\">{\"@context\":\"https:\/\/schema.org\",\"@graph\":[{\"@type\":\"WebPage\",\"@id\":\"https:\/\/www.nizampide.com\/yemeklerimiz\/kebap\/kanat-izgara\/\",\"url\":\"https:\/\/www.nizampide.com\/yemeklerimiz\/kebap\/kanat-izgara\/\",\"name\":\"Chicken Wing Grill\",\"isPartOf\":{\"@id\":\"https:\/\/www.nizampide.com\/#website\"},\"datePublished\":\"2018-07-12T10:26:37+00:00\",\"dateModified\":\"2021-10-07T14:32:56+00:00\",\"description\":\"There is a wonderful layer of skin on the flesh of the flavor on the fine bone, you need to try our chicken wing grill absolutely.\",\"breadcrumb\":{\"@id\":\"https:\/\/www.nizampide.com\/yemeklerimiz\/kebap\/kanat-izgara\/#breadcrumb\"},\"inLanguage\":\"en-US\",\"potentialAction\":[{\"@type\":\"ReadAction\",\"target\":[\"https:\/\/www.nizampide.com\/yemeklerimiz\/kebap\/kanat-izgara\/\"]}]},{\"@type\":\"BreadcrumbList\",\"@id\":\"https:\/\/www.nizampide.com\/yemeklerimiz\/kebap\/kanat-izgara\/#breadcrumb\",\"itemListElement\":[{\"@type\":\"ListItem\",\"position\":1,\"name\":\"Ana sayfa\",\"item\":\"https:\/\/www.nizampide.com\/\"},{\"@type\":\"ListItem\",\"position\":2,\"name\":\"Yemeklerimiz\",\"item\":\"https:\/\/www.nizampide.com\/yemeklerimiz\/\"},{\"@type\":\"ListItem\",\"position\":3,\"name\":\"Chicken Wing Grill\"}]},{\"@type\":\"WebSite\",\"@id\":\"https:\/\/www.nizampide.com\/#website\",\"url\":\"https:\/\/www.nizampide.com\/\",\"name\":\"Nizam Pide &amp; S\u00fctla\u00e7\",\"description\":\"T\u00fcrkiye&#039;nin \u0130lk Tescilli Pidecisi\",\"potentialAction\":[{\"@type\":\"SearchAction\",\"target\":{\"@type\":\"EntryPoint\",\"urlTemplate\":\"https:\/\/www.nizampide.com\/?s={search_term_string}\"},\"query-input\":\"required name=search_term_string\"}],\"inLanguage\":\"en-US\"}]}<\/script>\n<!-- \/ Yoast SEO plugin. -->","yoast_head_json":{"title":"Chicken Wing Grill","description":"There is a wonderful layer of skin on the flesh of the flavor on the fine bone, you need to try our chicken wing grill absolutely.","robots":{"index":"index","follow":"follow","max-snippet":"max-snippet:-1","max-image-preview":"max-image-preview:large","max-video-preview":"max-video-preview:-1"},"canonical":"https:\/\/www.nizampide.com\/yemeklerimiz\/kebap\/kanat-izgara\/","og_locale":"en_US","og_type":"article","og_title":"Chicken Wing Grill","og_description":"There is a wonderful layer of skin on the flesh of the flavor on the fine bone, you need to try our chicken wing grill absolutely.","og_url":"https:\/\/www.nizampide.com\/yemeklerimiz\/kebap\/kanat-izgara\/","og_site_name":"Nizam Pide &amp; S\u00fctla\u00e7","article_modified_time":"2021-10-07T14:32:56+00:00","og_image":[{"width":600,"height":600,"url":"https:\/\/www.nizampide.com\/wp-content\/uploads\/2018\/07\/tavuk-kanat-porsiyon-nizam-pide-s\u00fctla\u00e7-istanbul-beyo\u011flu-istiklal-caddesi-2.jpg","type":"image\/jpeg"}],"twitter_card":"summary_large_image","twitter_misc":{"Est. reading time":"2 minutes"},"schema":{"@context":"https:\/\/schema.org","@graph":[{"@type":"WebPage","@id":"https:\/\/www.nizampide.com\/yemeklerimiz\/kebap\/kanat-izgara\/","url":"https:\/\/www.nizampide.com\/yemeklerimiz\/kebap\/kanat-izgara\/","name":"Chicken Wing Grill","isPartOf":{"@id":"https:\/\/www.nizampide.com\/#website"},"datePublished":"2018-07-12T10:26:37+00:00","dateModified":"2021-10-07T14:32:56+00:00","description":"There is a wonderful layer of skin on the flesh of the flavor on the fine bone, you need to try our chicken wing grill absolutely.","breadcrumb":{"@id":"https:\/\/www.nizampide.com\/yemeklerimiz\/kebap\/kanat-izgara\/#breadcrumb"},"inLanguage":"en-US","potentialAction":[{"@type":"ReadAction","target":["https:\/\/www.nizampide.com\/yemeklerimiz\/kebap\/kanat-izgara\/"]}]},{"@type":"BreadcrumbList","@id":"https:\/\/www.nizampide.com\/yemeklerimiz\/kebap\/kanat-izgara\/#breadcrumb","itemListElement":[{"@type":"ListItem","position":1,"name":"Ana sayfa","item":"https:\/\/www.nizampide.com\/"},{"@type":"ListItem","position":2,"name":"Yemeklerimiz","item":"https:\/\/www.nizampide.com\/yemeklerimiz\/"},{"@type":"ListItem","position":3,"name":"Chicken Wing Grill"}]},{"@type":"WebSite","@id":"https:\/\/www.nizampide.com\/#website","url":"https:\/\/www.nizampide.com\/","name":"Nizam Pide &amp; S\u00fctla\u00e7","description":"T\u00fcrkiye&#039;nin \u0130lk Tescilli Pidecisi","potentialAction":[{"@type":"SearchAction","target":{"@type":"EntryPoint","urlTemplate":"https:\/\/www.nizampide.com\/?s={search_term_string}"},"query-input":"required name=search_term_string"}],"inLanguage":"en-US"}]}},"_links":{"self":[{"href":"https:\/\/www.nizampide.com\/en\/wp-json\/wp\/v2\/product\/5661"}],"collection":[{"href":"https:\/\/www.nizampide.com\/en\/wp-json\/wp\/v2\/product"}],"about":[{"href":"https:\/\/www.nizampide.com\/en\/wp-json\/wp\/v2\/types\/product"}],"replies":[{"embeddable":true,"href":"https:\/\/www.nizampide.com\/en\/wp-json\/wp\/v2\/comments?post=5661"}],"wp:featuredmedia":[{"embeddable":true,"href":"https:\/\/www.nizampide.com\/en\/wp-json\/wp\/v2\/media\/5011"}],"wp:attachment":[{"href":"https:\/\/www.nizampide.com\/en\/wp-json\/wp\/v2\/media?parent=5661"}],"wp:term":[{"taxonomy":"product_cat","embeddable":true,"href":"https:\/\/www.nizampide.com\/en\/wp-json\/wp\/v2\/product_cat?post=5661"},{"taxonomy":"product_tag","embeddable":true,"href":"https:\/\/www.nizampide.com\/en\/wp-json\/wp\/v2\/product_tag?post=5661"}],"curies":[{"name":"wp","href":"https:\/\/api.w.org\/{rel}","templated":true}]}}