{"id":5672,"date":"2018-07-12T13:20:45","date_gmt":"2018-07-12T10:20:45","guid":{"rendered":"https:\/\/www.nizampide.com\/yemeklerimiz\/kategorilenmemis\/urfa-kebabi\/"},"modified":"2021-10-07T17:35:18","modified_gmt":"2021-10-07T14:35:18","slug":"urfa-kebab","status":"publish","type":"product","link":"https:\/\/www.nizampide.com\/en\/yemeklerimiz\/kebabs\/urfa-kebab\/","title":{"rendered":"Urfa Kebab"},"content":{"rendered":"<h3><strong>Urfa Kebab<\/strong><\/h3>\n<p>Urfa Kebab. This amazing local flavor of our region, we offer as Turkey&#8217;s first registered pita maker. We prepare the Urfa kebab, also known as the not hot kind of Adana kebab, with local special spices and recipes. The meat prepared with special Urfa spices is soft like cotton after 1 day. As Nizam Pide, our customers know that we are supplying all our materials from the local area. Especially when you eat the Urfa Kebab made with the spices we brought from Urfa which is famous for its spicy spices, you will find yourself in a restaurant near &#8220;Bal\u0131kl\u0131 G\u00f6l&#8221;. You will be amazed that you are able to eat this wonderful flavor made in Istanbul by our skillful cooks.<\/p>\n<p>Kebabs in the culture of our eastern cities are served with rich foods. As we use local ingredients, we pay great attention to the local culture of our kebabs. Like all kebabs, our Urfa kebab is served with roasted tomatoes, peppers, mushrooms and sumacs onions. The lavas cooked in wood fire beside it is also a very good helper for you to put urfa kebab between. Our Urfa Kebab is peppered and can be made without hot peppers for our customers who wish. We recommend that you consume the ice-cold ayran, which is kept secret by Nizam Pide beside the kebab.<\/p>\n<p>As Nizam Pide, we place great importance on hygiene in our restaurants and we have won the prizes that you will see in this field product page. We have been serving you with our gentle staff in our spacious spaces for you to taste our gourmet delights in the comfort of your home since the 70&#8217;s. To taste Urfa Kebab and other local delicacies, we wait for you to Istiklal Street, Galatasaray and Harbiye branches as soon as possible. Our branches have a luxurious design and are suitable for families and crowded groups.<\/p>\n<p>You also have the option of order the Urfa kebab to your place of business or home. You can order packages by internet and telephone. Our courier network now serves the Beyoglu, Taksim, Dolmabah\u00e7e, Karakoy, Kabatas, \u015ei\u015fhane, Kas\u0131mpa\u015fa, Kurtulu\u015f, Ni\u015fanta\u015f\u0131 and Be\u015fikta\u015f areas and  we are  aim to bring your meals as warm as in the restaurant environment.<\/p>\n<p><span style=\"font-size: xx-small; color: #b2292e;\"><strong>All Rights Reserved. Copyright\u00a0\u00a9 Nizam Pide &#038; S\u00fctla\u00e7<\/strong><\/span><br \/>\n<span style=\"font-size: xx-small;\">Using, copying, reproduction and publication of the  photographs of productions other than the information of Nizam Pide &#038; S\u00fctlac are prohibited. To whom do unauthorized copying or duplication. Legal action will be taken in line with the rights recognized in the Turkish Republic Constitution.<\/span><\/p>\n","protected":false},"excerpt":{"rendered":"<p>You will be amazed by the taste of the lamb meat. Our lamb meats wait for least 1 day and when the talented chefs combine their meat with the fire Urfa Kebab emerges. You want to come and eat again.<br \/>\n<img loading=\"lazy\" decoding=\"async\" class=\"alignnone size-full wp-image-4858\" src=\"https:\/\/www.nizampide.com\/wp-content\/uploads\/2018\/08\/nizam-pide-s\u00fctla\u00e7-turkish-meals-simge.png\" alt=\"Turkish Meals - Madonna Lily Hygiene Certificate\" width=\"255\" height=\"170\" \/><\/p>\n","protected":false},"featured_media":4990,"comment_status":"closed","ping_status":"closed","template":"","meta":[],"product_cat":[131],"product_tag":[135,136,133,153],"yoast_head":"<!-- This site is optimized with the Yoast SEO plugin v22.0 - https:\/\/yoast.com\/wordpress\/plugins\/seo\/ -->\n<title>Urfa Kebab - Nizam Pide &amp; S\u00fctla\u00e7<\/title>\n<meta name=\"description\" content=\"This amazing local flavor of our region, we offer as Turkey&#039;s first registered pita maker. We prepare the Urfa kebab. \u0130stanbul, Beyo\u011flu\" \/>\n<meta name=\"robots\" content=\"index, follow, max-snippet:-1, max-image-preview:large, max-video-preview:-1\" \/>\n<link rel=\"canonical\" href=\"https:\/\/www.nizampide.com\/en\/yemeklerimiz\/kebabs\/urfa-kebab\/\" \/>\n<meta property=\"og:locale\" content=\"en_US\" \/>\n<meta property=\"og:type\" content=\"article\" \/>\n<meta property=\"og:title\" content=\"Urfa Kebab - Nizam Pide &amp; S\u00fctla\u00e7\" \/>\n<meta property=\"og:description\" content=\"This amazing local flavor of our region, we offer as Turkey&#039;s first registered pita maker. We prepare the Urfa kebab. \u0130stanbul, Beyo\u011flu\" \/>\n<meta property=\"og:url\" content=\"https:\/\/www.nizampide.com\/en\/yemeklerimiz\/kebabs\/urfa-kebab\/\" \/>\n<meta property=\"og:site_name\" content=\"Nizam Pide &amp; S\u00fctla\u00e7\" \/>\n<meta property=\"article:modified_time\" content=\"2021-10-07T14:35:18+00:00\" \/>\n<meta property=\"og:image\" content=\"https:\/\/www.nizampide.com\/wp-content\/uploads\/2018\/07\/urfa-kebab\u0131-porsiyon-nizam-pide-s\u00fctla\u00e7-istanbul-beyo\u011flu-istiklal-caddesi-3.jpg\" \/>\n\t<meta property=\"og:image:width\" content=\"600\" \/>\n\t<meta property=\"og:image:height\" content=\"600\" \/>\n\t<meta property=\"og:image:type\" content=\"image\/jpeg\" \/>\n<meta name=\"twitter:card\" content=\"summary_large_image\" \/>\n<meta name=\"twitter:label1\" content=\"Est. reading time\" \/>\n\t<meta name=\"twitter:data1\" content=\"2 minutes\" \/>\n<script type=\"application\/ld+json\" class=\"yoast-schema-graph\">{\"@context\":\"https:\/\/schema.org\",\"@graph\":[{\"@type\":\"WebPage\",\"@id\":\"https:\/\/www.nizampide.com\/en\/yemeklerimiz\/kebabs\/urfa-kebab\/\",\"url\":\"https:\/\/www.nizampide.com\/en\/yemeklerimiz\/kebabs\/urfa-kebab\/\",\"name\":\"Urfa Kebab - Nizam Pide &amp; S\u00fctla\u00e7\",\"isPartOf\":{\"@id\":\"https:\/\/www.nizampide.com\/#website\"},\"datePublished\":\"2018-07-12T10:20:45+00:00\",\"dateModified\":\"2021-10-07T14:35:18+00:00\",\"description\":\"This amazing local flavor of our region, we offer as Turkey's first registered pita maker. We prepare the Urfa kebab. \u0130stanbul, Beyo\u011flu\",\"breadcrumb\":{\"@id\":\"https:\/\/www.nizampide.com\/en\/yemeklerimiz\/kebabs\/urfa-kebab\/#breadcrumb\"},\"inLanguage\":\"en-US\",\"potentialAction\":[{\"@type\":\"ReadAction\",\"target\":[\"https:\/\/www.nizampide.com\/en\/yemeklerimiz\/kebabs\/urfa-kebab\/\"]}]},{\"@type\":\"BreadcrumbList\",\"@id\":\"https:\/\/www.nizampide.com\/en\/yemeklerimiz\/kebabs\/urfa-kebab\/#breadcrumb\",\"itemListElement\":[{\"@type\":\"ListItem\",\"position\":1,\"name\":\"Ana sayfa\",\"item\":\"https:\/\/www.nizampide.com\/\"},{\"@type\":\"ListItem\",\"position\":2,\"name\":\"Yemeklerimiz\",\"item\":\"https:\/\/www.nizampide.com\/yemeklerimiz\/\"},{\"@type\":\"ListItem\",\"position\":3,\"name\":\"Urfa Kebab\"}]},{\"@type\":\"WebSite\",\"@id\":\"https:\/\/www.nizampide.com\/#website\",\"url\":\"https:\/\/www.nizampide.com\/\",\"name\":\"Nizam Pide &amp; S\u00fctla\u00e7\",\"description\":\"T\u00fcrkiye&#039;nin \u0130lk Tescilli Pidecisi\",\"potentialAction\":[{\"@type\":\"SearchAction\",\"target\":{\"@type\":\"EntryPoint\",\"urlTemplate\":\"https:\/\/www.nizampide.com\/?s={search_term_string}\"},\"query-input\":\"required name=search_term_string\"}],\"inLanguage\":\"en-US\"}]}<\/script>\n<!-- \/ Yoast SEO plugin. -->","yoast_head_json":{"title":"Urfa Kebab - Nizam Pide &amp; S\u00fctla\u00e7","description":"This amazing local flavor of our region, we offer as Turkey's first registered pita maker. We prepare the Urfa kebab. \u0130stanbul, Beyo\u011flu","robots":{"index":"index","follow":"follow","max-snippet":"max-snippet:-1","max-image-preview":"max-image-preview:large","max-video-preview":"max-video-preview:-1"},"canonical":"https:\/\/www.nizampide.com\/en\/yemeklerimiz\/kebabs\/urfa-kebab\/","og_locale":"en_US","og_type":"article","og_title":"Urfa Kebab - Nizam Pide &amp; S\u00fctla\u00e7","og_description":"This amazing local flavor of our region, we offer as Turkey's first registered pita maker. We prepare the Urfa kebab. \u0130stanbul, Beyo\u011flu","og_url":"https:\/\/www.nizampide.com\/en\/yemeklerimiz\/kebabs\/urfa-kebab\/","og_site_name":"Nizam Pide &amp; S\u00fctla\u00e7","article_modified_time":"2021-10-07T14:35:18+00:00","og_image":[{"width":600,"height":600,"url":"https:\/\/www.nizampide.com\/wp-content\/uploads\/2018\/07\/urfa-kebab\u0131-porsiyon-nizam-pide-s\u00fctla\u00e7-istanbul-beyo\u011flu-istiklal-caddesi-3.jpg","type":"image\/jpeg"}],"twitter_card":"summary_large_image","twitter_misc":{"Est. reading time":"2 minutes"},"schema":{"@context":"https:\/\/schema.org","@graph":[{"@type":"WebPage","@id":"https:\/\/www.nizampide.com\/en\/yemeklerimiz\/kebabs\/urfa-kebab\/","url":"https:\/\/www.nizampide.com\/en\/yemeklerimiz\/kebabs\/urfa-kebab\/","name":"Urfa Kebab - Nizam Pide &amp; S\u00fctla\u00e7","isPartOf":{"@id":"https:\/\/www.nizampide.com\/#website"},"datePublished":"2018-07-12T10:20:45+00:00","dateModified":"2021-10-07T14:35:18+00:00","description":"This amazing local flavor of our region, we offer as Turkey's first registered pita maker. We prepare the Urfa kebab. \u0130stanbul, Beyo\u011flu","breadcrumb":{"@id":"https:\/\/www.nizampide.com\/en\/yemeklerimiz\/kebabs\/urfa-kebab\/#breadcrumb"},"inLanguage":"en-US","potentialAction":[{"@type":"ReadAction","target":["https:\/\/www.nizampide.com\/en\/yemeklerimiz\/kebabs\/urfa-kebab\/"]}]},{"@type":"BreadcrumbList","@id":"https:\/\/www.nizampide.com\/en\/yemeklerimiz\/kebabs\/urfa-kebab\/#breadcrumb","itemListElement":[{"@type":"ListItem","position":1,"name":"Ana sayfa","item":"https:\/\/www.nizampide.com\/"},{"@type":"ListItem","position":2,"name":"Yemeklerimiz","item":"https:\/\/www.nizampide.com\/yemeklerimiz\/"},{"@type":"ListItem","position":3,"name":"Urfa Kebab"}]},{"@type":"WebSite","@id":"https:\/\/www.nizampide.com\/#website","url":"https:\/\/www.nizampide.com\/","name":"Nizam Pide &amp; S\u00fctla\u00e7","description":"T\u00fcrkiye&#039;nin \u0130lk Tescilli Pidecisi","potentialAction":[{"@type":"SearchAction","target":{"@type":"EntryPoint","urlTemplate":"https:\/\/www.nizampide.com\/?s={search_term_string}"},"query-input":"required name=search_term_string"}],"inLanguage":"en-US"}]}},"_links":{"self":[{"href":"https:\/\/www.nizampide.com\/en\/wp-json\/wp\/v2\/product\/5672"}],"collection":[{"href":"https:\/\/www.nizampide.com\/en\/wp-json\/wp\/v2\/product"}],"about":[{"href":"https:\/\/www.nizampide.com\/en\/wp-json\/wp\/v2\/types\/product"}],"replies":[{"embeddable":true,"href":"https:\/\/www.nizampide.com\/en\/wp-json\/wp\/v2\/comments?post=5672"}],"wp:featuredmedia":[{"embeddable":true,"href":"https:\/\/www.nizampide.com\/en\/wp-json\/wp\/v2\/media\/4990"}],"wp:attachment":[{"href":"https:\/\/www.nizampide.com\/en\/wp-json\/wp\/v2\/media?parent=5672"}],"wp:term":[{"taxonomy":"product_cat","embeddable":true,"href":"https:\/\/www.nizampide.com\/en\/wp-json\/wp\/v2\/product_cat?post=5672"},{"taxonomy":"product_tag","embeddable":true,"href":"https:\/\/www.nizampide.com\/en\/wp-json\/wp\/v2\/product_tag?post=5672"}],"curies":[{"name":"wp","href":"https:\/\/api.w.org\/{rel}","templated":true}]}}