{"id":5684,"date":"2018-07-12T13:12:49","date_gmt":"2018-07-12T10:12:49","guid":{"rendered":"https:\/\/www.nizampide.com\/yemeklerimiz\/kategorilenmemis\/pilav-ustu-pilic-cevirme\/"},"modified":"2021-10-07T17:35:53","modified_gmt":"2021-10-07T14:35:53","slug":"roast-chicken-with-pilaf","status":"publish","type":"product","link":"https:\/\/www.nizampide.com\/en\/yemeklerimiz\/roast-chicken\/roast-chicken-with-pilaf\/","title":{"rendered":"Roast Chicken with Pilaf"},"content":{"rendered":"<h3><strong>Roast Chicken with Pilaf<\/strong><\/h3>\n<p>Roast Chicken with Pilaf product are turns on wood and coal fire to ensure that all sides are cooked equally. With the spice varieties we offer as a standard, you can like it much better than any other Roast Chicken with Pilafs. Under this delightful taste, there is a very delicious rice pilaf prepared by our talented cooks. Chicken Roll over Pilaf will be a delicious meal and a very rich meal that will keep you busy all day.<\/p>\n<p>As Nizam Pide, we pay great attention to the material of the materials we use in all our products. All the chickens in the product are taken from the best and halal certified producers. We also give importance to the growth of the organic feeding conditions of chickens, which we note when cutting according to Islamic rules. All of our products are again purchased from the best local producers. Nizam Pide has been able to maintain the same taste standards for 40 years and is able to keep thousands of customers happy. The smile that we see on the faces of our customers after having eaten the Chicken Roll over Pilaf is the greatest happiness for us.<\/p>\n<p>Taksim, Galatasaray and Harbiye branches located in the most central parts of Istanbul are waiting for you to offer our gourmet delights every day of the week with our smile-faced staff. You can have a great time with your family or groups of friends at our spacious and spacious venues while enjoying our tastes such as Chicken Roll over Pilaf.<\/p>\n<p>Valuable customers who want to order package service can do this in the middle of the night using our internet site. You can choose payment or credit card at the door after adding the rice pilaf product to your basket. Currently our package service network covers Beyo\u011flu, Taksim, Dolmabah\u00e7e, Karakoy, Kabatas, \u015ei\u015fhane, Kas\u0131mpa\u015fa, Kurtulu\u015f, Ni\u015fanta\u015f\u0131, Be\u015fikta\u015f regions and products are brought hot with special packages.<\/p>\n<p><span style=\"font-size: xx-small; color: #b2292e;\"><strong>All Rights Reserved. Copyright\u00a0\u00a9 Nizam Pide &#038; S\u00fctla\u00e7<\/strong><\/span><br \/>\n<span style=\"font-size: xx-small;\">Using, copying, reproduction and publication of the  photographs of productions other than the information of Nizam Pide &#038; S\u00fctlac are prohibited. To whom do unauthorized copying or duplication. Legal action will be taken in line with the rights recognized in the Turkish Republic Constitution.<\/span><\/p>\n","protected":false},"excerpt":{"rendered":"<p><img loading=\"lazy\" decoding=\"async\" class=\"alignnone size-full wp-image-4858\" src=\"https:\/\/www.nizampide.com\/wp-content\/uploads\/2018\/08\/nizam-pide-s\u00fctla\u00e7-turkish-meals-simge.png\" alt=\"Turkish Meals - Madonna Lily Hygiene Certificate\" width=\"255\" height=\"170\" \/><\/p>\n","protected":false},"featured_media":4968,"comment_status":"closed","ping_status":"closed","template":"","meta":[],"product_cat":[163],"product_tag":[167,164,165,166],"yoast_head":"<!-- This site is optimized with the Yoast SEO plugin v22.0 - https:\/\/yoast.com\/wordpress\/plugins\/seo\/ -->\n<title>Roast Chicken with Pilaf<\/title>\n<meta name=\"description\" content=\"Roast chicken with pilaf is served to you as a delicacy of flavor with the spice added on top of the delicious rice pilaf.\" \/>\n<meta name=\"robots\" content=\"index, follow, max-snippet:-1, max-image-preview:large, max-video-preview:-1\" \/>\n<link rel=\"canonical\" href=\"https:\/\/www.nizampide.com\/yemeklerimiz\/cevirme-pilic\/pilav-ustu-pilic-cevirme\/\" \/>\n<meta property=\"og:locale\" content=\"en_US\" \/>\n<meta property=\"og:type\" content=\"article\" \/>\n<meta property=\"og:title\" content=\"Roast Chicken with Pilaf\" \/>\n<meta property=\"og:description\" content=\"Roast chicken with pilaf is served to you as a delicacy of flavor with the spice added on top of the delicious rice pilaf.\" \/>\n<meta property=\"og:url\" content=\"https:\/\/www.nizampide.com\/yemeklerimiz\/cevirme-pilic\/pilav-ustu-pilic-cevirme\/\" \/>\n<meta property=\"og:site_name\" content=\"Nizam Pide &amp; S\u00fctla\u00e7\" \/>\n<meta property=\"article:modified_time\" content=\"2021-10-07T14:35:53+00:00\" \/>\n<meta property=\"og:image\" content=\"https:\/\/www.nizampide.com\/wp-content\/uploads\/2018\/07\/pilav-\u00fcst\u00fc-tavuk-pili\u00e7-\u00e7evirme-nizam-pide-s\u00fctla\u00e7-istanbul-beyo\u011flu-istiklal-caddesi.jpg\" \/>\n\t<meta property=\"og:image:width\" content=\"600\" \/>\n\t<meta property=\"og:image:height\" content=\"600\" \/>\n\t<meta property=\"og:image:type\" content=\"image\/jpeg\" \/>\n<meta name=\"twitter:card\" content=\"summary_large_image\" \/>\n<meta name=\"twitter:label1\" content=\"Est. reading time\" \/>\n\t<meta name=\"twitter:data1\" content=\"2 minutes\" \/>\n<script type=\"application\/ld+json\" class=\"yoast-schema-graph\">{\"@context\":\"https:\/\/schema.org\",\"@graph\":[{\"@type\":\"WebPage\",\"@id\":\"https:\/\/www.nizampide.com\/yemeklerimiz\/cevirme-pilic\/pilav-ustu-pilic-cevirme\/\",\"url\":\"https:\/\/www.nizampide.com\/yemeklerimiz\/cevirme-pilic\/pilav-ustu-pilic-cevirme\/\",\"name\":\"Roast Chicken with Pilaf\",\"isPartOf\":{\"@id\":\"https:\/\/www.nizampide.com\/#website\"},\"datePublished\":\"2018-07-12T10:12:49+00:00\",\"dateModified\":\"2021-10-07T14:35:53+00:00\",\"description\":\"Roast chicken with pilaf is served to you as a delicacy of flavor with the spice added on top of the delicious rice pilaf.\",\"breadcrumb\":{\"@id\":\"https:\/\/www.nizampide.com\/yemeklerimiz\/cevirme-pilic\/pilav-ustu-pilic-cevirme\/#breadcrumb\"},\"inLanguage\":\"en-US\",\"potentialAction\":[{\"@type\":\"ReadAction\",\"target\":[\"https:\/\/www.nizampide.com\/yemeklerimiz\/cevirme-pilic\/pilav-ustu-pilic-cevirme\/\"]}]},{\"@type\":\"BreadcrumbList\",\"@id\":\"https:\/\/www.nizampide.com\/yemeklerimiz\/cevirme-pilic\/pilav-ustu-pilic-cevirme\/#breadcrumb\",\"itemListElement\":[{\"@type\":\"ListItem\",\"position\":1,\"name\":\"Ana sayfa\",\"item\":\"https:\/\/www.nizampide.com\/\"},{\"@type\":\"ListItem\",\"position\":2,\"name\":\"Yemeklerimiz\",\"item\":\"https:\/\/www.nizampide.com\/yemeklerimiz\/\"},{\"@type\":\"ListItem\",\"position\":3,\"name\":\"Roast Chicken with Pilaf\"}]},{\"@type\":\"WebSite\",\"@id\":\"https:\/\/www.nizampide.com\/#website\",\"url\":\"https:\/\/www.nizampide.com\/\",\"name\":\"Nizam Pide &amp; S\u00fctla\u00e7\",\"description\":\"T\u00fcrkiye&#039;nin \u0130lk Tescilli Pidecisi\",\"potentialAction\":[{\"@type\":\"SearchAction\",\"target\":{\"@type\":\"EntryPoint\",\"urlTemplate\":\"https:\/\/www.nizampide.com\/?s={search_term_string}\"},\"query-input\":\"required name=search_term_string\"}],\"inLanguage\":\"en-US\"}]}<\/script>\n<!-- \/ Yoast SEO plugin. -->","yoast_head_json":{"title":"Roast Chicken with Pilaf","description":"Roast chicken with pilaf is served to you as a delicacy of flavor with the spice added on top of the delicious rice pilaf.","robots":{"index":"index","follow":"follow","max-snippet":"max-snippet:-1","max-image-preview":"max-image-preview:large","max-video-preview":"max-video-preview:-1"},"canonical":"https:\/\/www.nizampide.com\/yemeklerimiz\/cevirme-pilic\/pilav-ustu-pilic-cevirme\/","og_locale":"en_US","og_type":"article","og_title":"Roast Chicken with Pilaf","og_description":"Roast chicken with pilaf is served to you as a delicacy of flavor with the spice added on top of the delicious rice pilaf.","og_url":"https:\/\/www.nizampide.com\/yemeklerimiz\/cevirme-pilic\/pilav-ustu-pilic-cevirme\/","og_site_name":"Nizam Pide &amp; S\u00fctla\u00e7","article_modified_time":"2021-10-07T14:35:53+00:00","og_image":[{"width":600,"height":600,"url":"https:\/\/www.nizampide.com\/wp-content\/uploads\/2018\/07\/pilav-\u00fcst\u00fc-tavuk-pili\u00e7-\u00e7evirme-nizam-pide-s\u00fctla\u00e7-istanbul-beyo\u011flu-istiklal-caddesi.jpg","type":"image\/jpeg"}],"twitter_card":"summary_large_image","twitter_misc":{"Est. reading time":"2 minutes"},"schema":{"@context":"https:\/\/schema.org","@graph":[{"@type":"WebPage","@id":"https:\/\/www.nizampide.com\/yemeklerimiz\/cevirme-pilic\/pilav-ustu-pilic-cevirme\/","url":"https:\/\/www.nizampide.com\/yemeklerimiz\/cevirme-pilic\/pilav-ustu-pilic-cevirme\/","name":"Roast Chicken with Pilaf","isPartOf":{"@id":"https:\/\/www.nizampide.com\/#website"},"datePublished":"2018-07-12T10:12:49+00:00","dateModified":"2021-10-07T14:35:53+00:00","description":"Roast chicken with pilaf is served to you as a delicacy of flavor with the spice added on top of the delicious rice pilaf.","breadcrumb":{"@id":"https:\/\/www.nizampide.com\/yemeklerimiz\/cevirme-pilic\/pilav-ustu-pilic-cevirme\/#breadcrumb"},"inLanguage":"en-US","potentialAction":[{"@type":"ReadAction","target":["https:\/\/www.nizampide.com\/yemeklerimiz\/cevirme-pilic\/pilav-ustu-pilic-cevirme\/"]}]},{"@type":"BreadcrumbList","@id":"https:\/\/www.nizampide.com\/yemeklerimiz\/cevirme-pilic\/pilav-ustu-pilic-cevirme\/#breadcrumb","itemListElement":[{"@type":"ListItem","position":1,"name":"Ana sayfa","item":"https:\/\/www.nizampide.com\/"},{"@type":"ListItem","position":2,"name":"Yemeklerimiz","item":"https:\/\/www.nizampide.com\/yemeklerimiz\/"},{"@type":"ListItem","position":3,"name":"Roast Chicken with Pilaf"}]},{"@type":"WebSite","@id":"https:\/\/www.nizampide.com\/#website","url":"https:\/\/www.nizampide.com\/","name":"Nizam Pide &amp; S\u00fctla\u00e7","description":"T\u00fcrkiye&#039;nin \u0130lk Tescilli Pidecisi","potentialAction":[{"@type":"SearchAction","target":{"@type":"EntryPoint","urlTemplate":"https:\/\/www.nizampide.com\/?s={search_term_string}"},"query-input":"required name=search_term_string"}],"inLanguage":"en-US"}]}},"_links":{"self":[{"href":"https:\/\/www.nizampide.com\/en\/wp-json\/wp\/v2\/product\/5684"}],"collection":[{"href":"https:\/\/www.nizampide.com\/en\/wp-json\/wp\/v2\/product"}],"about":[{"href":"https:\/\/www.nizampide.com\/en\/wp-json\/wp\/v2\/types\/product"}],"replies":[{"embeddable":true,"href":"https:\/\/www.nizampide.com\/en\/wp-json\/wp\/v2\/comments?post=5684"}],"wp:featuredmedia":[{"embeddable":true,"href":"https:\/\/www.nizampide.com\/en\/wp-json\/wp\/v2\/media\/4968"}],"wp:attachment":[{"href":"https:\/\/www.nizampide.com\/en\/wp-json\/wp\/v2\/media?parent=5684"}],"wp:term":[{"taxonomy":"product_cat","embeddable":true,"href":"https:\/\/www.nizampide.com\/en\/wp-json\/wp\/v2\/product_cat?post=5684"},{"taxonomy":"product_tag","embeddable":true,"href":"https:\/\/www.nizampide.com\/en\/wp-json\/wp\/v2\/product_tag?post=5684"}],"curies":[{"name":"wp","href":"https:\/\/api.w.org\/{rel}","templated":true}]}}