{"id":5693,"date":"2018-07-12T13:06:32","date_gmt":"2018-07-12T10:06:32","guid":{"rendered":"https:\/\/www.nizampide.com\/yemeklerimiz\/kategorilenmemis\/mercimek-corbasi\/"},"modified":"2021-10-07T17:36:21","modified_gmt":"2021-10-07T14:36:21","slug":"lentil-soup","status":"publish","type":"product","link":"https:\/\/www.nizampide.com\/en\/yemeklerimiz\/soups\/lentil-soup\/","title":{"rendered":"Lentil Soup"},"content":{"rendered":"<h3><strong>Lentil Soup<\/strong><\/h3>\n<p>Nizam Pide always prepares all the products with plenty of materials and in principle uses materials in first class quality. Lentil soup is a very satisfactory soup as it is prepared exactly likehow this must be prepared. Our lentil soup become even more delicious thanks to our talented chefs. Even if you do not want any other product, this lentil soup alone is enough, with our special bread baked in our wood oven.<\/p>\n<p>All of the ingredients used in the preparation of low calorie but high vitamin lentil soup is taken from domestic and high quality producers of Anatolian soil. All the products used in this soup are organic. That&#8217;s why the Nizam Pide has always been on the same line since the &#8217;70s, and the regular customers are dependent on it. We always keep quality and customer satisfaction first, and we know it is the greatest achievement to make our customers happy.<\/p>\n<p>Hurry to eat our lentil soup in our spacious and family-friendly places. For now, we have only 3 branches where in \u0130stiklal Street, Harbiye and Galatasaray regions. Lentil soup is prepared as a standard without anyhot pepper, but you can add more flavor to the soup by adding the standard Urfa pepper or special hot sauces. We are waiting for you every day of the week to offer you lentil soup in one of our branches, with our smile-faced staff.<\/p>\n<p>Precious customers who want to consume lentil soup at home or at work without coming to the branch can make package orders from Beyoglu, Taksim, Dolmabah\u00e7e, Karak\u00f6y, Kabata\u015f, \u015ei\u015fhane, Kas\u0131mpa\u015fa, Kurtulu\u015f, Ni\u015fanta\u015f\u0131 and Be\u015fikta\u015f regions. You can pay with your credit card or debit by adding the soup to your basket to create the package order. Our valued customers who do not want to use our webpage can create orders within seconds.<\/p>\n<p><span style=\"font-size: xx-small; color: #b2292e;\"><strong>All Rights Reserved. Copyright\u00a0\u00a9 Nizam Pide &#038; S\u00fctla\u00e7<\/strong><\/span><br \/>\n<span style=\"font-size: xx-small;\">Using, copying, reproduction and publication of the  photographs of productions other than the information of Nizam Pide &#038; S\u00fctlac are prohibited. To whom do unauthorized copying or duplication. Legal action will be taken in line with the rights recognized in the Turkish Republic Constitution.<\/span><\/p>\n","protected":false},"excerpt":{"rendered":"<p>Lentil soup, which is the most consumed soup in our country, is a soup which has high nutritional value and can be consumed at all hours of the day with its abundant nutritional values. Do not any comment without trying Nizam Pide&#8217;s lentil soup.<br \/>\n<img loading=\"lazy\" decoding=\"async\" class=\"alignnone size-full wp-image-4858\" src=\"https:\/\/www.nizampide.com\/wp-content\/uploads\/2018\/08\/nizam-pide-s\u00fctla\u00e7-turkish-meals-simge.png\" alt=\"Turkish Meals - Madonna Lily Hygiene Certificate\" width=\"255\" height=\"170\" \/><\/p>\n","protected":false},"featured_media":4947,"comment_status":"closed","ping_status":"closed","template":"","meta":[],"product_cat":[168],"product_tag":[169,173,174,171],"yoast_head":"<!-- This site is optimized with the Yoast SEO plugin v22.0 - https:\/\/yoast.com\/wordpress\/plugins\/seo\/ -->\n<title>Lentil Soup - Nizam Pide &amp; S\u00fctla\u00e7<\/title>\n<meta name=\"description\" content=\"Lentil soup is a very satisfactory soup as it is prepared exactly likehow this must be prepared. Our lentil soup become even more delicious\" \/>\n<meta name=\"robots\" content=\"index, follow, max-snippet:-1, max-image-preview:large, max-video-preview:-1\" \/>\n<link rel=\"canonical\" href=\"https:\/\/www.nizampide.com\/yemeklerimiz\/corba\/mercimek-corbasi\/\" \/>\n<meta property=\"og:locale\" content=\"en_US\" \/>\n<meta property=\"og:type\" content=\"article\" \/>\n<meta property=\"og:title\" content=\"Lentil Soup - Nizam Pide &amp; S\u00fctla\u00e7\" \/>\n<meta property=\"og:description\" content=\"Lentil soup is a very satisfactory soup as it is prepared exactly likehow this must be prepared. Our lentil soup become even more delicious\" \/>\n<meta property=\"og:url\" content=\"https:\/\/www.nizampide.com\/yemeklerimiz\/corba\/mercimek-corbasi\/\" \/>\n<meta property=\"og:site_name\" content=\"Nizam Pide &amp; S\u00fctla\u00e7\" \/>\n<meta property=\"article:modified_time\" content=\"2021-10-07T14:36:21+00:00\" \/>\n<meta property=\"og:image\" content=\"https:\/\/www.nizampide.com\/wp-content\/uploads\/2018\/07\/mercimek-\u00e7orbas\u0131-nizam-pide-s\u00fctla\u00e7-istanbul-beyo\u011flu-istiklal-caddesi.jpg\" \/>\n\t<meta property=\"og:image:width\" content=\"600\" \/>\n\t<meta property=\"og:image:height\" content=\"600\" \/>\n\t<meta property=\"og:image:type\" content=\"image\/jpeg\" \/>\n<meta name=\"twitter:card\" content=\"summary_large_image\" \/>\n<meta name=\"twitter:label1\" content=\"Est. reading time\" \/>\n\t<meta name=\"twitter:data1\" content=\"2 minutes\" \/>\n<script type=\"application\/ld+json\" class=\"yoast-schema-graph\">{\"@context\":\"https:\/\/schema.org\",\"@graph\":[{\"@type\":\"WebPage\",\"@id\":\"https:\/\/www.nizampide.com\/yemeklerimiz\/corba\/mercimek-corbasi\/\",\"url\":\"https:\/\/www.nizampide.com\/yemeklerimiz\/corba\/mercimek-corbasi\/\",\"name\":\"Lentil Soup - Nizam Pide &amp; S\u00fctla\u00e7\",\"isPartOf\":{\"@id\":\"https:\/\/www.nizampide.com\/#website\"},\"datePublished\":\"2018-07-12T10:06:32+00:00\",\"dateModified\":\"2021-10-07T14:36:21+00:00\",\"description\":\"Lentil soup is a very satisfactory soup as it is prepared exactly likehow this must be prepared. Our lentil soup become even more delicious\",\"breadcrumb\":{\"@id\":\"https:\/\/www.nizampide.com\/yemeklerimiz\/corba\/mercimek-corbasi\/#breadcrumb\"},\"inLanguage\":\"en-US\",\"potentialAction\":[{\"@type\":\"ReadAction\",\"target\":[\"https:\/\/www.nizampide.com\/yemeklerimiz\/corba\/mercimek-corbasi\/\"]}]},{\"@type\":\"BreadcrumbList\",\"@id\":\"https:\/\/www.nizampide.com\/yemeklerimiz\/corba\/mercimek-corbasi\/#breadcrumb\",\"itemListElement\":[{\"@type\":\"ListItem\",\"position\":1,\"name\":\"Ana sayfa\",\"item\":\"https:\/\/www.nizampide.com\/\"},{\"@type\":\"ListItem\",\"position\":2,\"name\":\"Yemeklerimiz\",\"item\":\"https:\/\/www.nizampide.com\/yemeklerimiz\/\"},{\"@type\":\"ListItem\",\"position\":3,\"name\":\"Lentil Soup\"}]},{\"@type\":\"WebSite\",\"@id\":\"https:\/\/www.nizampide.com\/#website\",\"url\":\"https:\/\/www.nizampide.com\/\",\"name\":\"Nizam Pide &amp; S\u00fctla\u00e7\",\"description\":\"T\u00fcrkiye&#039;nin \u0130lk Tescilli Pidecisi\",\"potentialAction\":[{\"@type\":\"SearchAction\",\"target\":{\"@type\":\"EntryPoint\",\"urlTemplate\":\"https:\/\/www.nizampide.com\/?s={search_term_string}\"},\"query-input\":\"required name=search_term_string\"}],\"inLanguage\":\"en-US\"}]}<\/script>\n<!-- \/ Yoast SEO plugin. -->","yoast_head_json":{"title":"Lentil Soup - Nizam Pide &amp; S\u00fctla\u00e7","description":"Lentil soup is a very satisfactory soup as it is prepared exactly likehow this must be prepared. Our lentil soup become even more delicious","robots":{"index":"index","follow":"follow","max-snippet":"max-snippet:-1","max-image-preview":"max-image-preview:large","max-video-preview":"max-video-preview:-1"},"canonical":"https:\/\/www.nizampide.com\/yemeklerimiz\/corba\/mercimek-corbasi\/","og_locale":"en_US","og_type":"article","og_title":"Lentil Soup - Nizam Pide &amp; S\u00fctla\u00e7","og_description":"Lentil soup is a very satisfactory soup as it is prepared exactly likehow this must be prepared. Our lentil soup become even more delicious","og_url":"https:\/\/www.nizampide.com\/yemeklerimiz\/corba\/mercimek-corbasi\/","og_site_name":"Nizam Pide &amp; S\u00fctla\u00e7","article_modified_time":"2021-10-07T14:36:21+00:00","og_image":[{"width":600,"height":600,"url":"https:\/\/www.nizampide.com\/wp-content\/uploads\/2018\/07\/mercimek-\u00e7orbas\u0131-nizam-pide-s\u00fctla\u00e7-istanbul-beyo\u011flu-istiklal-caddesi.jpg","type":"image\/jpeg"}],"twitter_card":"summary_large_image","twitter_misc":{"Est. reading time":"2 minutes"},"schema":{"@context":"https:\/\/schema.org","@graph":[{"@type":"WebPage","@id":"https:\/\/www.nizampide.com\/yemeklerimiz\/corba\/mercimek-corbasi\/","url":"https:\/\/www.nizampide.com\/yemeklerimiz\/corba\/mercimek-corbasi\/","name":"Lentil Soup - Nizam Pide &amp; S\u00fctla\u00e7","isPartOf":{"@id":"https:\/\/www.nizampide.com\/#website"},"datePublished":"2018-07-12T10:06:32+00:00","dateModified":"2021-10-07T14:36:21+00:00","description":"Lentil soup is a very satisfactory soup as it is prepared exactly likehow this must be prepared. Our lentil soup become even more delicious","breadcrumb":{"@id":"https:\/\/www.nizampide.com\/yemeklerimiz\/corba\/mercimek-corbasi\/#breadcrumb"},"inLanguage":"en-US","potentialAction":[{"@type":"ReadAction","target":["https:\/\/www.nizampide.com\/yemeklerimiz\/corba\/mercimek-corbasi\/"]}]},{"@type":"BreadcrumbList","@id":"https:\/\/www.nizampide.com\/yemeklerimiz\/corba\/mercimek-corbasi\/#breadcrumb","itemListElement":[{"@type":"ListItem","position":1,"name":"Ana sayfa","item":"https:\/\/www.nizampide.com\/"},{"@type":"ListItem","position":2,"name":"Yemeklerimiz","item":"https:\/\/www.nizampide.com\/yemeklerimiz\/"},{"@type":"ListItem","position":3,"name":"Lentil Soup"}]},{"@type":"WebSite","@id":"https:\/\/www.nizampide.com\/#website","url":"https:\/\/www.nizampide.com\/","name":"Nizam Pide &amp; S\u00fctla\u00e7","description":"T\u00fcrkiye&#039;nin \u0130lk Tescilli Pidecisi","potentialAction":[{"@type":"SearchAction","target":{"@type":"EntryPoint","urlTemplate":"https:\/\/www.nizampide.com\/?s={search_term_string}"},"query-input":"required name=search_term_string"}],"inLanguage":"en-US"}]}},"_links":{"self":[{"href":"https:\/\/www.nizampide.com\/en\/wp-json\/wp\/v2\/product\/5693"}],"collection":[{"href":"https:\/\/www.nizampide.com\/en\/wp-json\/wp\/v2\/product"}],"about":[{"href":"https:\/\/www.nizampide.com\/en\/wp-json\/wp\/v2\/types\/product"}],"replies":[{"embeddable":true,"href":"https:\/\/www.nizampide.com\/en\/wp-json\/wp\/v2\/comments?post=5693"}],"wp:featuredmedia":[{"embeddable":true,"href":"https:\/\/www.nizampide.com\/en\/wp-json\/wp\/v2\/media\/4947"}],"wp:attachment":[{"href":"https:\/\/www.nizampide.com\/en\/wp-json\/wp\/v2\/media?parent=5693"}],"wp:term":[{"taxonomy":"product_cat","embeddable":true,"href":"https:\/\/www.nizampide.com\/en\/wp-json\/wp\/v2\/product_cat?post=5693"},{"taxonomy":"product_tag","embeddable":true,"href":"https:\/\/www.nizampide.com\/en\/wp-json\/wp\/v2\/product_tag?post=5693"}],"curies":[{"name":"wp","href":"https:\/\/api.w.org\/{rel}","templated":true}]}}