{"id":5699,"date":"2018-07-12T12:11:15","date_gmt":"2018-07-12T09:11:15","guid":{"rendered":"https:\/\/www.nizampide.com\/yemeklerimiz\/kategorilenmemis\/nizam-special-pide\/"},"modified":"2021-10-07T17:36:38","modified_gmt":"2021-10-07T14:36:38","slug":"nizam-special-pita","status":"publish","type":"product","link":"https:\/\/www.nizampide.com\/en\/yemeklerimiz\/pitas\/nizam-special-pita\/","title":{"rendered":"Nizam Special Pita"},"content":{"rendered":"<h3><strong>Nizam Special Pita<\/strong><\/h3>\n<p>Nizam Special Pita is the pizza of Turkish cuisine. The variety of the ingredients inside and the plentiful addition of the image suggests pizzas, but it is much more delicious than pizzas. Nizam Pita always makes use of the local products that it has made as a principle and it is felt most in Nizam Special Pita because it has a lot of kinds of materials. It has true Trabzon butter, Trabzon and various Black Sea regions cheeses, Kayseri past\u0131rma, kayseri water, seasonal organic vegetables. All of these wonderful flavors are combined with Nizam Pita&#8217;s special dough and given to wood fire. Thanks to our organic flavors and our talented craftsmen, a very special pita comes out.<\/p>\n<p>Like Nizam pita is in all pitas, Special Pita product also gives importance to the use of regional flavors. It makes its pastry from the best local producers of Kayseri and the cheese from the best local producers of the Black Sea region. This is the reason why the standard of flavor has never broken since the 70&#8217;s. As Nizam Pita, hygiene is very important in our kitchens and we are proud of the awards we have received in this area. Turkey&#8217;s first registered pita maker as we cook all our cakes in the oven heated with natural wood fire. At this point, pita is getting warmer and also it is getting famous with its famous smell. As soon as all of our pellas come out of the fire of wood, the true ceiling is made with the true cider.<\/p>\n<p>We are waiting for you to enjoy Istiklal Caddesi, Galatasaray and Harbiye branches in order to taste the famous tastes of Black Sea and Turkish cuisine in our spacious and spacious places. All our local delicacies will be prepared with the presentation of our g\u00fcler faced staff. We guarantee that you will come back to Nizam Special Pita after the installation and even promise your friends.<\/p>\n<p>Our valued customers in Beyoglu, Taksim, Dolmabah\u00e7e, Karakoy, Kabatas, \u015ei\u015fhane, Kas\u0131mpa\u015fa, Kurtulu\u015f, Ni\u015fanta\u015f\u0131 and Be\u015fikta\u015f regions can also request Nizam Special Pita in the form of package order. In package services, special packages are used to make pavillers as hot and crispy as your door, and our couriers are reaching your pidier address very quickly.<\/p>\n<p><span style=\"font-size: xx-small; color: #b2292e;\"><strong>All Rights Reserved. Copyright\u00a0\u00a9 Nizam Pide &#038; S\u00fctla\u00e7<\/strong><\/span><br \/>\n<span style=\"font-size: xx-small;\">Using, copying, reproduction and publication of the  photographs of productions other than the information of Nizam Pide &#038; S\u00fctlac are prohibited. To whom do unauthorized copying or duplication. Legal action will be taken in line with the rights recognized in the Turkish Republic Constitution.<\/span><\/p>\n","protected":false},"excerpt":{"rendered":"<p>We are with you with our most special prizes, as can be understood from its name. Nizam Special Pita has all our special materials. All materials are plentifully incorporated into the pliant and presented to our customers. You must absolutely taste the special pita of Nizam Pita.<br \/>\n<img loading=\"lazy\" decoding=\"async\" class=\"alignnone size-full wp-image-4858\" src=\"https:\/\/www.nizampide.com\/wp-content\/uploads\/2018\/08\/nizam-pide-s\u00fctla\u00e7-turkish-meals-simge.png\" alt=\"Turkish Meals - Madonna Lily Hygiene Certificate\" width=\"255\" height=\"170\" \/><\/p>\n","protected":false},"featured_media":4934,"comment_status":"closed","ping_status":"closed","template":"","meta":[],"product_cat":[176],"product_tag":[177,183,179,180,181,138,137,182],"yoast_head":"<!-- This site is optimized with the Yoast SEO plugin v22.0 - https:\/\/yoast.com\/wordpress\/plugins\/seo\/ -->\n<title>Nizam Special Pita<\/title>\n<meta name=\"description\" content=\"Nizam special pita is the pizza of Turkish cuisine. The variety of the ingredients inside and the plentiful addition of the image suggests pizzas\" \/>\n<meta name=\"robots\" content=\"index, follow, max-snippet:-1, max-image-preview:large, max-video-preview:-1\" \/>\n<link rel=\"canonical\" href=\"https:\/\/www.nizampide.com\/yemeklerimiz\/pide\/nizam-special-pide\/\" \/>\n<meta property=\"og:locale\" content=\"en_US\" \/>\n<meta property=\"og:type\" content=\"article\" \/>\n<meta property=\"og:title\" content=\"Nizam Special Pita\" \/>\n<meta property=\"og:description\" content=\"Nizam special pita is the pizza of Turkish cuisine. The variety of the ingredients inside and the plentiful addition of the image suggests pizzas\" \/>\n<meta property=\"og:url\" content=\"https:\/\/www.nizampide.com\/yemeklerimiz\/pide\/nizam-special-pide\/\" \/>\n<meta property=\"og:site_name\" content=\"Nizam Pide &amp; S\u00fctla\u00e7\" \/>\n<meta property=\"article:modified_time\" content=\"2021-10-07T14:36:38+00:00\" \/>\n<meta property=\"og:image\" content=\"https:\/\/www.nizampide.com\/wp-content\/uploads\/2018\/07\/nizam-special-pide-nizam-pide-s\u00fctla\u00e7-istanbul-beyo\u011flu.jpg\" \/>\n\t<meta property=\"og:image:width\" content=\"600\" \/>\n\t<meta property=\"og:image:height\" content=\"600\" \/>\n\t<meta property=\"og:image:type\" content=\"image\/jpeg\" \/>\n<meta name=\"twitter:card\" content=\"summary_large_image\" \/>\n<meta name=\"twitter:label1\" content=\"Est. reading time\" \/>\n\t<meta name=\"twitter:data1\" content=\"2 minutes\" \/>\n<script type=\"application\/ld+json\" class=\"yoast-schema-graph\">{\"@context\":\"https:\/\/schema.org\",\"@graph\":[{\"@type\":\"WebPage\",\"@id\":\"https:\/\/www.nizampide.com\/yemeklerimiz\/pide\/nizam-special-pide\/\",\"url\":\"https:\/\/www.nizampide.com\/yemeklerimiz\/pide\/nizam-special-pide\/\",\"name\":\"Nizam Special Pita\",\"isPartOf\":{\"@id\":\"https:\/\/www.nizampide.com\/#website\"},\"datePublished\":\"2018-07-12T09:11:15+00:00\",\"dateModified\":\"2021-10-07T14:36:38+00:00\",\"description\":\"Nizam special pita is the pizza of Turkish cuisine. The variety of the ingredients inside and the plentiful addition of the image suggests pizzas\",\"breadcrumb\":{\"@id\":\"https:\/\/www.nizampide.com\/yemeklerimiz\/pide\/nizam-special-pide\/#breadcrumb\"},\"inLanguage\":\"en-US\",\"potentialAction\":[{\"@type\":\"ReadAction\",\"target\":[\"https:\/\/www.nizampide.com\/yemeklerimiz\/pide\/nizam-special-pide\/\"]}]},{\"@type\":\"BreadcrumbList\",\"@id\":\"https:\/\/www.nizampide.com\/yemeklerimiz\/pide\/nizam-special-pide\/#breadcrumb\",\"itemListElement\":[{\"@type\":\"ListItem\",\"position\":1,\"name\":\"Ana sayfa\",\"item\":\"https:\/\/www.nizampide.com\/\"},{\"@type\":\"ListItem\",\"position\":2,\"name\":\"Yemeklerimiz\",\"item\":\"https:\/\/www.nizampide.com\/yemeklerimiz\/\"},{\"@type\":\"ListItem\",\"position\":3,\"name\":\"Nizam Special Pita\"}]},{\"@type\":\"WebSite\",\"@id\":\"https:\/\/www.nizampide.com\/#website\",\"url\":\"https:\/\/www.nizampide.com\/\",\"name\":\"Nizam Pide &amp; S\u00fctla\u00e7\",\"description\":\"T\u00fcrkiye&#039;nin \u0130lk Tescilli Pidecisi\",\"potentialAction\":[{\"@type\":\"SearchAction\",\"target\":{\"@type\":\"EntryPoint\",\"urlTemplate\":\"https:\/\/www.nizampide.com\/?s={search_term_string}\"},\"query-input\":\"required name=search_term_string\"}],\"inLanguage\":\"en-US\"}]}<\/script>\n<!-- \/ Yoast SEO plugin. -->","yoast_head_json":{"title":"Nizam Special Pita","description":"Nizam special pita is the pizza of Turkish cuisine. The variety of the ingredients inside and the plentiful addition of the image suggests pizzas","robots":{"index":"index","follow":"follow","max-snippet":"max-snippet:-1","max-image-preview":"max-image-preview:large","max-video-preview":"max-video-preview:-1"},"canonical":"https:\/\/www.nizampide.com\/yemeklerimiz\/pide\/nizam-special-pide\/","og_locale":"en_US","og_type":"article","og_title":"Nizam Special Pita","og_description":"Nizam special pita is the pizza of Turkish cuisine. The variety of the ingredients inside and the plentiful addition of the image suggests pizzas","og_url":"https:\/\/www.nizampide.com\/yemeklerimiz\/pide\/nizam-special-pide\/","og_site_name":"Nizam Pide &amp; S\u00fctla\u00e7","article_modified_time":"2021-10-07T14:36:38+00:00","og_image":[{"width":600,"height":600,"url":"https:\/\/www.nizampide.com\/wp-content\/uploads\/2018\/07\/nizam-special-pide-nizam-pide-s\u00fctla\u00e7-istanbul-beyo\u011flu.jpg","type":"image\/jpeg"}],"twitter_card":"summary_large_image","twitter_misc":{"Est. reading time":"2 minutes"},"schema":{"@context":"https:\/\/schema.org","@graph":[{"@type":"WebPage","@id":"https:\/\/www.nizampide.com\/yemeklerimiz\/pide\/nizam-special-pide\/","url":"https:\/\/www.nizampide.com\/yemeklerimiz\/pide\/nizam-special-pide\/","name":"Nizam Special Pita","isPartOf":{"@id":"https:\/\/www.nizampide.com\/#website"},"datePublished":"2018-07-12T09:11:15+00:00","dateModified":"2021-10-07T14:36:38+00:00","description":"Nizam special pita is the pizza of Turkish cuisine. The variety of the ingredients inside and the plentiful addition of the image suggests pizzas","breadcrumb":{"@id":"https:\/\/www.nizampide.com\/yemeklerimiz\/pide\/nizam-special-pide\/#breadcrumb"},"inLanguage":"en-US","potentialAction":[{"@type":"ReadAction","target":["https:\/\/www.nizampide.com\/yemeklerimiz\/pide\/nizam-special-pide\/"]}]},{"@type":"BreadcrumbList","@id":"https:\/\/www.nizampide.com\/yemeklerimiz\/pide\/nizam-special-pide\/#breadcrumb","itemListElement":[{"@type":"ListItem","position":1,"name":"Ana sayfa","item":"https:\/\/www.nizampide.com\/"},{"@type":"ListItem","position":2,"name":"Yemeklerimiz","item":"https:\/\/www.nizampide.com\/yemeklerimiz\/"},{"@type":"ListItem","position":3,"name":"Nizam Special Pita"}]},{"@type":"WebSite","@id":"https:\/\/www.nizampide.com\/#website","url":"https:\/\/www.nizampide.com\/","name":"Nizam Pide &amp; S\u00fctla\u00e7","description":"T\u00fcrkiye&#039;nin \u0130lk Tescilli Pidecisi","potentialAction":[{"@type":"SearchAction","target":{"@type":"EntryPoint","urlTemplate":"https:\/\/www.nizampide.com\/?s={search_term_string}"},"query-input":"required name=search_term_string"}],"inLanguage":"en-US"}]}},"_links":{"self":[{"href":"https:\/\/www.nizampide.com\/en\/wp-json\/wp\/v2\/product\/5699"}],"collection":[{"href":"https:\/\/www.nizampide.com\/en\/wp-json\/wp\/v2\/product"}],"about":[{"href":"https:\/\/www.nizampide.com\/en\/wp-json\/wp\/v2\/types\/product"}],"replies":[{"embeddable":true,"href":"https:\/\/www.nizampide.com\/en\/wp-json\/wp\/v2\/comments?post=5699"}],"wp:featuredmedia":[{"embeddable":true,"href":"https:\/\/www.nizampide.com\/en\/wp-json\/wp\/v2\/media\/4934"}],"wp:attachment":[{"href":"https:\/\/www.nizampide.com\/en\/wp-json\/wp\/v2\/media?parent=5699"}],"wp:term":[{"taxonomy":"product_cat","embeddable":true,"href":"https:\/\/www.nizampide.com\/en\/wp-json\/wp\/v2\/product_cat?post=5699"},{"taxonomy":"product_tag","embeddable":true,"href":"https:\/\/www.nizampide.com\/en\/wp-json\/wp\/v2\/product_tag?post=5699"}],"curies":[{"name":"wp","href":"https:\/\/api.w.org\/{rel}","templated":true}]}}