{"id":5705,"date":"2018-07-12T12:05:45","date_gmt":"2018-07-12T09:05:45","guid":{"rendered":"https:\/\/www.nizampide.com\/yemeklerimiz\/kategorilenmemis\/vejetaryen-pide\/"},"modified":"2021-10-07T17:37:00","modified_gmt":"2021-10-07T14:37:00","slug":"vegetarian-pita","status":"publish","type":"product","link":"https:\/\/www.nizampide.com\/en\/yemeklerimiz\/pitas\/vegetarian-pita\/","title":{"rendered":"Vegetarian Pita"},"content":{"rendered":"<h3><strong>Vegetarian Pita<\/strong><\/h3>\n<p>The vegetarian pita we have prepared is among the best vegetarian food in this area. All materials used consist of materials that our vegetarian customers can consume. In the supply phase of these materials which are local and organic, Nizam Pide has been very sensitive since the year of 70 &#8216;s. Our products always have the same flavor because we always prefer quality and first-class materials.<\/p>\n<p>Our cheese used in vegetarian pita comes from regions with its own delicious cheeses such as Trabzon and the Black Sea region. The interior of our pita varies according to the season, and a wonderful vegetarian pita is prepared from the freshest vegetables of the season. All our pitas are made by our skillful Black Sean chefs. Nizam Pide&#8217;s products are carefully prepared as well as the cheese on the table. You will see this qualities and nature after the first bite you received from a vegetarian pita.<\/p>\n<p>We have been offering many products of Turkish cuisine, especially the Black Sean cuisine, to our customers for the highest quality for years. Even if a large portion of our products are meat, our vegetarian customers have delicious food with salads and desserts. We welcome you to one of our branches to get to know our local delicacies and entrust you with any of your meals. Istiklal Street, Galatasaray and Harbiye branches are spacious places. You can spend as much time as you like with your family and friends. Your guests will thank you for introducing them to Nizam Pide&#8217;s tastes and Black Sea Region cuisine.<\/p>\n<p>Our customers who want to taste Nizam Pide&#8217;s veggie pides but are away from our branches can use the package order option. We take the order of veggie pide from Beyo\u011flu, Taksim, Dolmabah\u00e7e, Karakoy, Kabatas, \u015ei\u015fhane, Kas\u0131mpa\u015fa, Kurtulu\u015f, Ni\u015fanta\u015f\u0131 and Be\u015fikta\u015f regions via internet or by telephone. Vegetarian pita is a product that needs to be consumed warmly, and for this reason our couriers use special packages to make the pita is as warm when arrived as its produced.<\/p>\n<p><span style=\"font-size: xx-small; color: #b2292e;\"><strong>All Rights Reserved. Copyright\u00a0\u00a9 Nizam Pide &#038; S\u00fctla\u00e7<\/strong><\/span><br \/>\n<span style=\"font-size: xx-small;\">Using, copying, reproduction and publication of the  photographs of productions other than the information of Nizam Pide &#038; S\u00fctlac are prohibited. To whom do unauthorized copying or duplication. Legal action will be taken in line with the rights recognized in the Turkish Republic Constitution.<\/span><\/p>\n","protected":false},"excerpt":{"rendered":"<p>The vegetarian pita that we prepare for our vegetarian customers who do not eat meat products such as meat, chicken and fish will has a chance to try our tastes with our vegetarian pita. Our seasonal herbs, spices and local special cheeses are cooked in the fire for our vegetarian pita.<br \/>\n<img loading=\"lazy\" decoding=\"async\" class=\"alignnone size-full wp-image-4858\" src=\"https:\/\/www.nizampide.com\/wp-content\/uploads\/2018\/08\/nizam-pide-s\u00fctla\u00e7-turkish-meals-simge.png\" alt=\"Turkish Meals - Madonna Lily Hygiene Certificate\" width=\"255\" height=\"170\" \/><\/p>\n","protected":false},"featured_media":4920,"comment_status":"closed","ping_status":"closed","template":"","meta":[],"product_cat":[176],"product_tag":[177,179,180,181,138,137,182,188],"yoast_head":"<!-- This site is optimized with the Yoast SEO plugin v22.0 - https:\/\/yoast.com\/wordpress\/plugins\/seo\/ -->\n<title>Vegetarian Pita - Nizam Pide &amp; S\u00fctla\u00e7<\/title>\n<meta name=\"description\" content=\"Our cheese used in vegetarian pita comes from regions with its own delicious cheeses such as Trabzon and the Black Sea region.\" \/>\n<meta name=\"robots\" content=\"index, follow, max-snippet:-1, max-image-preview:large, max-video-preview:-1\" \/>\n<link rel=\"canonical\" href=\"https:\/\/www.nizampide.com\/yemeklerimiz\/pide\/vejetaryen-pide\/\" \/>\n<meta property=\"og:locale\" content=\"en_US\" \/>\n<meta property=\"og:type\" content=\"article\" \/>\n<meta property=\"og:title\" content=\"Vegetarian Pita - Nizam Pide &amp; S\u00fctla\u00e7\" \/>\n<meta property=\"og:description\" content=\"Our cheese used in vegetarian pita comes from regions with its own delicious cheeses such as Trabzon and the Black Sea region.\" \/>\n<meta property=\"og:url\" content=\"https:\/\/www.nizampide.com\/yemeklerimiz\/pide\/vejetaryen-pide\/\" \/>\n<meta property=\"og:site_name\" content=\"Nizam Pide &amp; S\u00fctla\u00e7\" \/>\n<meta property=\"article:modified_time\" content=\"2021-10-07T14:37:00+00:00\" \/>\n<meta property=\"og:image\" content=\"https:\/\/www.nizampide.com\/wp-content\/uploads\/2018\/07\/vejeteryan-pide-nizam-pide-s\u00fctla\u00e7-istanbul-beyo\u011flu.jpg\" \/>\n\t<meta property=\"og:image:width\" content=\"600\" \/>\n\t<meta property=\"og:image:height\" content=\"600\" \/>\n\t<meta property=\"og:image:type\" content=\"image\/jpeg\" \/>\n<meta name=\"twitter:card\" content=\"summary_large_image\" \/>\n<meta name=\"twitter:label1\" content=\"Est. reading time\" \/>\n\t<meta name=\"twitter:data1\" content=\"2 minutes\" \/>\n<script type=\"application\/ld+json\" class=\"yoast-schema-graph\">{\"@context\":\"https:\/\/schema.org\",\"@graph\":[{\"@type\":\"WebPage\",\"@id\":\"https:\/\/www.nizampide.com\/yemeklerimiz\/pide\/vejetaryen-pide\/\",\"url\":\"https:\/\/www.nizampide.com\/yemeklerimiz\/pide\/vejetaryen-pide\/\",\"name\":\"Vegetarian Pita - Nizam Pide &amp; S\u00fctla\u00e7\",\"isPartOf\":{\"@id\":\"https:\/\/www.nizampide.com\/#website\"},\"datePublished\":\"2018-07-12T09:05:45+00:00\",\"dateModified\":\"2021-10-07T14:37:00+00:00\",\"description\":\"Our cheese used in vegetarian pita comes from regions with its own delicious cheeses such as Trabzon and the Black Sea region.\",\"breadcrumb\":{\"@id\":\"https:\/\/www.nizampide.com\/yemeklerimiz\/pide\/vejetaryen-pide\/#breadcrumb\"},\"inLanguage\":\"en-US\",\"potentialAction\":[{\"@type\":\"ReadAction\",\"target\":[\"https:\/\/www.nizampide.com\/yemeklerimiz\/pide\/vejetaryen-pide\/\"]}]},{\"@type\":\"BreadcrumbList\",\"@id\":\"https:\/\/www.nizampide.com\/yemeklerimiz\/pide\/vejetaryen-pide\/#breadcrumb\",\"itemListElement\":[{\"@type\":\"ListItem\",\"position\":1,\"name\":\"Ana sayfa\",\"item\":\"https:\/\/www.nizampide.com\/\"},{\"@type\":\"ListItem\",\"position\":2,\"name\":\"Yemeklerimiz\",\"item\":\"https:\/\/www.nizampide.com\/yemeklerimiz\/\"},{\"@type\":\"ListItem\",\"position\":3,\"name\":\"Vegetarian Pita\"}]},{\"@type\":\"WebSite\",\"@id\":\"https:\/\/www.nizampide.com\/#website\",\"url\":\"https:\/\/www.nizampide.com\/\",\"name\":\"Nizam Pide &amp; S\u00fctla\u00e7\",\"description\":\"T\u00fcrkiye&#039;nin \u0130lk Tescilli Pidecisi\",\"potentialAction\":[{\"@type\":\"SearchAction\",\"target\":{\"@type\":\"EntryPoint\",\"urlTemplate\":\"https:\/\/www.nizampide.com\/?s={search_term_string}\"},\"query-input\":\"required name=search_term_string\"}],\"inLanguage\":\"en-US\"}]}<\/script>\n<!-- \/ Yoast SEO plugin. -->","yoast_head_json":{"title":"Vegetarian Pita - Nizam Pide &amp; S\u00fctla\u00e7","description":"Our cheese used in vegetarian pita comes from regions with its own delicious cheeses such as Trabzon and the Black Sea region.","robots":{"index":"index","follow":"follow","max-snippet":"max-snippet:-1","max-image-preview":"max-image-preview:large","max-video-preview":"max-video-preview:-1"},"canonical":"https:\/\/www.nizampide.com\/yemeklerimiz\/pide\/vejetaryen-pide\/","og_locale":"en_US","og_type":"article","og_title":"Vegetarian Pita - Nizam Pide &amp; S\u00fctla\u00e7","og_description":"Our cheese used in vegetarian pita comes from regions with its own delicious cheeses such as Trabzon and the Black Sea region.","og_url":"https:\/\/www.nizampide.com\/yemeklerimiz\/pide\/vejetaryen-pide\/","og_site_name":"Nizam Pide &amp; S\u00fctla\u00e7","article_modified_time":"2021-10-07T14:37:00+00:00","og_image":[{"width":600,"height":600,"url":"https:\/\/www.nizampide.com\/wp-content\/uploads\/2018\/07\/vejeteryan-pide-nizam-pide-s\u00fctla\u00e7-istanbul-beyo\u011flu.jpg","type":"image\/jpeg"}],"twitter_card":"summary_large_image","twitter_misc":{"Est. reading time":"2 minutes"},"schema":{"@context":"https:\/\/schema.org","@graph":[{"@type":"WebPage","@id":"https:\/\/www.nizampide.com\/yemeklerimiz\/pide\/vejetaryen-pide\/","url":"https:\/\/www.nizampide.com\/yemeklerimiz\/pide\/vejetaryen-pide\/","name":"Vegetarian Pita - Nizam Pide &amp; S\u00fctla\u00e7","isPartOf":{"@id":"https:\/\/www.nizampide.com\/#website"},"datePublished":"2018-07-12T09:05:45+00:00","dateModified":"2021-10-07T14:37:00+00:00","description":"Our cheese used in vegetarian pita comes from regions with its own delicious cheeses such as Trabzon and the Black Sea region.","breadcrumb":{"@id":"https:\/\/www.nizampide.com\/yemeklerimiz\/pide\/vejetaryen-pide\/#breadcrumb"},"inLanguage":"en-US","potentialAction":[{"@type":"ReadAction","target":["https:\/\/www.nizampide.com\/yemeklerimiz\/pide\/vejetaryen-pide\/"]}]},{"@type":"BreadcrumbList","@id":"https:\/\/www.nizampide.com\/yemeklerimiz\/pide\/vejetaryen-pide\/#breadcrumb","itemListElement":[{"@type":"ListItem","position":1,"name":"Ana sayfa","item":"https:\/\/www.nizampide.com\/"},{"@type":"ListItem","position":2,"name":"Yemeklerimiz","item":"https:\/\/www.nizampide.com\/yemeklerimiz\/"},{"@type":"ListItem","position":3,"name":"Vegetarian Pita"}]},{"@type":"WebSite","@id":"https:\/\/www.nizampide.com\/#website","url":"https:\/\/www.nizampide.com\/","name":"Nizam Pide &amp; S\u00fctla\u00e7","description":"T\u00fcrkiye&#039;nin \u0130lk Tescilli Pidecisi","potentialAction":[{"@type":"SearchAction","target":{"@type":"EntryPoint","urlTemplate":"https:\/\/www.nizampide.com\/?s={search_term_string}"},"query-input":"required name=search_term_string"}],"inLanguage":"en-US"}]}},"_links":{"self":[{"href":"https:\/\/www.nizampide.com\/en\/wp-json\/wp\/v2\/product\/5705"}],"collection":[{"href":"https:\/\/www.nizampide.com\/en\/wp-json\/wp\/v2\/product"}],"about":[{"href":"https:\/\/www.nizampide.com\/en\/wp-json\/wp\/v2\/types\/product"}],"replies":[{"embeddable":true,"href":"https:\/\/www.nizampide.com\/en\/wp-json\/wp\/v2\/comments?post=5705"}],"wp:featuredmedia":[{"embeddable":true,"href":"https:\/\/www.nizampide.com\/en\/wp-json\/wp\/v2\/media\/4920"}],"wp:attachment":[{"href":"https:\/\/www.nizampide.com\/en\/wp-json\/wp\/v2\/media?parent=5705"}],"wp:term":[{"taxonomy":"product_cat","embeddable":true,"href":"https:\/\/www.nizampide.com\/en\/wp-json\/wp\/v2\/product_cat?post=5705"},{"taxonomy":"product_tag","embeddable":true,"href":"https:\/\/www.nizampide.com\/en\/wp-json\/wp\/v2\/product_tag?post=5705"}],"curies":[{"name":"wp","href":"https:\/\/api.w.org\/{rel}","templated":true}]}}