{"id":5707,"date":"2018-07-12T12:04:23","date_gmt":"2018-07-12T09:04:23","guid":{"rendered":"https:\/\/www.nizampide.com\/yemeklerimiz\/kategorilenmemis\/pastirmali-yumurtali-pide\/"},"modified":"2021-10-07T17:37:05","modified_gmt":"2021-10-07T14:37:05","slug":"pita-with-pastrami-and-egg","status":"publish","type":"product","link":"https:\/\/www.nizampide.com\/en\/yemeklerimiz\/pitas\/pita-with-pastrami-and-egg\/","title":{"rendered":"Pita with Pastrami and Egg"},"content":{"rendered":"<h3><strong>Pita with Pastrami and Egg<\/strong><\/h3>\n<p>The delicious Pastrami we brought from Kayseri, the finely chopped state and the organic egg breaking right in the middle of the heated pita&#8230; the result ; our most wanted pita: Pita with Pastrami and Egg. Thanks to the special dough, we guarantee that the bacon and egg are the best flavors of the pita with egg.<\/p>\n<p>Turkey&#8217;s first registered pita maker  Nizam Pide, for years to be chosen by the customer and the reason is always the same taste goers ability to offer their customers. The most important feature that makes this possible is the purchase of all products from the locality of the materials and from the reliable producers themselves. Nizam Pide\u2019s Pita with Pastrami and Egg, has a lot of quality food in it. For example pastrami comes from its homeland, Kayseri. Nizam Pide, who have been working for years and producing top-quality pitas never use ready-made products. As Nizam Pide, we are care about quality and customer satisfaction. For that we are the one of the best pita maker of our country.<\/p>\n<p>After ordering your Pita with Pastrami and Egg, we prepare it with cooked in wood fire by our Black Sea Region masters, your Pita with Pastrami and Egg will be ready shortly after your order. You will find that the dough is extra crunchy and plenty of stuff. It is a great idea for dinner as it will be consumed for breakfast, with a pastry egg pita to replace a fully productive meal. Attention is also paid to the fact that all the products are organic, from the special dough, to the internal materials and even to the wood burning in the oven. All pitas are served warmly in Nizam Pide. You may also order your Pita with Pastrami and Egg on our webpage or just calling us.<\/p>\n<p><span style=\"font-size: xx-small; color: #b2292e;\"><strong>All Rights Reserved. Copyright\u00a0\u00a9 Nizam Pide &#038; S\u00fctla\u00e7<\/strong><\/span><br \/>\n<span style=\"font-size: xx-small;\">Using, copying, reproduction and publication of the  photographs of productions other than the information of Nizam Pide &#038; S\u00fctlac are prohibited. To whom do unauthorized copying or duplication. Legal action will be taken in line with the rights recognized in the Turkish Republic Constitution.<\/span><\/p>\n","protected":false},"excerpt":{"rendered":"<p>Have you ever tried your Pita with Pastrami and Egg, which makes you happy even? Do yourself a favor and do not waste any more time without tasting this flavor.<br \/>\n<img loading=\"lazy\" decoding=\"async\" class=\"alignnone size-full wp-image-4858\" src=\"https:\/\/www.nizampide.com\/wp-content\/uploads\/2018\/08\/nizam-pide-s\u00fctla\u00e7-turkish-meals-simge.png\" alt=\"Turkish Meals - Madonna Lily Hygiene Certificate\" width=\"255\" height=\"170\" \/><\/p>\n","protected":false},"featured_media":4915,"comment_status":"closed","ping_status":"closed","template":"","meta":[],"product_cat":[176],"product_tag":[177,189,179,180,181,138,137,182],"yoast_head":"<!-- This site is optimized with the Yoast SEO plugin v22.0 - https:\/\/yoast.com\/wordpress\/plugins\/seo\/ -->\n<title>Pita with Pastrami and Egg<\/title>\n<meta name=\"description\" content=\"Have you ever tried your pita with pastrami and egg, which makes you happy even? Do yourself a favor and do not waste any more\" \/>\n<meta name=\"robots\" content=\"index, follow, max-snippet:-1, max-image-preview:large, max-video-preview:-1\" \/>\n<link rel=\"canonical\" href=\"https:\/\/www.nizampide.com\/yemeklerimiz\/pide\/pastirmali-yumurtali-pide\/\" \/>\n<meta property=\"og:locale\" content=\"en_US\" \/>\n<meta property=\"og:type\" content=\"article\" \/>\n<meta property=\"og:title\" content=\"Pita with Pastrami and Egg\" \/>\n<meta property=\"og:description\" content=\"Have you ever tried your pita with pastrami and egg, which makes you happy even? Do yourself a favor and do not waste any more\" \/>\n<meta property=\"og:url\" content=\"https:\/\/www.nizampide.com\/yemeklerimiz\/pide\/pastirmali-yumurtali-pide\/\" \/>\n<meta property=\"og:site_name\" content=\"Nizam Pide &amp; S\u00fctla\u00e7\" \/>\n<meta property=\"article:modified_time\" content=\"2021-10-07T14:37:05+00:00\" \/>\n<meta property=\"og:image\" content=\"https:\/\/www.nizampide.com\/wp-content\/uploads\/2018\/07\/past\u0131rmal\u0131-yumurtal\u0131-pide-nizam-pide-s\u00fctla\u00e7-istanbul-beyo\u011flu.jpg\" \/>\n\t<meta property=\"og:image:width\" content=\"600\" \/>\n\t<meta property=\"og:image:height\" content=\"600\" \/>\n\t<meta property=\"og:image:type\" content=\"image\/jpeg\" \/>\n<meta name=\"twitter:card\" content=\"summary_large_image\" \/>\n<meta name=\"twitter:label1\" content=\"Est. reading time\" \/>\n\t<meta name=\"twitter:data1\" content=\"2 minutes\" \/>\n<script type=\"application\/ld+json\" class=\"yoast-schema-graph\">{\"@context\":\"https:\/\/schema.org\",\"@graph\":[{\"@type\":\"WebPage\",\"@id\":\"https:\/\/www.nizampide.com\/yemeklerimiz\/pide\/pastirmali-yumurtali-pide\/\",\"url\":\"https:\/\/www.nizampide.com\/yemeklerimiz\/pide\/pastirmali-yumurtali-pide\/\",\"name\":\"Pita with Pastrami and Egg\",\"isPartOf\":{\"@id\":\"https:\/\/www.nizampide.com\/#website\"},\"datePublished\":\"2018-07-12T09:04:23+00:00\",\"dateModified\":\"2021-10-07T14:37:05+00:00\",\"description\":\"Have you ever tried your pita with pastrami and egg, which makes you happy even? Do yourself a favor and do not waste any more\",\"breadcrumb\":{\"@id\":\"https:\/\/www.nizampide.com\/yemeklerimiz\/pide\/pastirmali-yumurtali-pide\/#breadcrumb\"},\"inLanguage\":\"en-US\",\"potentialAction\":[{\"@type\":\"ReadAction\",\"target\":[\"https:\/\/www.nizampide.com\/yemeklerimiz\/pide\/pastirmali-yumurtali-pide\/\"]}]},{\"@type\":\"BreadcrumbList\",\"@id\":\"https:\/\/www.nizampide.com\/yemeklerimiz\/pide\/pastirmali-yumurtali-pide\/#breadcrumb\",\"itemListElement\":[{\"@type\":\"ListItem\",\"position\":1,\"name\":\"Ana sayfa\",\"item\":\"https:\/\/www.nizampide.com\/\"},{\"@type\":\"ListItem\",\"position\":2,\"name\":\"Yemeklerimiz\",\"item\":\"https:\/\/www.nizampide.com\/yemeklerimiz\/\"},{\"@type\":\"ListItem\",\"position\":3,\"name\":\"Pita with Pastrami and Egg\"}]},{\"@type\":\"WebSite\",\"@id\":\"https:\/\/www.nizampide.com\/#website\",\"url\":\"https:\/\/www.nizampide.com\/\",\"name\":\"Nizam Pide &amp; S\u00fctla\u00e7\",\"description\":\"T\u00fcrkiye&#039;nin \u0130lk Tescilli Pidecisi\",\"potentialAction\":[{\"@type\":\"SearchAction\",\"target\":{\"@type\":\"EntryPoint\",\"urlTemplate\":\"https:\/\/www.nizampide.com\/?s={search_term_string}\"},\"query-input\":\"required name=search_term_string\"}],\"inLanguage\":\"en-US\"}]}<\/script>\n<!-- \/ Yoast SEO plugin. -->","yoast_head_json":{"title":"Pita with Pastrami and Egg","description":"Have you ever tried your pita with pastrami and egg, which makes you happy even? Do yourself a favor and do not waste any more","robots":{"index":"index","follow":"follow","max-snippet":"max-snippet:-1","max-image-preview":"max-image-preview:large","max-video-preview":"max-video-preview:-1"},"canonical":"https:\/\/www.nizampide.com\/yemeklerimiz\/pide\/pastirmali-yumurtali-pide\/","og_locale":"en_US","og_type":"article","og_title":"Pita with Pastrami and Egg","og_description":"Have you ever tried your pita with pastrami and egg, which makes you happy even? Do yourself a favor and do not waste any more","og_url":"https:\/\/www.nizampide.com\/yemeklerimiz\/pide\/pastirmali-yumurtali-pide\/","og_site_name":"Nizam Pide &amp; S\u00fctla\u00e7","article_modified_time":"2021-10-07T14:37:05+00:00","og_image":[{"width":600,"height":600,"url":"https:\/\/www.nizampide.com\/wp-content\/uploads\/2018\/07\/past\u0131rmal\u0131-yumurtal\u0131-pide-nizam-pide-s\u00fctla\u00e7-istanbul-beyo\u011flu.jpg","type":"image\/jpeg"}],"twitter_card":"summary_large_image","twitter_misc":{"Est. reading time":"2 minutes"},"schema":{"@context":"https:\/\/schema.org","@graph":[{"@type":"WebPage","@id":"https:\/\/www.nizampide.com\/yemeklerimiz\/pide\/pastirmali-yumurtali-pide\/","url":"https:\/\/www.nizampide.com\/yemeklerimiz\/pide\/pastirmali-yumurtali-pide\/","name":"Pita with Pastrami and Egg","isPartOf":{"@id":"https:\/\/www.nizampide.com\/#website"},"datePublished":"2018-07-12T09:04:23+00:00","dateModified":"2021-10-07T14:37:05+00:00","description":"Have you ever tried your pita with pastrami and egg, which makes you happy even? Do yourself a favor and do not waste any more","breadcrumb":{"@id":"https:\/\/www.nizampide.com\/yemeklerimiz\/pide\/pastirmali-yumurtali-pide\/#breadcrumb"},"inLanguage":"en-US","potentialAction":[{"@type":"ReadAction","target":["https:\/\/www.nizampide.com\/yemeklerimiz\/pide\/pastirmali-yumurtali-pide\/"]}]},{"@type":"BreadcrumbList","@id":"https:\/\/www.nizampide.com\/yemeklerimiz\/pide\/pastirmali-yumurtali-pide\/#breadcrumb","itemListElement":[{"@type":"ListItem","position":1,"name":"Ana sayfa","item":"https:\/\/www.nizampide.com\/"},{"@type":"ListItem","position":2,"name":"Yemeklerimiz","item":"https:\/\/www.nizampide.com\/yemeklerimiz\/"},{"@type":"ListItem","position":3,"name":"Pita with Pastrami and Egg"}]},{"@type":"WebSite","@id":"https:\/\/www.nizampide.com\/#website","url":"https:\/\/www.nizampide.com\/","name":"Nizam Pide &amp; S\u00fctla\u00e7","description":"T\u00fcrkiye&#039;nin \u0130lk Tescilli Pidecisi","potentialAction":[{"@type":"SearchAction","target":{"@type":"EntryPoint","urlTemplate":"https:\/\/www.nizampide.com\/?s={search_term_string}"},"query-input":"required name=search_term_string"}],"inLanguage":"en-US"}]}},"_links":{"self":[{"href":"https:\/\/www.nizampide.com\/en\/wp-json\/wp\/v2\/product\/5707"}],"collection":[{"href":"https:\/\/www.nizampide.com\/en\/wp-json\/wp\/v2\/product"}],"about":[{"href":"https:\/\/www.nizampide.com\/en\/wp-json\/wp\/v2\/types\/product"}],"replies":[{"embeddable":true,"href":"https:\/\/www.nizampide.com\/en\/wp-json\/wp\/v2\/comments?post=5707"}],"wp:featuredmedia":[{"embeddable":true,"href":"https:\/\/www.nizampide.com\/en\/wp-json\/wp\/v2\/media\/4915"}],"wp:attachment":[{"href":"https:\/\/www.nizampide.com\/en\/wp-json\/wp\/v2\/media?parent=5707"}],"wp:term":[{"taxonomy":"product_cat","embeddable":true,"href":"https:\/\/www.nizampide.com\/en\/wp-json\/wp\/v2\/product_cat?post=5707"},{"taxonomy":"product_tag","embeddable":true,"href":"https:\/\/www.nizampide.com\/en\/wp-json\/wp\/v2\/product_tag?post=5707"}],"curies":[{"name":"wp","href":"https:\/\/api.w.org\/{rel}","templated":true}]}}