{"id":5717,"date":"2018-07-12T11:53:02","date_gmt":"2018-07-12T08:53:02","guid":{"rendered":"https:\/\/www.nizampide.com\/yemeklerimiz\/kategorilenmemis\/kiymali-yumurtali-pide\/"},"modified":"2021-10-07T17:37:32","modified_gmt":"2021-10-07T14:37:32","slug":"minced-egged-pita","status":"publish","type":"product","link":"https:\/\/www.nizampide.com\/en\/yemeklerimiz\/pitas\/minced-egged-pita\/","title":{"rendered":"Minced Egged Pita"},"content":{"rendered":"<h3><strong>Minced Egged Pita<\/strong><\/h3>\n<p>Minced egged pita is a great pita you can eat not only at dinner but also at all hours of the day. Minced egged pita, made in many regions of our country, is one of the most assertive products of Nizam Pide. The taste of the pita comes from Black Sea Region. We are already guaranteeing that you will be amazed with the smell of wood-fire. <\/p>\n<p>All the materials used in the Minced-egged pita are organic. We are not just an ordinary scoundrel but an pita maker that aims to serve our people with gourmet delicacies. Therefore Nizam Pide is also Turkey&#8217;s first registered pita maker. We have carefully created all the construction stages of pita. The pita prepares with organic foods. By the way, this minced-egged pita is a product prepared on condition that you can eat with both organic and gentle comfort. You can see the rewards we receive in the hygiene field with your own eyes one day as a guest. As Nizam Pide, we always follow the taste of quality. We pay great attention to your satisfaction.<\/p>\n<p>From the beautiful flesh of the Black Sea, we sell our meat one by one, and a whole organic egg is added to it, and our Minced-egged pita is ready.<br \/>\nThis wonderful organic flavor finally comes to you with the original owner. All of our products are taken directly from the local producers to the grapes, cucumbers and beverages to be served with it.<\/p>\n<p>We are waiting for our precious guests who want to consume the Minced-egged pita as a guest in one of our venues from \u0130stiklal Caddesi, Galatasaray and our branches in Harbiye. We can place orders by telephone or on our internet webpage in Beyo\u011flu, Taksim, Dolmabah\u00e7e, Karakoy, Kabatas, \u015ei\u015fhane, Kas\u0131mpa\u015fa, Kurtulu\u015f, Ni\u015fanta\u015f\u0131, Be\u015fikta\u015f districts.<\/p>\n<p><span style=\"font-size: xx-small; color: #b2292e;\"><strong>All Rights Reserved. Copyright\u00a0\u00a9 Nizam Pide &#038; S\u00fctla\u00e7<\/strong><\/span><br \/>\n<span style=\"font-size: xx-small;\">Using, copying, reproduction and publication of the  photographs of productions other than the information of Nizam Pide &#038; S\u00fctlac are prohibited. To whom do unauthorized copying or duplication. Legal action will be taken in line with the rights recognized in the Turkish Republic Constitution.<\/span><\/p>\n","protected":false},"excerpt":{"rendered":"<p>Minced egged pita comes from a grilled mince, just like it should be in a pita, and a delicate egg in the middle. Taking a slice from the pit, the slice from the egg, and then the pleasure of enjoying that flavor is indescribable.<br \/>\n<img loading=\"lazy\" decoding=\"async\" class=\"alignnone size-full wp-image-4858\" src=\"https:\/\/www.nizampide.com\/wp-content\/uploads\/2018\/08\/nizam-pide-s\u00fctla\u00e7-turkish-meals-simge.png\" alt=\"Turkish Meals - Madonna Lily Hygiene Certificate\" width=\"255\" height=\"170\" \/><\/p>\n","protected":false},"featured_media":4890,"comment_status":"closed","ping_status":"closed","template":"","meta":[],"product_cat":[176],"product_tag":[177,194,179,180,181,138,137,182],"yoast_head":"<!-- This site is optimized with the Yoast SEO plugin v22.0 - https:\/\/yoast.com\/wordpress\/plugins\/seo\/ -->\n<title>Minced Egged Pita - Nizam Pide &amp; S\u00fctla\u00e7<\/title>\n<meta name=\"description\" content=\"Minced egged pita, made in many regions of our country, is one of the most assertive products of Nizam Pita &amp; Rice Pudding Restaurants.\" \/>\n<meta name=\"robots\" content=\"index, follow, max-snippet:-1, max-image-preview:large, max-video-preview:-1\" \/>\n<link rel=\"canonical\" href=\"https:\/\/www.nizampide.com\/yemeklerimiz\/pide\/kiymali-yumurtali-pide\/\" \/>\n<meta property=\"og:locale\" content=\"en_US\" \/>\n<meta property=\"og:type\" content=\"article\" \/>\n<meta property=\"og:title\" content=\"Minced Egged Pita - Nizam Pide &amp; S\u00fctla\u00e7\" \/>\n<meta property=\"og:description\" content=\"Minced egged pita, made in many regions of our country, is one of the most assertive products of Nizam Pita &amp; Rice Pudding Restaurants.\" \/>\n<meta property=\"og:url\" content=\"https:\/\/www.nizampide.com\/yemeklerimiz\/pide\/kiymali-yumurtali-pide\/\" \/>\n<meta property=\"og:site_name\" content=\"Nizam Pide &amp; S\u00fctla\u00e7\" \/>\n<meta property=\"article:modified_time\" content=\"2021-10-07T14:37:32+00:00\" \/>\n<meta property=\"og:image\" content=\"https:\/\/www.nizampide.com\/wp-content\/uploads\/2018\/07\/k\u0131ymal\u0131-yumurtal\u0131-pide-nizam-pide-s\u00fctla\u00e7-istanbul-beyo\u011flu.jpg\" \/>\n\t<meta property=\"og:image:width\" content=\"600\" \/>\n\t<meta property=\"og:image:height\" content=\"600\" \/>\n\t<meta property=\"og:image:type\" content=\"image\/jpeg\" \/>\n<meta name=\"twitter:card\" content=\"summary_large_image\" \/>\n<meta name=\"twitter:label1\" content=\"Est. reading time\" \/>\n\t<meta name=\"twitter:data1\" content=\"2 minutes\" \/>\n<script type=\"application\/ld+json\" class=\"yoast-schema-graph\">{\"@context\":\"https:\/\/schema.org\",\"@graph\":[{\"@type\":\"WebPage\",\"@id\":\"https:\/\/www.nizampide.com\/yemeklerimiz\/pide\/kiymali-yumurtali-pide\/\",\"url\":\"https:\/\/www.nizampide.com\/yemeklerimiz\/pide\/kiymali-yumurtali-pide\/\",\"name\":\"Minced Egged Pita - Nizam Pide &amp; S\u00fctla\u00e7\",\"isPartOf\":{\"@id\":\"https:\/\/www.nizampide.com\/#website\"},\"datePublished\":\"2018-07-12T08:53:02+00:00\",\"dateModified\":\"2021-10-07T14:37:32+00:00\",\"description\":\"Minced egged pita, made in many regions of our country, is one of the most assertive products of Nizam Pita & Rice Pudding Restaurants.\",\"breadcrumb\":{\"@id\":\"https:\/\/www.nizampide.com\/yemeklerimiz\/pide\/kiymali-yumurtali-pide\/#breadcrumb\"},\"inLanguage\":\"en-US\",\"potentialAction\":[{\"@type\":\"ReadAction\",\"target\":[\"https:\/\/www.nizampide.com\/yemeklerimiz\/pide\/kiymali-yumurtali-pide\/\"]}]},{\"@type\":\"BreadcrumbList\",\"@id\":\"https:\/\/www.nizampide.com\/yemeklerimiz\/pide\/kiymali-yumurtali-pide\/#breadcrumb\",\"itemListElement\":[{\"@type\":\"ListItem\",\"position\":1,\"name\":\"Ana sayfa\",\"item\":\"https:\/\/www.nizampide.com\/\"},{\"@type\":\"ListItem\",\"position\":2,\"name\":\"Yemeklerimiz\",\"item\":\"https:\/\/www.nizampide.com\/yemeklerimiz\/\"},{\"@type\":\"ListItem\",\"position\":3,\"name\":\"Minced Egged Pita\"}]},{\"@type\":\"WebSite\",\"@id\":\"https:\/\/www.nizampide.com\/#website\",\"url\":\"https:\/\/www.nizampide.com\/\",\"name\":\"Nizam Pide &amp; S\u00fctla\u00e7\",\"description\":\"T\u00fcrkiye&#039;nin \u0130lk Tescilli Pidecisi\",\"potentialAction\":[{\"@type\":\"SearchAction\",\"target\":{\"@type\":\"EntryPoint\",\"urlTemplate\":\"https:\/\/www.nizampide.com\/?s={search_term_string}\"},\"query-input\":\"required name=search_term_string\"}],\"inLanguage\":\"en-US\"}]}<\/script>\n<!-- \/ Yoast SEO plugin. -->","yoast_head_json":{"title":"Minced Egged Pita - Nizam Pide &amp; S\u00fctla\u00e7","description":"Minced egged pita, made in many regions of our country, is one of the most assertive products of Nizam Pita & Rice Pudding Restaurants.","robots":{"index":"index","follow":"follow","max-snippet":"max-snippet:-1","max-image-preview":"max-image-preview:large","max-video-preview":"max-video-preview:-1"},"canonical":"https:\/\/www.nizampide.com\/yemeklerimiz\/pide\/kiymali-yumurtali-pide\/","og_locale":"en_US","og_type":"article","og_title":"Minced Egged Pita - Nizam Pide &amp; S\u00fctla\u00e7","og_description":"Minced egged pita, made in many regions of our country, is one of the most assertive products of Nizam Pita & Rice Pudding Restaurants.","og_url":"https:\/\/www.nizampide.com\/yemeklerimiz\/pide\/kiymali-yumurtali-pide\/","og_site_name":"Nizam Pide &amp; S\u00fctla\u00e7","article_modified_time":"2021-10-07T14:37:32+00:00","og_image":[{"width":600,"height":600,"url":"https:\/\/www.nizampide.com\/wp-content\/uploads\/2018\/07\/k\u0131ymal\u0131-yumurtal\u0131-pide-nizam-pide-s\u00fctla\u00e7-istanbul-beyo\u011flu.jpg","type":"image\/jpeg"}],"twitter_card":"summary_large_image","twitter_misc":{"Est. reading time":"2 minutes"},"schema":{"@context":"https:\/\/schema.org","@graph":[{"@type":"WebPage","@id":"https:\/\/www.nizampide.com\/yemeklerimiz\/pide\/kiymali-yumurtali-pide\/","url":"https:\/\/www.nizampide.com\/yemeklerimiz\/pide\/kiymali-yumurtali-pide\/","name":"Minced Egged Pita - Nizam Pide &amp; S\u00fctla\u00e7","isPartOf":{"@id":"https:\/\/www.nizampide.com\/#website"},"datePublished":"2018-07-12T08:53:02+00:00","dateModified":"2021-10-07T14:37:32+00:00","description":"Minced egged pita, made in many regions of our country, is one of the most assertive products of Nizam Pita & Rice Pudding Restaurants.","breadcrumb":{"@id":"https:\/\/www.nizampide.com\/yemeklerimiz\/pide\/kiymali-yumurtali-pide\/#breadcrumb"},"inLanguage":"en-US","potentialAction":[{"@type":"ReadAction","target":["https:\/\/www.nizampide.com\/yemeklerimiz\/pide\/kiymali-yumurtali-pide\/"]}]},{"@type":"BreadcrumbList","@id":"https:\/\/www.nizampide.com\/yemeklerimiz\/pide\/kiymali-yumurtali-pide\/#breadcrumb","itemListElement":[{"@type":"ListItem","position":1,"name":"Ana sayfa","item":"https:\/\/www.nizampide.com\/"},{"@type":"ListItem","position":2,"name":"Yemeklerimiz","item":"https:\/\/www.nizampide.com\/yemeklerimiz\/"},{"@type":"ListItem","position":3,"name":"Minced Egged Pita"}]},{"@type":"WebSite","@id":"https:\/\/www.nizampide.com\/#website","url":"https:\/\/www.nizampide.com\/","name":"Nizam Pide &amp; S\u00fctla\u00e7","description":"T\u00fcrkiye&#039;nin \u0130lk Tescilli Pidecisi","potentialAction":[{"@type":"SearchAction","target":{"@type":"EntryPoint","urlTemplate":"https:\/\/www.nizampide.com\/?s={search_term_string}"},"query-input":"required name=search_term_string"}],"inLanguage":"en-US"}]}},"_links":{"self":[{"href":"https:\/\/www.nizampide.com\/en\/wp-json\/wp\/v2\/product\/5717"}],"collection":[{"href":"https:\/\/www.nizampide.com\/en\/wp-json\/wp\/v2\/product"}],"about":[{"href":"https:\/\/www.nizampide.com\/en\/wp-json\/wp\/v2\/types\/product"}],"replies":[{"embeddable":true,"href":"https:\/\/www.nizampide.com\/en\/wp-json\/wp\/v2\/comments?post=5717"}],"wp:featuredmedia":[{"embeddable":true,"href":"https:\/\/www.nizampide.com\/en\/wp-json\/wp\/v2\/media\/4890"}],"wp:attachment":[{"href":"https:\/\/www.nizampide.com\/en\/wp-json\/wp\/v2\/media?parent=5717"}],"wp:term":[{"taxonomy":"product_cat","embeddable":true,"href":"https:\/\/www.nizampide.com\/en\/wp-json\/wp\/v2\/product_cat?post=5717"},{"taxonomy":"product_tag","embeddable":true,"href":"https:\/\/www.nizampide.com\/en\/wp-json\/wp\/v2\/product_tag?post=5717"}],"curies":[{"name":"wp","href":"https:\/\/api.w.org\/{rel}","templated":true}]}}