{"id":5721,"date":"2018-07-12T10:59:33","date_gmt":"2018-07-12T07:59:33","guid":{"rendered":"https:\/\/www.nizampide.com\/yemeklerimiz\/kategorilenmemis\/kusbasili-kasarli-pide\/"},"modified":"2021-10-07T17:37:43","modified_gmt":"2021-10-07T14:37:43","slug":"meat-cubed-and-kashar-cheesed-pita","status":"publish","type":"product","link":"https:\/\/www.nizampide.com\/en\/yemeklerimiz\/pitas\/meat-cubed-and-kashar-cheesed-pita\/","title":{"rendered":"Meat Cubed and Kashar Cheesed Pita"},"content":{"rendered":"<h3><strong>Meat Cubed and Kashar Cheesed Pita<\/strong><\/h3>\n<p>Thanks to the special meats from Rize, you will be very pleased with our pita, which we prepared by mixing with the special pastry and the abundant fresh cheese. We guarantee that you will feel delicious taste of our Meat Cubed and Kashar Cheesed Pita. Nizam Pide, who tried to present local flavors in all its products, produced a product that would increase the taste definition with the meat comes from Rize region. You will be very pleased with the crispy dough, the warm service, the ice-cold ayran, We are waiting you to our pita saloons to eat this very popular taste of Black Sea region in Istanbul.<\/p>\n<p>Turkey&#8217;s first registered pita maker the Nizam Pide, has set the quality to deserve consideration to all phases of construction. In all stages, all of the ingredients in the pita where no ready-to-eat food is used are local and organic. Meat, cutlery, spices and dough are all supplied daily from organic producers we have been working on for years. If you have not tasted the unchanging flavor since the &#8217;70s, come to our branches for your enjoyment. We always aim to earn the satisfaction of our customers by producing delicious, high quality and clean products.<\/p>\n<p>We are happy to welcome you in 3 regions of Istanbul with our smiled-faced staff. We have suitable areas for crowded families and groups of friends in our spacious surroundings in \u0130stiklal Street, Galatasaray and Harbiye. We also recommend you to eat the rice pudding, which is one of the first products that come to mind in the name of Nizam Pide. The Meat-Cubed and Kashar Cheesed Pita that comes from the hands of our talented chefs and cooked only in the oven heated in the wood fire will remain a memorable place for a long time in your memory, not just as a meal. While our pods cooked in wood fire will be crispy, they will carry the same kind of smell that wood fire gives. <\/p>\n<p>Customers who want to place orders at home or at work can give their orders over the phone or on our internet site. Special packagings are used for orders comes from to Beyo\u011flu, Taksim, Dolmabah\u00e7e, Karakoy, Kabata\u015f, \u015ei\u015fhane, Kas\u0131mpa\u015fa, Kurtulu\u015f, Ni\u015fanta\u015f\u0131, Besiktas districts.<\/p>\n<p><span style=\"font-size: xx-small; color: #b2292e;\"><strong>All Rights Reserved. Copyright\u00a0\u00a9 Nizam Pide &#038; S\u00fctla\u00e7<\/strong><\/span><br \/>\n<span style=\"font-size: xx-small;\">Using, copying, reproduction and publication of the  photographs of productions other than the information of Nizam Pide &#038; S\u00fctlac are prohibited. To whom do unauthorized copying or duplication. Legal action will be taken in line with the rights recognized in the Turkish Republic Constitution.<\/span><\/p>\n","protected":false},"excerpt":{"rendered":"<p>Have you ever tried our Meat Cubed and Kashar Cheesed Pita with one of our delicacies of quality and taste we prepared? The combination of special meats from Rize and fresh ingredients makes for an enormous flavor.<br \/>\n<img loading=\"lazy\" decoding=\"async\" class=\"alignnone size-full wp-image-4858\" src=\"https:\/\/www.nizampide.com\/wp-content\/uploads\/2018\/08\/nizam-pide-s\u00fctla\u00e7-turkish-meals-simge.png\" alt=\"Turkish Meals - Madonna Lily Hygiene Certificate\" width=\"255\" height=\"170\" \/><\/p>\n","protected":false},"featured_media":4881,"comment_status":"closed","ping_status":"closed","template":"","meta":[],"product_cat":[176],"product_tag":[196,177,197,179,180,181,138,137,182],"yoast_head":"<!-- This site is optimized with the Yoast SEO plugin v22.0 - https:\/\/yoast.com\/wordpress\/plugins\/seo\/ -->\n<title>Meat Cubed and Kashar Cheesed Pita<\/title>\n<meta name=\"description\" content=\"Nizam Pide - Have you ever tried our meat cubed and kashar cheesed pita with one of our delicacies of quality and taste we prepared?\" \/>\n<meta name=\"robots\" content=\"index, follow, max-snippet:-1, max-image-preview:large, max-video-preview:-1\" \/>\n<link rel=\"canonical\" href=\"https:\/\/www.nizampide.com\/yemeklerimiz\/pide\/kusbasili-kasarli-pide\/\" \/>\n<meta property=\"og:locale\" content=\"en_US\" \/>\n<meta property=\"og:type\" content=\"article\" \/>\n<meta property=\"og:title\" content=\"Meat Cubed and Kashar Cheesed Pita\" \/>\n<meta property=\"og:description\" content=\"Nizam Pide - Have you ever tried our meat cubed and kashar cheesed pita with one of our delicacies of quality and taste we prepared?\" \/>\n<meta property=\"og:url\" content=\"https:\/\/www.nizampide.com\/yemeklerimiz\/pide\/kusbasili-kasarli-pide\/\" \/>\n<meta property=\"og:site_name\" content=\"Nizam Pide &amp; S\u00fctla\u00e7\" \/>\n<meta property=\"article:modified_time\" content=\"2021-10-07T14:37:43+00:00\" \/>\n<meta property=\"og:image\" content=\"https:\/\/www.nizampide.com\/wp-content\/uploads\/2018\/07\/ku\u015fba\u015f\u0131l\u0131-ka\u015farl\u0131-pide-nizam-pide-s\u00fctla\u00e7-istanbul-beyo\u011flu-2.jpg\" \/>\n\t<meta property=\"og:image:width\" content=\"600\" \/>\n\t<meta property=\"og:image:height\" content=\"600\" \/>\n\t<meta property=\"og:image:type\" content=\"image\/jpeg\" \/>\n<meta name=\"twitter:card\" content=\"summary_large_image\" \/>\n<meta name=\"twitter:label1\" content=\"Est. reading time\" \/>\n\t<meta name=\"twitter:data1\" content=\"2 minutes\" \/>\n<script type=\"application\/ld+json\" class=\"yoast-schema-graph\">{\"@context\":\"https:\/\/schema.org\",\"@graph\":[{\"@type\":\"WebPage\",\"@id\":\"https:\/\/www.nizampide.com\/yemeklerimiz\/pide\/kusbasili-kasarli-pide\/\",\"url\":\"https:\/\/www.nizampide.com\/yemeklerimiz\/pide\/kusbasili-kasarli-pide\/\",\"name\":\"Meat Cubed and Kashar Cheesed Pita\",\"isPartOf\":{\"@id\":\"https:\/\/www.nizampide.com\/#website\"},\"datePublished\":\"2018-07-12T07:59:33+00:00\",\"dateModified\":\"2021-10-07T14:37:43+00:00\",\"description\":\"Nizam Pide - Have you ever tried our meat cubed and kashar cheesed pita with one of our delicacies of quality and taste we prepared?\",\"breadcrumb\":{\"@id\":\"https:\/\/www.nizampide.com\/yemeklerimiz\/pide\/kusbasili-kasarli-pide\/#breadcrumb\"},\"inLanguage\":\"en-US\",\"potentialAction\":[{\"@type\":\"ReadAction\",\"target\":[\"https:\/\/www.nizampide.com\/yemeklerimiz\/pide\/kusbasili-kasarli-pide\/\"]}]},{\"@type\":\"BreadcrumbList\",\"@id\":\"https:\/\/www.nizampide.com\/yemeklerimiz\/pide\/kusbasili-kasarli-pide\/#breadcrumb\",\"itemListElement\":[{\"@type\":\"ListItem\",\"position\":1,\"name\":\"Ana sayfa\",\"item\":\"https:\/\/www.nizampide.com\/\"},{\"@type\":\"ListItem\",\"position\":2,\"name\":\"Yemeklerimiz\",\"item\":\"https:\/\/www.nizampide.com\/yemeklerimiz\/\"},{\"@type\":\"ListItem\",\"position\":3,\"name\":\"Meat Cubed and Kashar Cheesed Pita\"}]},{\"@type\":\"WebSite\",\"@id\":\"https:\/\/www.nizampide.com\/#website\",\"url\":\"https:\/\/www.nizampide.com\/\",\"name\":\"Nizam Pide &amp; S\u00fctla\u00e7\",\"description\":\"T\u00fcrkiye&#039;nin \u0130lk Tescilli Pidecisi\",\"potentialAction\":[{\"@type\":\"SearchAction\",\"target\":{\"@type\":\"EntryPoint\",\"urlTemplate\":\"https:\/\/www.nizampide.com\/?s={search_term_string}\"},\"query-input\":\"required name=search_term_string\"}],\"inLanguage\":\"en-US\"}]}<\/script>\n<!-- \/ Yoast SEO plugin. -->","yoast_head_json":{"title":"Meat Cubed and Kashar Cheesed Pita","description":"Nizam Pide - Have you ever tried our meat cubed and kashar cheesed pita with one of our delicacies of quality and taste we prepared?","robots":{"index":"index","follow":"follow","max-snippet":"max-snippet:-1","max-image-preview":"max-image-preview:large","max-video-preview":"max-video-preview:-1"},"canonical":"https:\/\/www.nizampide.com\/yemeklerimiz\/pide\/kusbasili-kasarli-pide\/","og_locale":"en_US","og_type":"article","og_title":"Meat Cubed and Kashar Cheesed Pita","og_description":"Nizam Pide - Have you ever tried our meat cubed and kashar cheesed pita with one of our delicacies of quality and taste we prepared?","og_url":"https:\/\/www.nizampide.com\/yemeklerimiz\/pide\/kusbasili-kasarli-pide\/","og_site_name":"Nizam Pide &amp; S\u00fctla\u00e7","article_modified_time":"2021-10-07T14:37:43+00:00","og_image":[{"width":600,"height":600,"url":"https:\/\/www.nizampide.com\/wp-content\/uploads\/2018\/07\/ku\u015fba\u015f\u0131l\u0131-ka\u015farl\u0131-pide-nizam-pide-s\u00fctla\u00e7-istanbul-beyo\u011flu-2.jpg","type":"image\/jpeg"}],"twitter_card":"summary_large_image","twitter_misc":{"Est. reading time":"2 minutes"},"schema":{"@context":"https:\/\/schema.org","@graph":[{"@type":"WebPage","@id":"https:\/\/www.nizampide.com\/yemeklerimiz\/pide\/kusbasili-kasarli-pide\/","url":"https:\/\/www.nizampide.com\/yemeklerimiz\/pide\/kusbasili-kasarli-pide\/","name":"Meat Cubed and Kashar Cheesed Pita","isPartOf":{"@id":"https:\/\/www.nizampide.com\/#website"},"datePublished":"2018-07-12T07:59:33+00:00","dateModified":"2021-10-07T14:37:43+00:00","description":"Nizam Pide - Have you ever tried our meat cubed and kashar cheesed pita with one of our delicacies of quality and taste we prepared?","breadcrumb":{"@id":"https:\/\/www.nizampide.com\/yemeklerimiz\/pide\/kusbasili-kasarli-pide\/#breadcrumb"},"inLanguage":"en-US","potentialAction":[{"@type":"ReadAction","target":["https:\/\/www.nizampide.com\/yemeklerimiz\/pide\/kusbasili-kasarli-pide\/"]}]},{"@type":"BreadcrumbList","@id":"https:\/\/www.nizampide.com\/yemeklerimiz\/pide\/kusbasili-kasarli-pide\/#breadcrumb","itemListElement":[{"@type":"ListItem","position":1,"name":"Ana sayfa","item":"https:\/\/www.nizampide.com\/"},{"@type":"ListItem","position":2,"name":"Yemeklerimiz","item":"https:\/\/www.nizampide.com\/yemeklerimiz\/"},{"@type":"ListItem","position":3,"name":"Meat Cubed and Kashar Cheesed Pita"}]},{"@type":"WebSite","@id":"https:\/\/www.nizampide.com\/#website","url":"https:\/\/www.nizampide.com\/","name":"Nizam Pide &amp; S\u00fctla\u00e7","description":"T\u00fcrkiye&#039;nin \u0130lk Tescilli Pidecisi","potentialAction":[{"@type":"SearchAction","target":{"@type":"EntryPoint","urlTemplate":"https:\/\/www.nizampide.com\/?s={search_term_string}"},"query-input":"required name=search_term_string"}],"inLanguage":"en-US"}]}},"_links":{"self":[{"href":"https:\/\/www.nizampide.com\/en\/wp-json\/wp\/v2\/product\/5721"}],"collection":[{"href":"https:\/\/www.nizampide.com\/en\/wp-json\/wp\/v2\/product"}],"about":[{"href":"https:\/\/www.nizampide.com\/en\/wp-json\/wp\/v2\/types\/product"}],"replies":[{"embeddable":true,"href":"https:\/\/www.nizampide.com\/en\/wp-json\/wp\/v2\/comments?post=5721"}],"wp:featuredmedia":[{"embeddable":true,"href":"https:\/\/www.nizampide.com\/en\/wp-json\/wp\/v2\/media\/4881"}],"wp:attachment":[{"href":"https:\/\/www.nizampide.com\/en\/wp-json\/wp\/v2\/media?parent=5721"}],"wp:term":[{"taxonomy":"product_cat","embeddable":true,"href":"https:\/\/www.nizampide.com\/en\/wp-json\/wp\/v2\/product_cat?post=5721"},{"taxonomy":"product_tag","embeddable":true,"href":"https:\/\/www.nizampide.com\/en\/wp-json\/wp\/v2\/product_tag?post=5721"}],"curies":[{"name":"wp","href":"https:\/\/api.w.org\/{rel}","templated":true}]}}