{"id":5723,"date":"2018-07-12T10:57:51","date_gmt":"2018-07-12T07:57:51","guid":{"rendered":"https:\/\/www.nizampide.com\/yemeklerimiz\/kategorilenmemis\/gurme-karisik-pide\/"},"modified":"2021-10-07T17:37:49","modified_gmt":"2021-10-07T14:37:49","slug":"gourmet-mixed-pita","status":"publish","type":"product","link":"https:\/\/www.nizampide.com\/en\/yemeklerimiz\/pitas\/gourmet-mixed-pita\/","title":{"rendered":"Gourmet Mixed Pita"},"content":{"rendered":"<h3><strong>Gourmet Mixed Pita<\/strong><\/h3>\n<p>Always trying to offer its customers the gourmet delights of the Nizam Pide, as Turkey&#8217;s first registered pita maker, proved just how ambitious it. Gourmet Mixed Pide is one of the most important products of our business. It has come up with a mixture of many flavors. The main reason why Nizam Pide is so preferred is that it is very sensitive to the supply chain in all pitas or other products. Since the 70&#8217;s we are always trying to reach the real taste by supplying the materials we use in our products from the most known localities. For example, we buy many sausages from the best local producers of Kayseri. This brings out the quality of Nizam Pide.<\/p>\n<p>Gourmet mixed pita has a very important place in Turkish culture with daily and fresh products in pitas. As Nizam Pide, we use a lot of stuff as standard in all of our products. The gourmet mixed pita that makes you happy with the flavor will keep you at the same time.<\/p>\n<p>The secret of the taste of our pita is actually hidden in the experience of our masters. Our cooks use organic materials to cook their own special formulas that we have prepared with special dough and wood fire. This is why the materials are blended as they should be. You will appreciate the smell of wood fire and the flavor with the organic butter on it.<\/p>\n<p>As Nizam Pide, we expect our valuable customers in 3 districts of Istanbul, \u0130stiklal Street, Galatasaray and Harbiye. We are able to make you feel comfortable even if you are crowded with our spacious rooms and our suitable rooms for your family. At the same time we take orders from Beyoglu, Taksim, Dolmabahce, Karakoy, Kabatas, Sishane, Kasimpasa, Kurtulus, Nisantasi and Besiktas regions and bring the gourmet mixed gourmet pita warmly to your door. You can give your orders at any time via internet or by phone.<\/p>\n<p><span style=\"font-size: xx-small; color: #b2292e;\"><strong>All Rights Reserved. Copyright\u00a0\u00a9 Nizam Pide &#038; S\u00fctla\u00e7<\/strong><\/span><br \/>\n<span style=\"font-size: xx-small;\">Using, copying, reproduction and publication of the  photographs of productions other than the information of Nizam Pide &#038; S\u00fctlac are prohibited. To whom do unauthorized copying or duplication. Legal action will be taken in line with the rights recognized in the Turkish Republic Constitution.<\/span><\/p>\n","protected":false},"excerpt":{"rendered":"<p>Gourmet mixed pita; Rize&#8217;s famous roast is a great flavor where true Kayseri sausages, Trabzon regional cheeses, seasonal vegetables, tomatoes and peppers are brought together in a wood fire. Do not go without trying our gourmet mixed pita.<br \/>\n<img loading=\"lazy\" decoding=\"async\" class=\"alignnone size-full wp-image-4858\" src=\"https:\/\/www.nizampide.com\/wp-content\/uploads\/2018\/08\/nizam-pide-s\u00fctla\u00e7-turkish-meals-simge.png\" alt=\"Turkish Meals - Madonna Lily Hygiene Certificate\" width=\"255\" height=\"170\" \/><\/p>\n","protected":false},"featured_media":4876,"comment_status":"closed","ping_status":"closed","template":"","meta":[],"product_cat":[176],"product_tag":[196,177,197,179],"yoast_head":"<!-- This site is optimized with the Yoast SEO plugin v22.0 - https:\/\/yoast.com\/wordpress\/plugins\/seo\/ -->\n<title>Gourmet Mixed Pita - Turkish Meals<\/title>\n<meta name=\"description\" content=\"Gourmet mixed pita has a very important place in Turkish culture with daily and fresh products in pitas. \u0130stanbul, Beyo\u011flu\" \/>\n<meta name=\"robots\" content=\"index, follow, max-snippet:-1, max-image-preview:large, max-video-preview:-1\" \/>\n<link rel=\"canonical\" href=\"https:\/\/www.nizampide.com\/yemeklerimiz\/pide\/gurme-karisik-pide\/\" \/>\n<meta property=\"og:locale\" content=\"en_US\" \/>\n<meta property=\"og:type\" content=\"article\" \/>\n<meta property=\"og:title\" content=\"Gourmet Mixed Pita - Turkish Meals\" \/>\n<meta property=\"og:description\" content=\"Gourmet mixed pita has a very important place in Turkish culture with daily and fresh products in pitas. \u0130stanbul, Beyo\u011flu\" \/>\n<meta property=\"og:url\" content=\"https:\/\/www.nizampide.com\/yemeklerimiz\/pide\/gurme-karisik-pide\/\" \/>\n<meta property=\"og:site_name\" content=\"Nizam Pide &amp; S\u00fctla\u00e7\" \/>\n<meta property=\"article:modified_time\" content=\"2021-10-07T14:37:49+00:00\" \/>\n<meta property=\"og:image\" content=\"https:\/\/www.nizampide.com\/wp-content\/uploads\/2018\/07\/gurme-kar\u0131\u015f\u0131k-pide-nizam-pide-s\u00fctla\u00e7-istanbul-beyo\u011flu.jpg\" \/>\n\t<meta property=\"og:image:width\" content=\"600\" \/>\n\t<meta property=\"og:image:height\" content=\"600\" \/>\n\t<meta property=\"og:image:type\" content=\"image\/jpeg\" \/>\n<meta name=\"twitter:card\" content=\"summary_large_image\" \/>\n<meta name=\"twitter:label1\" content=\"Est. reading time\" \/>\n\t<meta name=\"twitter:data1\" content=\"2 minutes\" \/>\n<script type=\"application\/ld+json\" class=\"yoast-schema-graph\">{\"@context\":\"https:\/\/schema.org\",\"@graph\":[{\"@type\":\"WebPage\",\"@id\":\"https:\/\/www.nizampide.com\/yemeklerimiz\/pide\/gurme-karisik-pide\/\",\"url\":\"https:\/\/www.nizampide.com\/yemeklerimiz\/pide\/gurme-karisik-pide\/\",\"name\":\"Gourmet Mixed Pita - Turkish Meals\",\"isPartOf\":{\"@id\":\"https:\/\/www.nizampide.com\/#website\"},\"datePublished\":\"2018-07-12T07:57:51+00:00\",\"dateModified\":\"2021-10-07T14:37:49+00:00\",\"description\":\"Gourmet mixed pita has a very important place in Turkish culture with daily and fresh products in pitas. \u0130stanbul, Beyo\u011flu\",\"breadcrumb\":{\"@id\":\"https:\/\/www.nizampide.com\/yemeklerimiz\/pide\/gurme-karisik-pide\/#breadcrumb\"},\"inLanguage\":\"en-US\",\"potentialAction\":[{\"@type\":\"ReadAction\",\"target\":[\"https:\/\/www.nizampide.com\/yemeklerimiz\/pide\/gurme-karisik-pide\/\"]}]},{\"@type\":\"BreadcrumbList\",\"@id\":\"https:\/\/www.nizampide.com\/yemeklerimiz\/pide\/gurme-karisik-pide\/#breadcrumb\",\"itemListElement\":[{\"@type\":\"ListItem\",\"position\":1,\"name\":\"Ana sayfa\",\"item\":\"https:\/\/www.nizampide.com\/\"},{\"@type\":\"ListItem\",\"position\":2,\"name\":\"Yemeklerimiz\",\"item\":\"https:\/\/www.nizampide.com\/yemeklerimiz\/\"},{\"@type\":\"ListItem\",\"position\":3,\"name\":\"Gourmet Mixed Pita\"}]},{\"@type\":\"WebSite\",\"@id\":\"https:\/\/www.nizampide.com\/#website\",\"url\":\"https:\/\/www.nizampide.com\/\",\"name\":\"Nizam Pide &amp; S\u00fctla\u00e7\",\"description\":\"T\u00fcrkiye&#039;nin \u0130lk Tescilli Pidecisi\",\"potentialAction\":[{\"@type\":\"SearchAction\",\"target\":{\"@type\":\"EntryPoint\",\"urlTemplate\":\"https:\/\/www.nizampide.com\/?s={search_term_string}\"},\"query-input\":\"required name=search_term_string\"}],\"inLanguage\":\"en-US\"}]}<\/script>\n<!-- \/ Yoast SEO plugin. -->","yoast_head_json":{"title":"Gourmet Mixed Pita - Turkish Meals","description":"Gourmet mixed pita has a very important place in Turkish culture with daily and fresh products in pitas. \u0130stanbul, Beyo\u011flu","robots":{"index":"index","follow":"follow","max-snippet":"max-snippet:-1","max-image-preview":"max-image-preview:large","max-video-preview":"max-video-preview:-1"},"canonical":"https:\/\/www.nizampide.com\/yemeklerimiz\/pide\/gurme-karisik-pide\/","og_locale":"en_US","og_type":"article","og_title":"Gourmet Mixed Pita - Turkish Meals","og_description":"Gourmet mixed pita has a very important place in Turkish culture with daily and fresh products in pitas. \u0130stanbul, Beyo\u011flu","og_url":"https:\/\/www.nizampide.com\/yemeklerimiz\/pide\/gurme-karisik-pide\/","og_site_name":"Nizam Pide &amp; S\u00fctla\u00e7","article_modified_time":"2021-10-07T14:37:49+00:00","og_image":[{"width":600,"height":600,"url":"https:\/\/www.nizampide.com\/wp-content\/uploads\/2018\/07\/gurme-kar\u0131\u015f\u0131k-pide-nizam-pide-s\u00fctla\u00e7-istanbul-beyo\u011flu.jpg","type":"image\/jpeg"}],"twitter_card":"summary_large_image","twitter_misc":{"Est. reading time":"2 minutes"},"schema":{"@context":"https:\/\/schema.org","@graph":[{"@type":"WebPage","@id":"https:\/\/www.nizampide.com\/yemeklerimiz\/pide\/gurme-karisik-pide\/","url":"https:\/\/www.nizampide.com\/yemeklerimiz\/pide\/gurme-karisik-pide\/","name":"Gourmet Mixed Pita - Turkish Meals","isPartOf":{"@id":"https:\/\/www.nizampide.com\/#website"},"datePublished":"2018-07-12T07:57:51+00:00","dateModified":"2021-10-07T14:37:49+00:00","description":"Gourmet mixed pita has a very important place in Turkish culture with daily and fresh products in pitas. \u0130stanbul, Beyo\u011flu","breadcrumb":{"@id":"https:\/\/www.nizampide.com\/yemeklerimiz\/pide\/gurme-karisik-pide\/#breadcrumb"},"inLanguage":"en-US","potentialAction":[{"@type":"ReadAction","target":["https:\/\/www.nizampide.com\/yemeklerimiz\/pide\/gurme-karisik-pide\/"]}]},{"@type":"BreadcrumbList","@id":"https:\/\/www.nizampide.com\/yemeklerimiz\/pide\/gurme-karisik-pide\/#breadcrumb","itemListElement":[{"@type":"ListItem","position":1,"name":"Ana sayfa","item":"https:\/\/www.nizampide.com\/"},{"@type":"ListItem","position":2,"name":"Yemeklerimiz","item":"https:\/\/www.nizampide.com\/yemeklerimiz\/"},{"@type":"ListItem","position":3,"name":"Gourmet Mixed Pita"}]},{"@type":"WebSite","@id":"https:\/\/www.nizampide.com\/#website","url":"https:\/\/www.nizampide.com\/","name":"Nizam Pide &amp; S\u00fctla\u00e7","description":"T\u00fcrkiye&#039;nin \u0130lk Tescilli Pidecisi","potentialAction":[{"@type":"SearchAction","target":{"@type":"EntryPoint","urlTemplate":"https:\/\/www.nizampide.com\/?s={search_term_string}"},"query-input":"required name=search_term_string"}],"inLanguage":"en-US"}]}},"_links":{"self":[{"href":"https:\/\/www.nizampide.com\/en\/wp-json\/wp\/v2\/product\/5723"}],"collection":[{"href":"https:\/\/www.nizampide.com\/en\/wp-json\/wp\/v2\/product"}],"about":[{"href":"https:\/\/www.nizampide.com\/en\/wp-json\/wp\/v2\/types\/product"}],"replies":[{"embeddable":true,"href":"https:\/\/www.nizampide.com\/en\/wp-json\/wp\/v2\/comments?post=5723"}],"wp:featuredmedia":[{"embeddable":true,"href":"https:\/\/www.nizampide.com\/en\/wp-json\/wp\/v2\/media\/4876"}],"wp:attachment":[{"href":"https:\/\/www.nizampide.com\/en\/wp-json\/wp\/v2\/media?parent=5723"}],"wp:term":[{"taxonomy":"product_cat","embeddable":true,"href":"https:\/\/www.nizampide.com\/en\/wp-json\/wp\/v2\/product_cat?post=5723"},{"taxonomy":"product_tag","embeddable":true,"href":"https:\/\/www.nizampide.com\/en\/wp-json\/wp\/v2\/product_tag?post=5723"}],"curies":[{"name":"wp","href":"https:\/\/api.w.org\/{rel}","templated":true}]}}