{"id":5725,"date":"2018-07-12T10:53:53","date_gmt":"2018-07-12T07:53:53","guid":{"rendered":"https:\/\/www.nizampide.com\/yemeklerimiz\/kategorilenmemis\/doktor-nizam-pide\/"},"modified":"2021-10-07T17:37:55","modified_gmt":"2021-10-07T14:37:55","slug":"doctor-nizam-pita","status":"publish","type":"product","link":"https:\/\/www.nizampide.com\/en\/yemeklerimiz\/pitas\/doctor-nizam-pita\/","title":{"rendered":"Doctor Nizam Pita"},"content":{"rendered":"<h3><strong>Doctor Nizam Pita<\/strong><\/h3>\n<p>As Nizam Pide, we have been offering local delicacies to our customers since the 70&#8217;s. Our biggest difference in this area is that we organically procure all the materials we use in our products from local producers. We always offer the same flavors to our customers for the same standards for years. All of the roasts used in &#8220;Doctor Nizam Pide&#8221; are supplied from our producers in Rize. Never use ready-packaged foods at any stage of our product. All the ingredients are organic.<\/p>\n<p>&#8220;Doctor Nizam Pide&#8221; and other regional products are prepared for you with hygiene awards &#8220;Nizam Pide&#8221;. We operate all our spaces in a spacious and family-friendly environment, with our Black sea region masters. Our masters combines the special dough and materials and then throws it in a heated fireplace on wood fire. Nizam Pide never uses electronic or any other artificial furnaces.<\/p>\n<p>The smell and the quality of the wood fire to Doctor Nizam Pide will make you happy. You can also try new tastes by putting additional ingredients on the pit. Doctor Nizam Pide, prepared with plenty of ingredients, is a wonderful dish. Our pitas are also suitable for breakfast, lunch and dinner, thanks to the specially formulated dough, it will never make you be as full as a tick, or even your appetite will make you want to eat second one.<\/p>\n<p>We would like to supervise our products such as &#8220;Doctor Nizam Pide&#8221; by hosting our guru-faced staff and our spacious spaces. For now, we serve Istiklal Street, Galatasaray and Harbiye branches, you can come to one of our branches on any day of the week and enjoy the wonderful tastes of the Black Sea region.<\/p>\n<p>Our valued customers who are not have enough time to come our branches can use the package order option provided that they are located in Beyoglu, Taksim, Dolmabah\u00e7e, Karakoy, Kabatas, \u015ei\u015fhane, Kas\u0131mpa\u015fa, Kurtulu\u015f, Ni\u015fanta\u015f\u0131, Be\u015fikta\u015f regions. You can make an order in a practical way by communicating over the internet or by phone. If you want to add additional materials or specify the degree of cooking, you can order by phone. All your orders are brought to you with special packaging methods as warm as your door.<\/p>\n<p><span style=\"font-size: xx-small; color: #b2292e;\"><strong>All Rights Reserved. Copyright\u00a0\u00a9 Nizam Pide &#038; S\u00fctla\u00e7<\/strong><\/span><br \/>\n<span style=\"font-size: xx-small;\">Using, copying, reproduction and publication of the  photographs of productions other than the information of Nizam Pide &#038; S\u00fctlac are prohibited. To whom do unauthorized copying or duplication. Legal action will be taken in line with the rights recognized in the Turkish Republic Constitution.<\/span><\/p>\n","protected":false},"excerpt":{"rendered":"<p>Turkey&#8217;s first registered pita maker &#8220;Nizam Pide&#8221;, serves you one of the ambitious works of us: Doctor Nizam Pita. You should definitely try this. A wonderful flavor awaits you along with the fabulous &#8220;Nizam Pide Sauce&#8221; that we burn with real Rize roasting.<br \/>\n<img loading=\"lazy\" decoding=\"async\" class=\"alignnone size-full wp-image-4858\" src=\"https:\/\/www.nizampide.com\/wp-content\/uploads\/2018\/08\/nizam-pide-s\u00fctla\u00e7-turkish-meals-simge.png\" alt=\"Turkish Meals - Madonna Lily Hygiene Certificate\" width=\"255\" height=\"170\" \/><\/p>\n","protected":false},"featured_media":4872,"comment_status":"closed","ping_status":"closed","template":"","meta":[],"product_cat":[176],"product_tag":[198,177,197,179,180,181,138,137,182],"yoast_head":"<!-- This site is optimized with the Yoast SEO plugin v22.0 - https:\/\/yoast.com\/wordpress\/plugins\/seo\/ -->\n<title>Doctor Nizam Pita - Turkish Foods<\/title>\n<meta name=\"description\" content=\"Turkey&#039;s first registered pita maker &quot;Nizam Pide&quot;, serves you one of the ambitious works of us: Doctor Nizam Pita. You should definitely try this.\" \/>\n<meta name=\"robots\" content=\"index, follow, max-snippet:-1, max-image-preview:large, max-video-preview:-1\" \/>\n<link rel=\"canonical\" href=\"https:\/\/www.nizampide.com\/yemeklerimiz\/pide\/doktor-nizam-pide\/\" \/>\n<meta property=\"og:locale\" content=\"en_US\" \/>\n<meta property=\"og:type\" content=\"article\" \/>\n<meta property=\"og:title\" content=\"Doctor Nizam Pita - Turkish Foods\" \/>\n<meta property=\"og:description\" content=\"Turkey&#039;s first registered pita maker &quot;Nizam Pide&quot;, serves you one of the ambitious works of us: Doctor Nizam Pita. You should definitely try this.\" \/>\n<meta property=\"og:url\" content=\"https:\/\/www.nizampide.com\/yemeklerimiz\/pide\/doktor-nizam-pide\/\" \/>\n<meta property=\"og:site_name\" content=\"Nizam Pide &amp; S\u00fctla\u00e7\" \/>\n<meta property=\"article:modified_time\" content=\"2021-10-07T14:37:55+00:00\" \/>\n<meta property=\"og:image\" content=\"https:\/\/www.nizampide.com\/wp-content\/uploads\/2018\/07\/doktor-nizam-pide-nizam-pide-s\u00fctla\u00e7-istanbul-beyo\u011flu.jpg\" \/>\n\t<meta property=\"og:image:width\" content=\"600\" \/>\n\t<meta property=\"og:image:height\" content=\"600\" \/>\n\t<meta property=\"og:image:type\" content=\"image\/jpeg\" \/>\n<meta name=\"twitter:card\" content=\"summary_large_image\" \/>\n<meta name=\"twitter:label1\" content=\"Est. reading time\" \/>\n\t<meta name=\"twitter:data1\" content=\"2 minutes\" \/>\n<script type=\"application\/ld+json\" class=\"yoast-schema-graph\">{\"@context\":\"https:\/\/schema.org\",\"@graph\":[{\"@type\":\"WebPage\",\"@id\":\"https:\/\/www.nizampide.com\/yemeklerimiz\/pide\/doktor-nizam-pide\/\",\"url\":\"https:\/\/www.nizampide.com\/yemeklerimiz\/pide\/doktor-nizam-pide\/\",\"name\":\"Doctor Nizam Pita - Turkish Foods\",\"isPartOf\":{\"@id\":\"https:\/\/www.nizampide.com\/#website\"},\"datePublished\":\"2018-07-12T07:53:53+00:00\",\"dateModified\":\"2021-10-07T14:37:55+00:00\",\"description\":\"Turkey's first registered pita maker \\\"Nizam Pide\\\", serves you one of the ambitious works of us: Doctor Nizam Pita. You should definitely try this.\",\"breadcrumb\":{\"@id\":\"https:\/\/www.nizampide.com\/yemeklerimiz\/pide\/doktor-nizam-pide\/#breadcrumb\"},\"inLanguage\":\"en-US\",\"potentialAction\":[{\"@type\":\"ReadAction\",\"target\":[\"https:\/\/www.nizampide.com\/yemeklerimiz\/pide\/doktor-nizam-pide\/\"]}]},{\"@type\":\"BreadcrumbList\",\"@id\":\"https:\/\/www.nizampide.com\/yemeklerimiz\/pide\/doktor-nizam-pide\/#breadcrumb\",\"itemListElement\":[{\"@type\":\"ListItem\",\"position\":1,\"name\":\"Ana sayfa\",\"item\":\"https:\/\/www.nizampide.com\/\"},{\"@type\":\"ListItem\",\"position\":2,\"name\":\"Yemeklerimiz\",\"item\":\"https:\/\/www.nizampide.com\/yemeklerimiz\/\"},{\"@type\":\"ListItem\",\"position\":3,\"name\":\"Doctor Nizam Pita\"}]},{\"@type\":\"WebSite\",\"@id\":\"https:\/\/www.nizampide.com\/#website\",\"url\":\"https:\/\/www.nizampide.com\/\",\"name\":\"Nizam Pide &amp; S\u00fctla\u00e7\",\"description\":\"T\u00fcrkiye&#039;nin \u0130lk Tescilli Pidecisi\",\"potentialAction\":[{\"@type\":\"SearchAction\",\"target\":{\"@type\":\"EntryPoint\",\"urlTemplate\":\"https:\/\/www.nizampide.com\/?s={search_term_string}\"},\"query-input\":\"required name=search_term_string\"}],\"inLanguage\":\"en-US\"}]}<\/script>\n<!-- \/ Yoast SEO plugin. -->","yoast_head_json":{"title":"Doctor Nizam Pita - Turkish Foods","description":"Turkey's first registered pita maker \"Nizam Pide\", serves you one of the ambitious works of us: Doctor Nizam Pita. You should definitely try this.","robots":{"index":"index","follow":"follow","max-snippet":"max-snippet:-1","max-image-preview":"max-image-preview:large","max-video-preview":"max-video-preview:-1"},"canonical":"https:\/\/www.nizampide.com\/yemeklerimiz\/pide\/doktor-nizam-pide\/","og_locale":"en_US","og_type":"article","og_title":"Doctor Nizam Pita - Turkish Foods","og_description":"Turkey's first registered pita maker \"Nizam Pide\", serves you one of the ambitious works of us: Doctor Nizam Pita. You should definitely try this.","og_url":"https:\/\/www.nizampide.com\/yemeklerimiz\/pide\/doktor-nizam-pide\/","og_site_name":"Nizam Pide &amp; S\u00fctla\u00e7","article_modified_time":"2021-10-07T14:37:55+00:00","og_image":[{"width":600,"height":600,"url":"https:\/\/www.nizampide.com\/wp-content\/uploads\/2018\/07\/doktor-nizam-pide-nizam-pide-s\u00fctla\u00e7-istanbul-beyo\u011flu.jpg","type":"image\/jpeg"}],"twitter_card":"summary_large_image","twitter_misc":{"Est. reading time":"2 minutes"},"schema":{"@context":"https:\/\/schema.org","@graph":[{"@type":"WebPage","@id":"https:\/\/www.nizampide.com\/yemeklerimiz\/pide\/doktor-nizam-pide\/","url":"https:\/\/www.nizampide.com\/yemeklerimiz\/pide\/doktor-nizam-pide\/","name":"Doctor Nizam Pita - Turkish Foods","isPartOf":{"@id":"https:\/\/www.nizampide.com\/#website"},"datePublished":"2018-07-12T07:53:53+00:00","dateModified":"2021-10-07T14:37:55+00:00","description":"Turkey's first registered pita maker \"Nizam Pide\", serves you one of the ambitious works of us: Doctor Nizam Pita. You should definitely try this.","breadcrumb":{"@id":"https:\/\/www.nizampide.com\/yemeklerimiz\/pide\/doktor-nizam-pide\/#breadcrumb"},"inLanguage":"en-US","potentialAction":[{"@type":"ReadAction","target":["https:\/\/www.nizampide.com\/yemeklerimiz\/pide\/doktor-nizam-pide\/"]}]},{"@type":"BreadcrumbList","@id":"https:\/\/www.nizampide.com\/yemeklerimiz\/pide\/doktor-nizam-pide\/#breadcrumb","itemListElement":[{"@type":"ListItem","position":1,"name":"Ana sayfa","item":"https:\/\/www.nizampide.com\/"},{"@type":"ListItem","position":2,"name":"Yemeklerimiz","item":"https:\/\/www.nizampide.com\/yemeklerimiz\/"},{"@type":"ListItem","position":3,"name":"Doctor Nizam Pita"}]},{"@type":"WebSite","@id":"https:\/\/www.nizampide.com\/#website","url":"https:\/\/www.nizampide.com\/","name":"Nizam Pide &amp; S\u00fctla\u00e7","description":"T\u00fcrkiye&#039;nin \u0130lk Tescilli Pidecisi","potentialAction":[{"@type":"SearchAction","target":{"@type":"EntryPoint","urlTemplate":"https:\/\/www.nizampide.com\/?s={search_term_string}"},"query-input":"required name=search_term_string"}],"inLanguage":"en-US"}]}},"_links":{"self":[{"href":"https:\/\/www.nizampide.com\/en\/wp-json\/wp\/v2\/product\/5725"}],"collection":[{"href":"https:\/\/www.nizampide.com\/en\/wp-json\/wp\/v2\/product"}],"about":[{"href":"https:\/\/www.nizampide.com\/en\/wp-json\/wp\/v2\/types\/product"}],"replies":[{"embeddable":true,"href":"https:\/\/www.nizampide.com\/en\/wp-json\/wp\/v2\/comments?post=5725"}],"wp:featuredmedia":[{"embeddable":true,"href":"https:\/\/www.nizampide.com\/en\/wp-json\/wp\/v2\/media\/4872"}],"wp:attachment":[{"href":"https:\/\/www.nizampide.com\/en\/wp-json\/wp\/v2\/media?parent=5725"}],"wp:term":[{"taxonomy":"product_cat","embeddable":true,"href":"https:\/\/www.nizampide.com\/en\/wp-json\/wp\/v2\/product_cat?post=5725"},{"taxonomy":"product_tag","embeddable":true,"href":"https:\/\/www.nizampide.com\/en\/wp-json\/wp\/v2\/product_tag?post=5725"}],"curies":[{"name":"wp","href":"https:\/\/api.w.org\/{rel}","templated":true}]}}