{"id":5727,"date":"2018-07-12T10:48:46","date_gmt":"2018-07-12T07:48:46","guid":{"rendered":"https:\/\/www.nizampide.com\/yemeklerimiz\/kategorilenmemis\/kiymali-pide\/"},"modified":"2021-10-07T17:38:00","modified_gmt":"2021-10-07T14:38:00","slug":"minced-pita","status":"publish","type":"product","link":"https:\/\/www.nizampide.com\/en\/yemeklerimiz\/pitas\/minced-pita\/","title":{"rendered":"Minced Pita"},"content":{"rendered":"<h3><strong>Minced Pita<\/strong><\/h3>\n<p>Is there anything better than eating a pita when you are hungry? Nizam Pide makes the best pitas of Turkey since the 70s. As the first registered pita maker of our country, we offer you various delicacies considering the demands of our customers. We use local flavors in all of our products and we buy the materials of these products again from the local producers. The meat used in our prestigious pork is chopped by the line, not by electric machines. On this count, the juicy meat adds a great flavor to the pid. For those who do not want eggs, cheddar and other appetizers, plain pita is a great choice.<\/p>\n<p>The most important thing that distinguishes Nizam Pide from other ordinary pita makers is that the production of pita is finely prepared like an art branch. First of all, all the products to be used in the pita&#8217;s special pulp and interior materials are first class. The reason for this is that Nizam Pide, who never uses ready materials, takes all the materials daily from domestic producers. We work with this meticulousness even in our pitas.<\/p>\n<p>In the peaceful surroundings of our venues, we offer you the most delicious dishes of Black Sea Region and other regions. Our skilled cook of the Black Sea and wood-burning special ovens you will smell tastes from the distance of a few meters away. With the opportunity of wood fire, the pita is much healthier. 100% organic and natural cereal oil is put on the pitas which is coming out of the flour to make it more delicious.<\/p>\n<p>We expect you to have your places in Istanbul in order to taste our continental pita and all other local products. For now, although we serve only in \u0130stiklal Street, Galatasaray and Harbiye locations, we will soon be serving in a wider range of fans. Our valued customers who cannot come to these places can order from Beyo\u011flu, Taksim, Dolmabah\u00e7e, Karak\u00f6y, Kabatas, \u015ei\u015fhane, Kas\u0131mpa\u015fa, Kurtulu\u015f, Ni\u015fanta\u015f\u0131, Be\u015fikta\u015f districts.<\/p>\n<p><span style=\"font-size: xx-small; color: #b2292e;\"><strong>All Rights Reserved. Copyright\u00a0\u00a9 Nizam Pide &#038; S\u00fctla\u00e7<\/strong><\/span><br \/>\n<span style=\"font-size: xx-small;\">Using, copying, reproduction and publication of the  photographs of productions other than the information of Nizam Pide &#038; S\u00fctlac are prohibited. To whom do unauthorized copying or duplication. Legal action will be taken in line with the rights recognized in the Turkish Republic Constitution.<\/span><\/p>\n","protected":false},"excerpt":{"rendered":"<p>Have you tried our prestigious smell that smells of appetite? You can have the chance to make a great meal with special dough and organic ingredients and a wood-cook pita.<br \/>\n<img loading=\"lazy\" decoding=\"async\" class=\"alignnone size-full wp-image-4858\" src=\"https:\/\/www.nizampide.com\/wp-content\/uploads\/2018\/08\/nizam-pide-s\u00fctla\u00e7-turkish-meals-simge.png\" alt=\"Turkish Meals - Madonna Lily Hygiene Certificate\" width=\"255\" height=\"170\" \/><\/p>\n","protected":false},"featured_media":4868,"comment_status":"closed","ping_status":"closed","template":"","meta":[],"product_cat":[176],"product_tag":[177,185,179,180,181,138,137,182],"yoast_head":"<!-- This site is optimized with the Yoast SEO plugin v22.0 - https:\/\/yoast.com\/wordpress\/plugins\/seo\/ -->\n<title>Minced Pita - Nizam Pide &amp; S\u00fctla\u00e7<\/title>\n<meta name=\"description\" content=\"You can have the chance to make a great meal with special dough and organic ingredients and a wood-cook pita. Minced Pita - \u0130stanbul, Beyo\u011flu\" \/>\n<meta name=\"robots\" content=\"index, follow, max-snippet:-1, max-image-preview:large, max-video-preview:-1\" \/>\n<link rel=\"canonical\" href=\"https:\/\/www.nizampide.com\/en\/yemeklerimiz\/pitas\/minced-pita\/\" \/>\n<meta property=\"og:locale\" content=\"en_US\" \/>\n<meta property=\"og:type\" content=\"article\" \/>\n<meta property=\"og:title\" content=\"Minced Pita - Nizam Pide &amp; S\u00fctla\u00e7\" \/>\n<meta property=\"og:description\" content=\"You can have the chance to make a great meal with special dough and organic ingredients and a wood-cook pita. Minced Pita - \u0130stanbul, Beyo\u011flu\" \/>\n<meta property=\"og:url\" content=\"https:\/\/www.nizampide.com\/en\/yemeklerimiz\/pitas\/minced-pita\/\" \/>\n<meta property=\"og:site_name\" content=\"Nizam Pide &amp; S\u00fctla\u00e7\" \/>\n<meta property=\"article:modified_time\" content=\"2021-10-07T14:38:00+00:00\" \/>\n<meta property=\"og:image\" content=\"https:\/\/www.nizampide.com\/wp-content\/uploads\/2018\/07\/k\u0131ymal\u0131-pide-nizam-pide-s\u00fctla\u00e7-istanbul-beyo\u011flu.jpg\" \/>\n\t<meta property=\"og:image:width\" content=\"600\" \/>\n\t<meta property=\"og:image:height\" content=\"600\" \/>\n\t<meta property=\"og:image:type\" content=\"image\/jpeg\" \/>\n<meta name=\"twitter:card\" content=\"summary_large_image\" \/>\n<meta name=\"twitter:label1\" content=\"Est. reading time\" \/>\n\t<meta name=\"twitter:data1\" content=\"2 minutes\" \/>\n<script type=\"application\/ld+json\" class=\"yoast-schema-graph\">{\"@context\":\"https:\/\/schema.org\",\"@graph\":[{\"@type\":\"WebPage\",\"@id\":\"https:\/\/www.nizampide.com\/en\/yemeklerimiz\/pitas\/minced-pita\/\",\"url\":\"https:\/\/www.nizampide.com\/en\/yemeklerimiz\/pitas\/minced-pita\/\",\"name\":\"Minced Pita - Nizam Pide &amp; S\u00fctla\u00e7\",\"isPartOf\":{\"@id\":\"https:\/\/www.nizampide.com\/#website\"},\"datePublished\":\"2018-07-12T07:48:46+00:00\",\"dateModified\":\"2021-10-07T14:38:00+00:00\",\"description\":\"You can have the chance to make a great meal with special dough and organic ingredients and a wood-cook pita. Minced Pita - \u0130stanbul, Beyo\u011flu\",\"breadcrumb\":{\"@id\":\"https:\/\/www.nizampide.com\/en\/yemeklerimiz\/pitas\/minced-pita\/#breadcrumb\"},\"inLanguage\":\"en-US\",\"potentialAction\":[{\"@type\":\"ReadAction\",\"target\":[\"https:\/\/www.nizampide.com\/en\/yemeklerimiz\/pitas\/minced-pita\/\"]}]},{\"@type\":\"BreadcrumbList\",\"@id\":\"https:\/\/www.nizampide.com\/en\/yemeklerimiz\/pitas\/minced-pita\/#breadcrumb\",\"itemListElement\":[{\"@type\":\"ListItem\",\"position\":1,\"name\":\"Ana sayfa\",\"item\":\"https:\/\/www.nizampide.com\/\"},{\"@type\":\"ListItem\",\"position\":2,\"name\":\"Yemeklerimiz\",\"item\":\"https:\/\/www.nizampide.com\/yemeklerimiz\/\"},{\"@type\":\"ListItem\",\"position\":3,\"name\":\"Minced Pita\"}]},{\"@type\":\"WebSite\",\"@id\":\"https:\/\/www.nizampide.com\/#website\",\"url\":\"https:\/\/www.nizampide.com\/\",\"name\":\"Nizam Pide &amp; S\u00fctla\u00e7\",\"description\":\"T\u00fcrkiye&#039;nin \u0130lk Tescilli Pidecisi\",\"potentialAction\":[{\"@type\":\"SearchAction\",\"target\":{\"@type\":\"EntryPoint\",\"urlTemplate\":\"https:\/\/www.nizampide.com\/?s={search_term_string}\"},\"query-input\":\"required name=search_term_string\"}],\"inLanguage\":\"en-US\"}]}<\/script>\n<!-- \/ Yoast SEO plugin. -->","yoast_head_json":{"title":"Minced Pita - Nizam Pide &amp; S\u00fctla\u00e7","description":"You can have the chance to make a great meal with special dough and organic ingredients and a wood-cook pita. Minced Pita - \u0130stanbul, Beyo\u011flu","robots":{"index":"index","follow":"follow","max-snippet":"max-snippet:-1","max-image-preview":"max-image-preview:large","max-video-preview":"max-video-preview:-1"},"canonical":"https:\/\/www.nizampide.com\/en\/yemeklerimiz\/pitas\/minced-pita\/","og_locale":"en_US","og_type":"article","og_title":"Minced Pita - Nizam Pide &amp; S\u00fctla\u00e7","og_description":"You can have the chance to make a great meal with special dough and organic ingredients and a wood-cook pita. Minced Pita - \u0130stanbul, Beyo\u011flu","og_url":"https:\/\/www.nizampide.com\/en\/yemeklerimiz\/pitas\/minced-pita\/","og_site_name":"Nizam Pide &amp; S\u00fctla\u00e7","article_modified_time":"2021-10-07T14:38:00+00:00","og_image":[{"width":600,"height":600,"url":"https:\/\/www.nizampide.com\/wp-content\/uploads\/2018\/07\/k\u0131ymal\u0131-pide-nizam-pide-s\u00fctla\u00e7-istanbul-beyo\u011flu.jpg","type":"image\/jpeg"}],"twitter_card":"summary_large_image","twitter_misc":{"Est. reading time":"2 minutes"},"schema":{"@context":"https:\/\/schema.org","@graph":[{"@type":"WebPage","@id":"https:\/\/www.nizampide.com\/en\/yemeklerimiz\/pitas\/minced-pita\/","url":"https:\/\/www.nizampide.com\/en\/yemeklerimiz\/pitas\/minced-pita\/","name":"Minced Pita - Nizam Pide &amp; S\u00fctla\u00e7","isPartOf":{"@id":"https:\/\/www.nizampide.com\/#website"},"datePublished":"2018-07-12T07:48:46+00:00","dateModified":"2021-10-07T14:38:00+00:00","description":"You can have the chance to make a great meal with special dough and organic ingredients and a wood-cook pita. Minced Pita - \u0130stanbul, Beyo\u011flu","breadcrumb":{"@id":"https:\/\/www.nizampide.com\/en\/yemeklerimiz\/pitas\/minced-pita\/#breadcrumb"},"inLanguage":"en-US","potentialAction":[{"@type":"ReadAction","target":["https:\/\/www.nizampide.com\/en\/yemeklerimiz\/pitas\/minced-pita\/"]}]},{"@type":"BreadcrumbList","@id":"https:\/\/www.nizampide.com\/en\/yemeklerimiz\/pitas\/minced-pita\/#breadcrumb","itemListElement":[{"@type":"ListItem","position":1,"name":"Ana sayfa","item":"https:\/\/www.nizampide.com\/"},{"@type":"ListItem","position":2,"name":"Yemeklerimiz","item":"https:\/\/www.nizampide.com\/yemeklerimiz\/"},{"@type":"ListItem","position":3,"name":"Minced Pita"}]},{"@type":"WebSite","@id":"https:\/\/www.nizampide.com\/#website","url":"https:\/\/www.nizampide.com\/","name":"Nizam Pide &amp; S\u00fctla\u00e7","description":"T\u00fcrkiye&#039;nin \u0130lk Tescilli Pidecisi","potentialAction":[{"@type":"SearchAction","target":{"@type":"EntryPoint","urlTemplate":"https:\/\/www.nizampide.com\/?s={search_term_string}"},"query-input":"required name=search_term_string"}],"inLanguage":"en-US"}]}},"_links":{"self":[{"href":"https:\/\/www.nizampide.com\/en\/wp-json\/wp\/v2\/product\/5727"}],"collection":[{"href":"https:\/\/www.nizampide.com\/en\/wp-json\/wp\/v2\/product"}],"about":[{"href":"https:\/\/www.nizampide.com\/en\/wp-json\/wp\/v2\/types\/product"}],"replies":[{"embeddable":true,"href":"https:\/\/www.nizampide.com\/en\/wp-json\/wp\/v2\/comments?post=5727"}],"wp:featuredmedia":[{"embeddable":true,"href":"https:\/\/www.nizampide.com\/en\/wp-json\/wp\/v2\/media\/4868"}],"wp:attachment":[{"href":"https:\/\/www.nizampide.com\/en\/wp-json\/wp\/v2\/media?parent=5727"}],"wp:term":[{"taxonomy":"product_cat","embeddable":true,"href":"https:\/\/www.nizampide.com\/en\/wp-json\/wp\/v2\/product_cat?post=5727"},{"taxonomy":"product_tag","embeddable":true,"href":"https:\/\/www.nizampide.com\/en\/wp-json\/wp\/v2\/product_tag?post=5727"}],"curies":[{"name":"wp","href":"https:\/\/api.w.org\/{rel}","templated":true}]}}