{"id":5729,"date":"2018-07-12T10:41:23","date_gmt":"2018-07-12T07:41:23","guid":{"rendered":"https:\/\/www.nizampide.com\/yemeklerimiz\/kategorilenmemis\/kusbasili-pide\/"},"modified":"2021-10-07T17:38:05","modified_gmt":"2021-10-07T14:38:05","slug":"cube-meat-pita","status":"publish","type":"product","link":"https:\/\/www.nizampide.com\/en\/yemeklerimiz\/pitas\/cube-meat-pita\/","title":{"rendered":"Cube Meat Pita"},"content":{"rendered":"<h3><strong>Cube Meat Pita<\/strong><\/h3>\n<p>We make sure to use local and organic materials in all our products. Turkey&#8217;s first registered pita maker Nizam Pide which We carefully select all stages of the pita. We are able to secure all the materials used in our pit cube meat pita from our producers and offer you with confidence and catch the same standard even though many years have passed. In our spacious spaces, we bring our cubic pita from the wood fire to our table as warm as possible.<\/p>\n<p>All the materials used in the cube meat pita are organic and Nizam Pide is trying to present the flavors that cannot be rejected by people who trust in the taste of the palate rather than being an ordinary one. Our hygiene-winning pita maker is always open to the control of our customers from kitchen to service. Since the 70s we try our best for reaching the best of the best about cooking pita for our welcomed customers.<\/p>\n<p>The secret of the cube meat pita specially prepared by our cook masters. These special pita combine with the flaky firewood of first-class quality to reveal this magnificent product.<br \/>\nTo try Nizam Pide&#8217;s all products belonging to the Black Sea region and to taste the cube meat pita, you can visit every day of the week on Istiklal Street, Galatasaray and one of our branches in Harbiye. If you want to eat your pita during business hours or if you want to bring it to your home, you can take a package service to Beyoglu, Taksim, Dolmabahce, Karakoy, Kabatas, \u015ei\u015fhane, Kasimpasa, Kurtulus, Nisantasi and Be\u015fiktas regions. You can order every day of the week. Cube meat pita is a product that needs to be consumed hot, so our couriers are brought in special protective packages that prevent both rapid and cooling.<\/p>\n<p><span style=\"font-size: xx-small; color: #b2292e;\"><strong>All Rights Reserved. Copyright\u00a0\u00a9 Nizam Pide &#038; S\u00fctla\u00e7<\/strong><\/span><br \/>\n<span style=\"font-size: xx-small;\">Using, copying, reproduction and publication of the  photographs of productions other than the information of Nizam Pide &#038; S\u00fctlac are prohibited. To whom do unauthorized copying or duplication. Legal action will be taken in line with the rights recognized in the Turkish Republic Constitution.<\/span><\/p>\n","protected":false},"excerpt":{"rendered":"<p>A wonderful flavor for plain pita lovers. The chops made from the special meats of our daily and local lamb meats from the Rize region come together in a special wood fire, and this massive cube meat pita emerges.<br \/>\n<img loading=\"lazy\" decoding=\"async\" class=\"alignnone size-full wp-image-4858\" src=\"https:\/\/www.nizampide.com\/wp-content\/uploads\/2018\/08\/nizam-pide-s\u00fctla\u00e7-turkish-meals-simge.png\" alt=\"Turkish Meals - Madonna Lily Hygiene Certificate\" width=\"255\" height=\"170\" \/><\/p>\n","protected":false},"featured_media":4865,"comment_status":"closed","ping_status":"closed","template":"","meta":[],"product_cat":[176],"product_tag":[177,199,179,180,181,138,137,182],"yoast_head":"<!-- This site is optimized with the Yoast SEO plugin v22.0 - https:\/\/yoast.com\/wordpress\/plugins\/seo\/ -->\n<title>Cube Meat Pita - Nizam Pide &amp; S\u00fctla\u00e7<\/title>\n<meta name=\"description\" content=\"To try Nizam Pide&#039;s all products belonging to the Black Sea region and to taste the cube meat pita, you can visit every day of the week on Istiklal Street\" \/>\n<meta name=\"robots\" content=\"index, follow, max-snippet:-1, max-image-preview:large, max-video-preview:-1\" \/>\n<link rel=\"canonical\" href=\"https:\/\/www.nizampide.com\/yemeklerimiz\/pide\/kusbasili-pide\/\" \/>\n<meta property=\"og:locale\" content=\"en_US\" \/>\n<meta property=\"og:type\" content=\"article\" \/>\n<meta property=\"og:title\" content=\"Cube Meat Pita - Nizam Pide &amp; S\u00fctla\u00e7\" \/>\n<meta property=\"og:description\" content=\"To try Nizam Pide&#039;s all products belonging to the Black Sea region and to taste the cube meat pita, you can visit every day of the week on Istiklal Street\" \/>\n<meta property=\"og:url\" content=\"https:\/\/www.nizampide.com\/yemeklerimiz\/pide\/kusbasili-pide\/\" \/>\n<meta property=\"og:site_name\" content=\"Nizam Pide &amp; S\u00fctla\u00e7\" \/>\n<meta property=\"article:modified_time\" content=\"2021-10-07T14:38:05+00:00\" \/>\n<meta property=\"og:image\" content=\"https:\/\/www.nizampide.com\/wp-content\/uploads\/2018\/07\/ku\u015fba\u015f\u0131l\u0131-pide-nizam-pide-s\u00fctla\u00e7-istanbul-beyo\u011flu.jpg\" \/>\n\t<meta property=\"og:image:width\" content=\"850\" \/>\n\t<meta property=\"og:image:height\" content=\"850\" \/>\n\t<meta property=\"og:image:type\" content=\"image\/jpeg\" \/>\n<meta name=\"twitter:card\" content=\"summary_large_image\" \/>\n<meta name=\"twitter:label1\" content=\"Est. reading time\" \/>\n\t<meta name=\"twitter:data1\" content=\"2 minutes\" \/>\n<script type=\"application\/ld+json\" class=\"yoast-schema-graph\">{\"@context\":\"https:\/\/schema.org\",\"@graph\":[{\"@type\":\"WebPage\",\"@id\":\"https:\/\/www.nizampide.com\/yemeklerimiz\/pide\/kusbasili-pide\/\",\"url\":\"https:\/\/www.nizampide.com\/yemeklerimiz\/pide\/kusbasili-pide\/\",\"name\":\"Cube Meat Pita - Nizam Pide &amp; S\u00fctla\u00e7\",\"isPartOf\":{\"@id\":\"https:\/\/www.nizampide.com\/#website\"},\"datePublished\":\"2018-07-12T07:41:23+00:00\",\"dateModified\":\"2021-10-07T14:38:05+00:00\",\"description\":\"To try Nizam Pide's all products belonging to the Black Sea region and to taste the cube meat pita, you can visit every day of the week on Istiklal Street\",\"breadcrumb\":{\"@id\":\"https:\/\/www.nizampide.com\/yemeklerimiz\/pide\/kusbasili-pide\/#breadcrumb\"},\"inLanguage\":\"en-US\",\"potentialAction\":[{\"@type\":\"ReadAction\",\"target\":[\"https:\/\/www.nizampide.com\/yemeklerimiz\/pide\/kusbasili-pide\/\"]}]},{\"@type\":\"BreadcrumbList\",\"@id\":\"https:\/\/www.nizampide.com\/yemeklerimiz\/pide\/kusbasili-pide\/#breadcrumb\",\"itemListElement\":[{\"@type\":\"ListItem\",\"position\":1,\"name\":\"Ana sayfa\",\"item\":\"https:\/\/www.nizampide.com\/\"},{\"@type\":\"ListItem\",\"position\":2,\"name\":\"Yemeklerimiz\",\"item\":\"https:\/\/www.nizampide.com\/yemeklerimiz\/\"},{\"@type\":\"ListItem\",\"position\":3,\"name\":\"Cube Meat Pita\"}]},{\"@type\":\"WebSite\",\"@id\":\"https:\/\/www.nizampide.com\/#website\",\"url\":\"https:\/\/www.nizampide.com\/\",\"name\":\"Nizam Pide &amp; S\u00fctla\u00e7\",\"description\":\"T\u00fcrkiye&#039;nin \u0130lk Tescilli Pidecisi\",\"potentialAction\":[{\"@type\":\"SearchAction\",\"target\":{\"@type\":\"EntryPoint\",\"urlTemplate\":\"https:\/\/www.nizampide.com\/?s={search_term_string}\"},\"query-input\":\"required name=search_term_string\"}],\"inLanguage\":\"en-US\"}]}<\/script>\n<!-- \/ Yoast SEO plugin. -->","yoast_head_json":{"title":"Cube Meat Pita - Nizam Pide &amp; S\u00fctla\u00e7","description":"To try Nizam Pide's all products belonging to the Black Sea region and to taste the cube meat pita, you can visit every day of the week on Istiklal Street","robots":{"index":"index","follow":"follow","max-snippet":"max-snippet:-1","max-image-preview":"max-image-preview:large","max-video-preview":"max-video-preview:-1"},"canonical":"https:\/\/www.nizampide.com\/yemeklerimiz\/pide\/kusbasili-pide\/","og_locale":"en_US","og_type":"article","og_title":"Cube Meat Pita - Nizam Pide &amp; S\u00fctla\u00e7","og_description":"To try Nizam Pide's all products belonging to the Black Sea region and to taste the cube meat pita, you can visit every day of the week on Istiklal Street","og_url":"https:\/\/www.nizampide.com\/yemeklerimiz\/pide\/kusbasili-pide\/","og_site_name":"Nizam Pide &amp; S\u00fctla\u00e7","article_modified_time":"2021-10-07T14:38:05+00:00","og_image":[{"width":850,"height":850,"url":"https:\/\/www.nizampide.com\/wp-content\/uploads\/2018\/07\/ku\u015fba\u015f\u0131l\u0131-pide-nizam-pide-s\u00fctla\u00e7-istanbul-beyo\u011flu.jpg","type":"image\/jpeg"}],"twitter_card":"summary_large_image","twitter_misc":{"Est. reading time":"2 minutes"},"schema":{"@context":"https:\/\/schema.org","@graph":[{"@type":"WebPage","@id":"https:\/\/www.nizampide.com\/yemeklerimiz\/pide\/kusbasili-pide\/","url":"https:\/\/www.nizampide.com\/yemeklerimiz\/pide\/kusbasili-pide\/","name":"Cube Meat Pita - Nizam Pide &amp; S\u00fctla\u00e7","isPartOf":{"@id":"https:\/\/www.nizampide.com\/#website"},"datePublished":"2018-07-12T07:41:23+00:00","dateModified":"2021-10-07T14:38:05+00:00","description":"To try Nizam Pide's all products belonging to the Black Sea region and to taste the cube meat pita, you can visit every day of the week on Istiklal Street","breadcrumb":{"@id":"https:\/\/www.nizampide.com\/yemeklerimiz\/pide\/kusbasili-pide\/#breadcrumb"},"inLanguage":"en-US","potentialAction":[{"@type":"ReadAction","target":["https:\/\/www.nizampide.com\/yemeklerimiz\/pide\/kusbasili-pide\/"]}]},{"@type":"BreadcrumbList","@id":"https:\/\/www.nizampide.com\/yemeklerimiz\/pide\/kusbasili-pide\/#breadcrumb","itemListElement":[{"@type":"ListItem","position":1,"name":"Ana sayfa","item":"https:\/\/www.nizampide.com\/"},{"@type":"ListItem","position":2,"name":"Yemeklerimiz","item":"https:\/\/www.nizampide.com\/yemeklerimiz\/"},{"@type":"ListItem","position":3,"name":"Cube Meat Pita"}]},{"@type":"WebSite","@id":"https:\/\/www.nizampide.com\/#website","url":"https:\/\/www.nizampide.com\/","name":"Nizam Pide &amp; S\u00fctla\u00e7","description":"T\u00fcrkiye&#039;nin \u0130lk Tescilli Pidecisi","potentialAction":[{"@type":"SearchAction","target":{"@type":"EntryPoint","urlTemplate":"https:\/\/www.nizampide.com\/?s={search_term_string}"},"query-input":"required name=search_term_string"}],"inLanguage":"en-US"}]}},"_links":{"self":[{"href":"https:\/\/www.nizampide.com\/en\/wp-json\/wp\/v2\/product\/5729"}],"collection":[{"href":"https:\/\/www.nizampide.com\/en\/wp-json\/wp\/v2\/product"}],"about":[{"href":"https:\/\/www.nizampide.com\/en\/wp-json\/wp\/v2\/types\/product"}],"replies":[{"embeddable":true,"href":"https:\/\/www.nizampide.com\/en\/wp-json\/wp\/v2\/comments?post=5729"}],"wp:featuredmedia":[{"embeddable":true,"href":"https:\/\/www.nizampide.com\/en\/wp-json\/wp\/v2\/media\/4865"}],"wp:attachment":[{"href":"https:\/\/www.nizampide.com\/en\/wp-json\/wp\/v2\/media?parent=5729"}],"wp:term":[{"taxonomy":"product_cat","embeddable":true,"href":"https:\/\/www.nizampide.com\/en\/wp-json\/wp\/v2\/product_cat?post=5729"},{"taxonomy":"product_tag","embeddable":true,"href":"https:\/\/www.nizampide.com\/en\/wp-json\/wp\/v2\/product_tag?post=5729"}],"curies":[{"name":"wp","href":"https:\/\/api.w.org\/{rel}","templated":true}]}}