{"id":5733,"date":"2017-04-22T15:30:11","date_gmt":"2017-04-22T12:30:11","guid":{"rendered":"https:\/\/www.nizampide.com\/yemeklerimiz\/kategorilenmemis\/kavurmali-kasarli-pide\/"},"modified":"2021-10-07T17:38:16","modified_gmt":"2021-10-07T14:38:16","slug":"roasted-kashar-cheesed-pita","status":"publish","type":"product","link":"https:\/\/www.nizampide.com\/en\/yemeklerimiz\/pitas\/roasted-kashar-cheesed-pita\/","title":{"rendered":"Roasted Kashar Cheesed Pita"},"content":{"rendered":"<h3><strong>Roasted Kashar Cheesed Pita<\/strong><\/h3>\n<p>Turkey&#8217;s first registered as pita maker Nizam Pide will allow you to taste wonderful pitas. The taste of our pitas, from which roasting comes from Rize and all the materials used are bought from the local region, comes from quality materials. We never prefer ready-made products and we offer our organic food-loving customers the best that can be served in our country.<\/p>\n<p>For those who love the Black Sea Region dishes or are interested in the flavors of that dish, the roasted kashar cheesed pita will be a great start. Our skilled ovens are cooked in our special ovens heated only by wood fire. You will understand the quality of the first class ingredients and the source of that wonderful fragrance with your first try, but you will not know when the pita is finished. Do not stay away from this delicacy to pamper yourself with the grapes and ice-cold ayran.<\/p>\n<p>Nizam Pide is certified with white hygiene certificate and quality; It works with customer satisfaction and 100% hygiene principle from kitchen to service personnel. You can see and navigate every aspect of Nizam Pide as you wish. All of our Black Sean masters working in the kitchen have grown up in local flavors, and this is our colleagues who are doing this job with pleasure. We have become a habit to bring out wonderful tastes with the quality of our materials and the sacrifice of our Black Sea masters.<\/p>\n<p>For the time being Nizam Pide is serving you only in \u0130stiklal Street, Galatasaray and Harbiye districts and is hosting every day of the week. Apart from this, we have fast service on Beyoglu, Taksim, Dolmabah\u00e7e, Karakoy, Kabatas, \u015ei\u015fhane, Kas\u0131mpa\u015fa, Kurtulu\u015f, Ni\u015fanta\u015f\u0131, Be\u015fikta\u015f districts. All our products are delivered to you in special packages that keep the temperature, please contact us now to order roasted kashar-cheese pita. <\/p>\n<p><span style=\"font-size: xx-small; color: #b2292e;\"><strong>All Rights Reserved. Copyright\u00a0\u00a9 Nizam Pide &#038; S\u00fctla\u00e7<\/strong><\/span><br \/>\n<span style=\"font-size: xx-small;\">Using, copying, reproduction and publication of the  photographs of productions other than the information of Nizam Pide &#038; S\u00fctlac are prohibited. To whom do unauthorized copying or duplication. Legal action will be taken in line with the rights recognized in the Turkish Republic Constitution.<\/span><\/p>\n","protected":false},"excerpt":{"rendered":"<p>Our roasted kashar cheese pita has an exquisite taste of Rize&#8217;s famous scallops and fresh kashar. You will be able to understand and addicted to the reason why the Nizam Pide is so much preferred over the abundant scabbard pides. We guarantee this.<br \/>\n<img loading=\"lazy\" decoding=\"async\" class=\"alignnone size-full wp-image-4858\" src=\"https:\/\/www.nizampide.com\/wp-content\/uploads\/2018\/08\/nizam-pide-s\u00fctla\u00e7-turkish-meals-simge.png\" alt=\"Turkish Meals - Madonna Lily Hygiene Certificate\" width=\"255\" height=\"170\" \/><\/p>\n","protected":false},"featured_media":4853,"comment_status":"closed","ping_status":"closed","template":"","meta":[],"product_cat":[176],"product_tag":[200,186,201,202,178,179,180,181,138,137,182],"yoast_head":"<!-- This site is optimized with the Yoast SEO plugin v22.0 - https:\/\/yoast.com\/wordpress\/plugins\/seo\/ -->\n<title>Roasted Kashar Cheesed Pita - Nizam Pide &amp; S\u00fctla\u00e7<\/title>\n<meta name=\"description\" content=\"For those who love the Black Sea Region dishes or are interested in the flavors of that dish, the roasted kashar cheesed pita will be a great start.\" \/>\n<meta name=\"robots\" content=\"index, follow, max-snippet:-1, max-image-preview:large, max-video-preview:-1\" \/>\n<link rel=\"canonical\" href=\"https:\/\/www.nizampide.com\/yemeklerimiz\/pide\/kavurmali-kasarli-pide\/\" \/>\n<meta property=\"og:locale\" content=\"en_US\" \/>\n<meta property=\"og:type\" content=\"article\" \/>\n<meta property=\"og:title\" content=\"Roasted Kashar Cheesed Pita - Nizam Pide &amp; S\u00fctla\u00e7\" \/>\n<meta property=\"og:description\" content=\"For those who love the Black Sea Region dishes or are interested in the flavors of that dish, the roasted kashar cheesed pita will be a great start.\" \/>\n<meta property=\"og:url\" content=\"https:\/\/www.nizampide.com\/yemeklerimiz\/pide\/kavurmali-kasarli-pide\/\" \/>\n<meta property=\"og:site_name\" content=\"Nizam Pide &amp; S\u00fctla\u00e7\" \/>\n<meta property=\"article:modified_time\" content=\"2021-10-07T14:38:16+00:00\" \/>\n<meta property=\"og:image\" content=\"https:\/\/www.nizampide.com\/wp-content\/uploads\/2017\/04\/kavurmal\u0131-ka\u015farl\u0131-tereya\u011fl\u0131-pide-nizam-pide-s\u00fctla\u00e7-istanbul-beyo\u011flu.jpg\" \/>\n\t<meta property=\"og:image:width\" content=\"850\" \/>\n\t<meta property=\"og:image:height\" content=\"850\" \/>\n\t<meta property=\"og:image:type\" content=\"image\/jpeg\" \/>\n<meta name=\"twitter:card\" content=\"summary_large_image\" \/>\n<meta name=\"twitter:label1\" content=\"Est. reading time\" \/>\n\t<meta name=\"twitter:data1\" content=\"2 minutes\" \/>\n<script type=\"application\/ld+json\" class=\"yoast-schema-graph\">{\"@context\":\"https:\/\/schema.org\",\"@graph\":[{\"@type\":\"WebPage\",\"@id\":\"https:\/\/www.nizampide.com\/yemeklerimiz\/pide\/kavurmali-kasarli-pide\/\",\"url\":\"https:\/\/www.nizampide.com\/yemeklerimiz\/pide\/kavurmali-kasarli-pide\/\",\"name\":\"Roasted Kashar Cheesed Pita - Nizam Pide &amp; S\u00fctla\u00e7\",\"isPartOf\":{\"@id\":\"https:\/\/www.nizampide.com\/#website\"},\"datePublished\":\"2017-04-22T12:30:11+00:00\",\"dateModified\":\"2021-10-07T14:38:16+00:00\",\"description\":\"For those who love the Black Sea Region dishes or are interested in the flavors of that dish, the roasted kashar cheesed pita will be a great start.\",\"breadcrumb\":{\"@id\":\"https:\/\/www.nizampide.com\/yemeklerimiz\/pide\/kavurmali-kasarli-pide\/#breadcrumb\"},\"inLanguage\":\"en-US\",\"potentialAction\":[{\"@type\":\"ReadAction\",\"target\":[\"https:\/\/www.nizampide.com\/yemeklerimiz\/pide\/kavurmali-kasarli-pide\/\"]}]},{\"@type\":\"BreadcrumbList\",\"@id\":\"https:\/\/www.nizampide.com\/yemeklerimiz\/pide\/kavurmali-kasarli-pide\/#breadcrumb\",\"itemListElement\":[{\"@type\":\"ListItem\",\"position\":1,\"name\":\"Ana sayfa\",\"item\":\"https:\/\/www.nizampide.com\/\"},{\"@type\":\"ListItem\",\"position\":2,\"name\":\"Yemeklerimiz\",\"item\":\"https:\/\/www.nizampide.com\/yemeklerimiz\/\"},{\"@type\":\"ListItem\",\"position\":3,\"name\":\"Roasted Kashar Cheesed Pita\"}]},{\"@type\":\"WebSite\",\"@id\":\"https:\/\/www.nizampide.com\/#website\",\"url\":\"https:\/\/www.nizampide.com\/\",\"name\":\"Nizam Pide &amp; S\u00fctla\u00e7\",\"description\":\"T\u00fcrkiye&#039;nin \u0130lk Tescilli Pidecisi\",\"potentialAction\":[{\"@type\":\"SearchAction\",\"target\":{\"@type\":\"EntryPoint\",\"urlTemplate\":\"https:\/\/www.nizampide.com\/?s={search_term_string}\"},\"query-input\":\"required name=search_term_string\"}],\"inLanguage\":\"en-US\"}]}<\/script>\n<!-- \/ Yoast SEO plugin. -->","yoast_head_json":{"title":"Roasted Kashar Cheesed Pita - Nizam Pide &amp; S\u00fctla\u00e7","description":"For those who love the Black Sea Region dishes or are interested in the flavors of that dish, the roasted kashar cheesed pita will be a great start.","robots":{"index":"index","follow":"follow","max-snippet":"max-snippet:-1","max-image-preview":"max-image-preview:large","max-video-preview":"max-video-preview:-1"},"canonical":"https:\/\/www.nizampide.com\/yemeklerimiz\/pide\/kavurmali-kasarli-pide\/","og_locale":"en_US","og_type":"article","og_title":"Roasted Kashar Cheesed Pita - Nizam Pide &amp; S\u00fctla\u00e7","og_description":"For those who love the Black Sea Region dishes or are interested in the flavors of that dish, the roasted kashar cheesed pita will be a great start.","og_url":"https:\/\/www.nizampide.com\/yemeklerimiz\/pide\/kavurmali-kasarli-pide\/","og_site_name":"Nizam Pide &amp; S\u00fctla\u00e7","article_modified_time":"2021-10-07T14:38:16+00:00","og_image":[{"width":850,"height":850,"url":"https:\/\/www.nizampide.com\/wp-content\/uploads\/2017\/04\/kavurmal\u0131-ka\u015farl\u0131-tereya\u011fl\u0131-pide-nizam-pide-s\u00fctla\u00e7-istanbul-beyo\u011flu.jpg","type":"image\/jpeg"}],"twitter_card":"summary_large_image","twitter_misc":{"Est. reading time":"2 minutes"},"schema":{"@context":"https:\/\/schema.org","@graph":[{"@type":"WebPage","@id":"https:\/\/www.nizampide.com\/yemeklerimiz\/pide\/kavurmali-kasarli-pide\/","url":"https:\/\/www.nizampide.com\/yemeklerimiz\/pide\/kavurmali-kasarli-pide\/","name":"Roasted Kashar Cheesed Pita - Nizam Pide &amp; S\u00fctla\u00e7","isPartOf":{"@id":"https:\/\/www.nizampide.com\/#website"},"datePublished":"2017-04-22T12:30:11+00:00","dateModified":"2021-10-07T14:38:16+00:00","description":"For those who love the Black Sea Region dishes or are interested in the flavors of that dish, the roasted kashar cheesed pita will be a great start.","breadcrumb":{"@id":"https:\/\/www.nizampide.com\/yemeklerimiz\/pide\/kavurmali-kasarli-pide\/#breadcrumb"},"inLanguage":"en-US","potentialAction":[{"@type":"ReadAction","target":["https:\/\/www.nizampide.com\/yemeklerimiz\/pide\/kavurmali-kasarli-pide\/"]}]},{"@type":"BreadcrumbList","@id":"https:\/\/www.nizampide.com\/yemeklerimiz\/pide\/kavurmali-kasarli-pide\/#breadcrumb","itemListElement":[{"@type":"ListItem","position":1,"name":"Ana sayfa","item":"https:\/\/www.nizampide.com\/"},{"@type":"ListItem","position":2,"name":"Yemeklerimiz","item":"https:\/\/www.nizampide.com\/yemeklerimiz\/"},{"@type":"ListItem","position":3,"name":"Roasted Kashar Cheesed Pita"}]},{"@type":"WebSite","@id":"https:\/\/www.nizampide.com\/#website","url":"https:\/\/www.nizampide.com\/","name":"Nizam Pide &amp; S\u00fctla\u00e7","description":"T\u00fcrkiye&#039;nin \u0130lk Tescilli Pidecisi","potentialAction":[{"@type":"SearchAction","target":{"@type":"EntryPoint","urlTemplate":"https:\/\/www.nizampide.com\/?s={search_term_string}"},"query-input":"required name=search_term_string"}],"inLanguage":"en-US"}]}},"_links":{"self":[{"href":"https:\/\/www.nizampide.com\/en\/wp-json\/wp\/v2\/product\/5733"}],"collection":[{"href":"https:\/\/www.nizampide.com\/en\/wp-json\/wp\/v2\/product"}],"about":[{"href":"https:\/\/www.nizampide.com\/en\/wp-json\/wp\/v2\/types\/product"}],"replies":[{"embeddable":true,"href":"https:\/\/www.nizampide.com\/en\/wp-json\/wp\/v2\/comments?post=5733"}],"wp:featuredmedia":[{"embeddable":true,"href":"https:\/\/www.nizampide.com\/en\/wp-json\/wp\/v2\/media\/4853"}],"wp:attachment":[{"href":"https:\/\/www.nizampide.com\/en\/wp-json\/wp\/v2\/media?parent=5733"}],"wp:term":[{"taxonomy":"product_cat","embeddable":true,"href":"https:\/\/www.nizampide.com\/en\/wp-json\/wp\/v2\/product_cat?post=5733"},{"taxonomy":"product_tag","embeddable":true,"href":"https:\/\/www.nizampide.com\/en\/wp-json\/wp\/v2\/product_tag?post=5733"}],"curies":[{"name":"wp","href":"https:\/\/api.w.org\/{rel}","templated":true}]}}